{"id":3721,"date":"2023-05-26T09:46:57","date_gmt":"2023-05-26T09:46:57","guid":{"rendered":"https:\/\/yecora.com\/declaration-daccessibilite\/"},"modified":"2023-07-27T19:01:07","modified_gmt":"2023-07-27T19:01:07","slug":"declaration-daccessibilite","status":"publish","type":"page","link":"https:\/\/yecora.com\/fr\/declaration-daccessibilite\/","title":{"rendered":"D\u00e9claration d&rsquo;accessibilit\u00e9"},"content":{"rendered":"<div class=\"gb-container gb-container-01cdf9ed\">\n\n<p>L&rsquo;Agence des brevets Yecora s&rsquo;est engag\u00e9e \u00e0 rendre son site Web accessible conform\u00e9ment au d\u00e9cret royal 1112\/2018 du 7 septembre sur l&rsquo;accessibilit\u00e9 des sites Web et des applications pour les appareils mobiles du secteur public (ci-apr\u00e8s, le d\u00e9cret royal 1112\/2018 du 7 septembre).<\/p>\n\n\n\n<p>Cette d\u00e9claration d&rsquo;accessibilit\u00e9 s&rsquo;applique au site Web https:\/\/yecora.com (les sous-domaines de ce site Web auront leurs propres d\u00e9clarations d&rsquo;accessibilit\u00e9).<br\/>Statut de conformit\u00e9<\/p>\n\n\n\n<p>Ce site Web est partiellement conforme au d\u00e9cret royal 1112\/2018 du 7 septembre, en raison de la non-conformit\u00e9 des aspects indiqu\u00e9s ci-dessous.<\/p>\n\n\n\n<h2 class=\"gb-headline gb-headline-cbc49f28 gb-headline-text\">Contenu non accessible<\/h2>\n\n\n\n<p>Le contenu r\u00e9pertori\u00e9 ci-dessous n&rsquo;est pas accessible pour les \u00e9l\u00e9ments suivants\u00a0:<\/p>\n\n\n\n<p>Non-conformit\u00e9 avec le d\u00e9cret royal 1112\/2018 du 7 septembre\u00a0: il pourrait y avoir des erreurs d&rsquo;\u00e9dition sp\u00e9cifiques sur certaines pages Web, tant dans le contenu HTML que dans les documents finaux, publi\u00e9s apr\u00e8s le 20 septembre 2018 (date d&rsquo;entr\u00e9e en vigueur du d\u00e9cret royal 1112\/ 2018, du 7 septembre). Plus pr\u00e9cis\u00e9ment, il peut y avoir des erreurs dans les documents contenant des graphiques, des tableaux complexes ou ceux qui sont sign\u00e9s \u00e9lectroniquement avant leur examen d&rsquo;accessibilit\u00e9.<br\/>Charge disproportionn\u00e9e : Sans objet.<\/p>\n\n\n\n<h2 class=\"gb-headline gb-headline-b9a9e95f gb-headline-text\">Pr\u00e9paration de cette d\u00e9claration d&rsquo;accessibilit\u00e9<\/h2>\n\n\n\n<p>Cette d\u00e9claration a \u00e9t\u00e9 pr\u00e9par\u00e9e le 3 avril 2023.<\/p>\n\n\n\n<p>La m\u00e9thode utilis\u00e9e pour pr\u00e9parer la d\u00e9claration \u00e9tait une auto-\u00e9valuation r\u00e9alis\u00e9e par la soci\u00e9t\u00e9 Erigin Creacions SL.<\/p>\n\n\n\n<p>Derni\u00e8re r\u00e9vision de la d\u00e9claration\u00a0: 3 avril 2023<\/p>\n\n\n\n<h2 class=\"gb-headline gb-headline-4a6e8014 gb-headline-text\">Observations et coordonn\u00e9es<\/h2>\n\n\n\n<p>Vous pouvez faire des communications sur les exigences d&rsquo;accessibilit\u00e9 (article 10.2.a du d\u00e9cret royal 1112\/2018, du 7 septembre) telles que, par exemple\u00a0:<\/p>\n\n\n\n<p>Signaler toute non-conformit\u00e9 \u00e9ventuelle de la part de ce site.<br\/>Transmettre d&rsquo;autres difficult\u00e9s d&rsquo;acc\u00e8s au contenu.<br\/>Formuler toute autre question ou suggestion d&rsquo;am\u00e9lioration li\u00e9e \u00e0 l&rsquo;accessibilit\u00e9 du site Web.<\/p>\n\n\n\n<p>Par les voies suivantes :<\/p>\n\n\n\n<p>T\u00e9l\u00e9phones : +34 93 215 00 00<\/p>\n\n\n\n<p>Les communications seront re\u00e7ues et trait\u00e9es par la soci\u00e9t\u00e9 Yecora Patent Agency, en tant qu&rsquo;unit\u00e9 responsable du contenu de ce site Web.<\/p>\n\n\n\n<p>Vous pouvez \u00e9galement demander dans un format accessible des informations qui ne r\u00e9pondent pas aux exigences d&rsquo;accessibilit\u00e9 soit parce qu&rsquo;elles sont exclues, soit parce qu&rsquo;elles sont exempt\u00e9es en raison d&rsquo;une charge disproportionn\u00e9e\u00a0; ou d\u00e9poser une plainte pour non-conformit\u00e9 aux exigences d&rsquo;accessibilit\u00e9. Lien vers la proc\u00e9dure de demande d&rsquo;informations accessibles et de r\u00e9clamations (12 du d\u00e9cret royal 1112\/2018, du 7 septembre).<\/p>\n\n\n\n<h2 class=\"gb-headline gb-headline-2735000f gb-headline-text\">Proc\u00e9dure de demande<\/h2>\n\n\n\n<p>Gr\u00e2ce \u00e0 cette proc\u00e9dure, vous pouvez introduire une r\u00e9clamation pour conna\u00eetre et vous opposer aux motifs du rejet d&rsquo;une demande d&rsquo;information accessible ou d&rsquo;une plainte, demander l&rsquo;adoption des mesures appropri\u00e9es dans le cas o\u00f9 vous n&rsquo;\u00eates pas d&rsquo;accord avec la d\u00e9cision adopt\u00e9e, ou exposer les motifs pourquoi il est consid\u00e9r\u00e9 que la r\u00e9ponse ne r\u00e9pond pas aux exigences requises.<\/p>\n\n\n\n<h2 class=\"gb-headline gb-headline-cb949133 gb-headline-text\">Contenu facultatif<\/h2>\n\n\n\n<p>La version actuellement visible de ce site Web date d&rsquo;avril 2023 et \u00e0 cette date, la r\u00e9vision du niveau d&rsquo;accessibilit\u00e9 en vigueur \u00e0 l&rsquo;\u00e9poque a \u00e9t\u00e9 effectu\u00e9e.<\/p>\n\n\n\n<p>\u00c0 partir de cette date, des r\u00e9visions partielles quotidiennes du contenu Web nouveau ou modifi\u00e9 sont effectu\u00e9es, tant des mod\u00e8les que des pages et des documents finaux publi\u00e9s, afin de garantir le respect des exigences d&rsquo;accessibilit\u00e9 de la norme UNE-EN 301549\u00a0: 2019, compte tenu des exceptions du d\u00e9cret royal 1112\/2018 du 7 septembre.<\/p>\n\n\n\n<p>Entre autres, les mesures suivantes sont adopt\u00e9es pour faciliter l&rsquo;accessibilit\u00e9 :<\/p>\n\n\n\n<p>Utilisation de texte alternatif dans les images<br\/>Les liens offrent des d\u00e9tails sur la fonction ou la destination du lien hypertexte<br\/>Utilisation des standards W3C : XHTML 1.0, CSS 3.0, WAI AA.<\/p>\n\n\n\n<p>Derni\u00e8re modification : 23\/05\/2023<\/p>\n\n<\/div>","protected":false},"excerpt":{"rendered":"<p>L&rsquo;Agence des brevets Yecora s&rsquo;est engag\u00e9e \u00e0 rendre son site Web accessible conform\u00e9ment au d\u00e9cret royal 1112\/2018 du 7 septembre sur l&rsquo;accessibilit\u00e9 des sites Web et des applications pour les &#8230; <\/p>\n<p class=\"read-more-container\"><a title=\"D\u00e9claration d&rsquo;accessibilit\u00e9\" class=\"read-more button\" href=\"https:\/\/yecora.com\/fr\/declaration-daccessibilite\/#more-3721\" aria-label=\"En savoir plus sur D\u00e9claration d&rsquo;accessibilit\u00e9\">lire plus<\/a><\/p>\n","protected":false},"author":1,"featured_media":3375,"parent":0,"menu_order":0,"comment_status":"closed","ping_status":"closed","template":"","meta":{"om_disable_all_campaigns":false,"_monsterinsights_skip_tracking":false,"_monsterinsights_sitenote_active":false,"_monsterinsights_sitenote_note":"","_monsterinsights_sitenote_category":0,"footnotes":""},"class_list":{"0":"post-3721","1":"page","2":"type-page","3":"status-publish","4":"has-post-thumbnail","6":"infinite-scroll-item","7":"resize-featured-image"},"yoast_head":"<!-- This site is optimized with the Yoast SEO plugin v24.2 - https:\/\/yoast.com\/wordpress\/plugins\/seo\/ -->\n<title>D\u00e9claration d&#039;accessibilit\u00e9 - Yecora Patent Agency<\/title>\n<meta name=\"robots\" content=\"index, follow, max-snippet:-1, max-image-preview:large, max-video-preview:-1\" \/>\n<link rel=\"canonical\" href=\"https:\/\/yecora.com\/fr\/declaration-daccessibilite\/\" \/>\n<meta property=\"og:locale\" content=\"fr_FR\" \/>\n<meta property=\"og:type\" content=\"article\" \/>\n<meta property=\"og:title\" content=\"D\u00e9claration d&#039;accessibilit\u00e9 - Yecora Patent Agency\" \/>\n<meta property=\"og:description\" content=\"L&rsquo;Agence des brevets Yecora s&rsquo;est engag\u00e9e \u00e0 rendre son site Web accessible conform\u00e9ment au d\u00e9cret royal 1112\/2018 du 7 septembre sur l&rsquo;accessibilit\u00e9 des sites Web et des applications pour les ... lire plus\" \/>\n<meta property=\"og:url\" content=\"https:\/\/yecora.com\/fr\/declaration-daccessibilite\/\" \/>\n<meta property=\"og:site_name\" content=\"Yecora Patent Agency\" \/>\n<meta property=\"article:modified_time\" content=\"2023-07-27T19:01:07+00:00\" \/>\n<meta property=\"og:image\" content=\"https:\/\/yecora.com\/wp-content\/uploads\/2023\/07\/foto-yecora-portada-patents-marques-barcelona.jpg\" \/>\n\t<meta property=\"og:image:width\" content=\"1800\" \/>\n\t<meta property=\"og:image:height\" content=\"779\" \/>\n\t<meta property=\"og:image:type\" content=\"image\/jpeg\" \/>\n<meta name=\"twitter:card\" content=\"summary_large_image\" \/>\n<meta name=\"twitter:label1\" content=\"Dur\u00e9e de lecture estim\u00e9e\" \/>\n\t<meta name=\"twitter:data1\" content=\"3 minutes\" \/>\n<script type=\"application\/ld+json\" class=\"yoast-schema-graph\">{\"@context\":\"https:\/\/schema.org\",\"@graph\":[{\"@type\":\"WebPage\",\"@id\":\"https:\/\/yecora.com\/fr\/declaration-daccessibilite\/\",\"url\":\"https:\/\/yecora.com\/fr\/declaration-daccessibilite\/\",\"name\":\"D\u00e9claration d'accessibilit\u00e9 - Yecora Patent Agency\",\"isPartOf\":{\"@id\":\"https:\/\/yecora.com\/#website\"},\"primaryImageOfPage\":{\"@id\":\"https:\/\/yecora.com\/fr\/declaration-daccessibilite\/#primaryimage\"},\"image\":{\"@id\":\"https:\/\/yecora.com\/fr\/declaration-daccessibilite\/#primaryimage\"},\"thumbnailUrl\":\"https:\/\/yecora.com\/wp-content\/uploads\/2023\/07\/foto-yecora-portada-patents-marques-barcelona.jpg\",\"datePublished\":\"2023-05-26T09:46:57+00:00\",\"dateModified\":\"2023-07-27T19:01:07+00:00\",\"breadcrumb\":{\"@id\":\"https:\/\/yecora.com\/fr\/declaration-daccessibilite\/#breadcrumb\"},\"inLanguage\":\"fr-FR\",\"potentialAction\":[{\"@type\":\"ReadAction\",\"target\":[\"https:\/\/yecora.com\/fr\/declaration-daccessibilite\/\"]}]},{\"@type\":\"ImageObject\",\"inLanguage\":\"fr-FR\",\"@id\":\"https:\/\/yecora.com\/fr\/declaration-daccessibilite\/#primaryimage\",\"url\":\"https:\/\/yecora.com\/wp-content\/uploads\/2023\/07\/foto-yecora-portada-patents-marques-barcelona.jpg\",\"contentUrl\":\"https:\/\/yecora.com\/wp-content\/uploads\/2023\/07\/foto-yecora-portada-patents-marques-barcelona.jpg\",\"width\":1800,\"height\":779},{\"@type\":\"BreadcrumbList\",\"@id\":\"https:\/\/yecora.com\/fr\/declaration-daccessibilite\/#breadcrumb\",\"itemListElement\":[{\"@type\":\"ListItem\",\"position\":1,\"name\":\"Inici\",\"item\":\"https:\/\/yecora.com\/fr\/maison\/\"},{\"@type\":\"ListItem\",\"position\":2,\"name\":\"D\u00e9claration d&#8217;accessibilit\u00e9\"}]},{\"@type\":\"WebSite\",\"@id\":\"https:\/\/yecora.com\/#website\",\"url\":\"https:\/\/yecora.com\/\",\"name\":\"Yecora Patent Agency\",\"description\":\"Agentes patentes y marcas, Agencia de patentes, Barcelona, Marcas UE, Marcas Uni\u00f3n Europea, Dise\u00f1os UE, Marcas internacionales, Patentes Barcelona, Propiedad Intelectual, Propiedad Industrial, Derechos de autor, Patentes, Copyright, Agents patents i marques, Ag\u00e8ncia de patents, Barcelona, Marques UE, Marques Uni\u00f3 Europea, Dissenys UE, Marques internacionals, Patents Barcelona, Propietat Intel\u00b7lectual, Propietat Industrial, Drets d&#039;autor, Patents, Copyright, Patent and trademark agents, Patent Agency, Barcelona, EU Trademarks, European Union Trademarks, EU Designs, International Trademarks, Barcelona Patents, Intellectual Property, Industrial Property, Copyright, Patents, Copyright\",\"publisher\":{\"@id\":\"https:\/\/yecora.com\/#organization\"},\"potentialAction\":[{\"@type\":\"SearchAction\",\"target\":{\"@type\":\"EntryPoint\",\"urlTemplate\":\"https:\/\/yecora.com\/?s={search_term_string}\"},\"query-input\":{\"@type\":\"PropertyValueSpecification\",\"valueRequired\":true,\"valueName\":\"search_term_string\"}}],\"inLanguage\":\"fr-FR\"},{\"@type\":\"Organization\",\"@id\":\"https:\/\/yecora.com\/#organization\",\"name\":\"Yecora Patent Agency\",\"alternateName\":\"Yecora\",\"url\":\"https:\/\/yecora.com\/\",\"logo\":{\"@type\":\"ImageObject\",\"inLanguage\":\"fr-FR\",\"@id\":\"https:\/\/yecora.com\/#\/schema\/logo\/image\/\",\"url\":\"https:\/\/yecora.com\/wp-content\/uploads\/2023\/05\/logo_yecora_patent_agency.png\",\"contentUrl\":\"https:\/\/yecora.com\/wp-content\/uploads\/2023\/05\/logo_yecora_patent_agency.png\",\"width\":210,\"height\":66,\"caption\":\"Yecora Patent Agency\"},\"image\":{\"@id\":\"https:\/\/yecora.com\/#\/schema\/logo\/image\/\"}}]}<\/script>\n<!-- \/ Yoast SEO plugin. -->","yoast_head_json":{"title":"D\u00e9claration d'accessibilit\u00e9 - Yecora Patent Agency","robots":{"index":"index","follow":"follow","max-snippet":"max-snippet:-1","max-image-preview":"max-image-preview:large","max-video-preview":"max-video-preview:-1"},"canonical":"https:\/\/yecora.com\/fr\/declaration-daccessibilite\/","og_locale":"fr_FR","og_type":"article","og_title":"D\u00e9claration d'accessibilit\u00e9 - Yecora Patent Agency","og_description":"L&rsquo;Agence des brevets Yecora s&rsquo;est engag\u00e9e \u00e0 rendre son site Web accessible conform\u00e9ment au d\u00e9cret royal 1112\/2018 du 7 septembre sur l&rsquo;accessibilit\u00e9 des sites Web et des applications pour les ... lire plus","og_url":"https:\/\/yecora.com\/fr\/declaration-daccessibilite\/","og_site_name":"Yecora Patent Agency","article_modified_time":"2023-07-27T19:01:07+00:00","og_image":[{"width":1800,"height":779,"url":"https:\/\/yecora.com\/wp-content\/uploads\/2023\/07\/foto-yecora-portada-patents-marques-barcelona.jpg","type":"image\/jpeg"}],"twitter_card":"summary_large_image","twitter_misc":{"Dur\u00e9e de lecture estim\u00e9e":"3 minutes"},"schema":{"@context":"https:\/\/schema.org","@graph":[{"@type":"WebPage","@id":"https:\/\/yecora.com\/fr\/declaration-daccessibilite\/","url":"https:\/\/yecora.com\/fr\/declaration-daccessibilite\/","name":"D\u00e9claration d'accessibilit\u00e9 - Yecora Patent Agency","isPartOf":{"@id":"https:\/\/yecora.com\/#website"},"primaryImageOfPage":{"@id":"https:\/\/yecora.com\/fr\/declaration-daccessibilite\/#primaryimage"},"image":{"@id":"https:\/\/yecora.com\/fr\/declaration-daccessibilite\/#primaryimage"},"thumbnailUrl":"https:\/\/yecora.com\/wp-content\/uploads\/2023\/07\/foto-yecora-portada-patents-marques-barcelona.jpg","datePublished":"2023-05-26T09:46:57+00:00","dateModified":"2023-07-27T19:01:07+00:00","breadcrumb":{"@id":"https:\/\/yecora.com\/fr\/declaration-daccessibilite\/#breadcrumb"},"inLanguage":"fr-FR","potentialAction":[{"@type":"ReadAction","target":["https:\/\/yecora.com\/fr\/declaration-daccessibilite\/"]}]},{"@type":"ImageObject","inLanguage":"fr-FR","@id":"https:\/\/yecora.com\/fr\/declaration-daccessibilite\/#primaryimage","url":"https:\/\/yecora.com\/wp-content\/uploads\/2023\/07\/foto-yecora-portada-patents-marques-barcelona.jpg","contentUrl":"https:\/\/yecora.com\/wp-content\/uploads\/2023\/07\/foto-yecora-portada-patents-marques-barcelona.jpg","width":1800,"height":779},{"@type":"BreadcrumbList","@id":"https:\/\/yecora.com\/fr\/declaration-daccessibilite\/#breadcrumb","itemListElement":[{"@type":"ListItem","position":1,"name":"Inici","item":"https:\/\/yecora.com\/fr\/maison\/"},{"@type":"ListItem","position":2,"name":"D\u00e9claration d&#8217;accessibilit\u00e9"}]},{"@type":"WebSite","@id":"https:\/\/yecora.com\/#website","url":"https:\/\/yecora.com\/","name":"Yecora Patent Agency","description":"Agentes patentes y marcas, Agencia de patentes, Barcelona, Marcas UE, Marcas Uni\u00f3n Europea, Dise\u00f1os UE, Marcas internacionales, Patentes Barcelona, Propiedad Intelectual, Propiedad Industrial, Derechos de autor, Patentes, Copyright, Agents patents i marques, Ag\u00e8ncia de patents, Barcelona, Marques UE, Marques Uni\u00f3 Europea, Dissenys UE, Marques internacionals, Patents Barcelona, Propietat Intel\u00b7lectual, Propietat Industrial, Drets d&#039;autor, Patents, Copyright, Patent and trademark agents, Patent Agency, Barcelona, EU Trademarks, European Union Trademarks, EU Designs, International Trademarks, Barcelona Patents, Intellectual Property, Industrial Property, Copyright, Patents, Copyright","publisher":{"@id":"https:\/\/yecora.com\/#organization"},"potentialAction":[{"@type":"SearchAction","target":{"@type":"EntryPoint","urlTemplate":"https:\/\/yecora.com\/?s={search_term_string}"},"query-input":{"@type":"PropertyValueSpecification","valueRequired":true,"valueName":"search_term_string"}}],"inLanguage":"fr-FR"},{"@type":"Organization","@id":"https:\/\/yecora.com\/#organization","name":"Yecora Patent Agency","alternateName":"Yecora","url":"https:\/\/yecora.com\/","logo":{"@type":"ImageObject","inLanguage":"fr-FR","@id":"https:\/\/yecora.com\/#\/schema\/logo\/image\/","url":"https:\/\/yecora.com\/wp-content\/uploads\/2023\/05\/logo_yecora_patent_agency.png","contentUrl":"https:\/\/yecora.com\/wp-content\/uploads\/2023\/05\/logo_yecora_patent_agency.png","width":210,"height":66,"caption":"Yecora Patent Agency"},"image":{"@id":"https:\/\/yecora.com\/#\/schema\/logo\/image\/"}}]}},"_links":{"self":[{"href":"https:\/\/yecora.com\/fr\/wp-json\/wp\/v2\/pages\/3721","targetHints":{"allow":["GET"]}}],"collection":[{"href":"https:\/\/yecora.com\/fr\/wp-json\/wp\/v2\/pages"}],"about":[{"href":"https:\/\/yecora.com\/fr\/wp-json\/wp\/v2\/types\/page"}],"author":[{"embeddable":true,"href":"https:\/\/yecora.com\/fr\/wp-json\/wp\/v2\/users\/1"}],"replies":[{"embeddable":true,"href":"https:\/\/yecora.com\/fr\/wp-json\/wp\/v2\/comments?post=3721"}],"version-history":[{"count":2,"href":"https:\/\/yecora.com\/fr\/wp-json\/wp\/v2\/pages\/3721\/revisions"}],"predecessor-version":[{"id":3852,"href":"https:\/\/yecora.com\/fr\/wp-json\/wp\/v2\/pages\/3721\/revisions\/3852"}],"wp:featuredmedia":[{"embeddable":true,"href":"https:\/\/yecora.com\/fr\/wp-json\/wp\/v2\/media\/3375"}],"wp:attachment":[{"href":"https:\/\/yecora.com\/fr\/wp-json\/wp\/v2\/media?parent=3721"}],"curies":[{"name":"wp","href":"https:\/\/api.w.org\/{rel}","templated":true}]}}