{"id":3720,"date":"2021-05-30T14:08:16","date_gmt":"2021-05-30T14:08:16","guid":{"rendered":"https:\/\/yecora.com\/maison\/"},"modified":"2023-08-23T14:08:23","modified_gmt":"2023-08-23T14:08:23","slug":"maison","status":"publish","type":"page","link":"https:\/\/yecora.com\/fr\/","title":{"rendered":"Maison"},"content":{"rendered":"<div class=\"gb-container gb-container-03042199 alignfull\">\n<div class=\"gb-container gb-container-df74d85c\">\n<div class=\"gb-container gb-container-cdb505f7\">\n\n<h1 class=\"gb-headline gb-headline-396a9b33 gb-headline-text\">Une exp\u00e9rience professionnelle au service de la cr\u00e9ativit\u00e9<\/h1>\n\n\n\n<p class=\"gb-headline gb-headline-5f24d0bb gb-headline-text\">La propri\u00e9t\u00e9 intellectuelle, ce sont toutes les formes de cr\u00e9ation et d&rsquo;innovation humaines, principalement applicables aux entreprises, qui peuvent \u00eatre d\u00e9tenues et exploit\u00e9es commercialement en tant que propri\u00e9t\u00e9s, car il existe un organisme juridique qui les d\u00e9signe comme des droits de brevet&nbsp;; marques, dessins industriels, obtentions v\u00e9g\u00e9tales et droits d&rsquo;auteur.<\/p>\n\n<\/div>\n<\/div>\n<\/div>\n\n<section class=\"gb-container gb-container-ec78f0a8 alignfull\">\n<div class=\"gb-container gb-container-973850bd\">\n<div class=\"gb-container gb-container-ded62212\">\n\n<h2 class=\"gb-headline gb-headline-045bb2ac gb-headline-text\">Prestations de service  <\/h2>\n\n\n\n<p class=\"gb-headline gb-headline-314983ab gb-headline-text\">La vocation mais aussi l&rsquo;activit\u00e9 de notre soci\u00e9t\u00e9 est de fournir \u00e0 nos clients un service global en mati\u00e8re de Protection de leurs actifs de Propri\u00e9t\u00e9 Intellectuelle.<\/p>\n\n\n\n<p class=\"gb-headline gb-headline-527637a0 gb-headline-text\">Nous allions imagination et exp\u00e9rience professionnelle, au service de nos clients dans l&rsquo;\u00e9tablissement d&rsquo;une strat\u00e9gie individualis\u00e9e de protection de leurs actifs en Propri\u00e9t\u00e9 Industrielle : Marques, Mod\u00e8les, Brevets et Droits d&rsquo;auteur.<\/p>\n\n<\/div>\n\n<div class=\"gb-container gb-container-f4aaecb3\">\n<div class=\"gb-grid-wrapper gb-grid-wrapper-ae74c566\">\n<div class=\"gb-grid-column gb-grid-column-17700d18\"><div class=\"gb-container gb-container-17700d18\">\n<div class=\"gb-container gb-container-c4c6b6d8\">\n\n<div class=\"gb-headline gb-headline-3de67d48\"><span class=\"gb-icon\"><svg xmlns:xlink=\"http:\/\/www.w3.org\/1999\/xlink\" xmlns=\"http:\/\/www.w3.org\/2000\/svg\" viewBox=\"0 0 24 24\" height=\"24\" width=\"24\" id=\"mdi-registered-trademark\" version=\"1.1\"><path d=\"M12,2A10,10 0 0,0 2,12A10,10 0 0,0 12,22A10,10 0 0,0 22,12A10,10 0 0,0 12,2M12,20C7.59,20 4,16.41 4,12C4,7.59 7.59,4 12,4C16.41,4 20,7.59 20,12C20,16.41 16.41,20 12,20M12.25,13.27H10.81V16.5H9V7.71H12.26C13.29,7.71 14.09,7.94 14.66,8.4C15.22,8.87 15.5,9.5 15.5,10.36C15.5,10.96 15.37,11.46 15.11,11.86C14.85,12.26 14.46,12.58 13.93,12.81L15.83,16.4V16.5H13.89L12.25,13.27M10.81,11.81H12.27C12.72,11.81 13.07,11.69 13.32,11.46C13.57,11.23 13.69,10.91 13.69,10.5C13.69,10.09 13.58,9.77 13.34,9.53C13.11,9.29 12.75,9.18 12.26,9.18H10.81V11.81Z\"><\/path><\/svg><\/span><\/div>\n\n<\/div>\n\n\n<p class=\"gb-headline gb-headline-8eb75aeb gb-headline-text\">Agence BREVETS<\/p>\n\n\n<div class=\"gb-container gb-container-cd2a0c39\">\n\n<a class=\"gb-button gb-button-06c2713e\" href=\"https:\/\/yecora.com\/fr\/agence-brevets\/\"><span class=\"gb-icon\"><svg xmlns=\"http:\/\/www.w3.org\/2000\/svg\" aria-hidden=\"true\" role=\"img\" height=\"1em\" width=\"1em\" viewBox=\"0 0 256 512\"><path fill=\"currentColor\" d=\"M224.3 273l-136 136c-9.4 9.4-24.6 9.4-33.9 0l-22.6-22.6c-9.4-9.4-9.4-24.6 0-33.9l96.4-96.4-96.4-96.4c-9.4-9.4-9.4-24.6 0-33.9L54.3 103c9.4-9.4 24.6-9.4 33.9 0l136 136c9.5 9.4 9.5 24.6.1 34z\"><\/path><\/svg><\/span><\/a>\n\n<\/div>\n<\/div><\/div>\n\n<div class=\"gb-grid-column gb-grid-column-0f6f8419\"><div class=\"gb-container gb-container-0f6f8419\">\n<div class=\"gb-container gb-container-12b84b21\">\n\n<div class=\"gb-headline gb-headline-79a441f4\"><span class=\"gb-icon\"><svg xmlns=\"http:\/\/www.w3.org\/2000\/svg\" width=\"48\" height=\"48\" viewBox=\"0 0 48 48\"><g fill=\"none\" stroke=\"currentColor\" stroke-width=\"4\"><path d=\"M24 44c11.046 0 20-8.954 20-20S35.046 4 24 4S4 12.954 4 24s8.954 20 20 20Z\"><\/path><path d=\"M4 20.84c3.015-1.423 5.245-1.622 6.69-.595c2.167 1.54 2.438 7.819 7.368 4.819c4.929-3.001-2.111-4.224-.583-8.57c1.528-4.347 6.533-.97 7.03-5.731c.332-3.174-3.464-4.389-11.39-3.644\"><\/path><path stroke-linecap=\"round\" d=\"M36 8c-5.714 4.989-7.71 8.001-5.987 9.037c2.584 1.555 3.68-.634 6.834 0c3.153.634 2.47 4.909.812 4.909c-1.659 0-10.249-1.094-9.816 3.919c.432 5.013 5.6 5.755 5.6 8.556c0 1.867-1.144 4.725-3.43 8.573M6.104 32.926a89.421 89.421 0 0 1 2.056-.874c3.847-1.554 6.702-1.92 8.564-1.099c3.292 1.453 2.026 4.387 3.058 5.468c1.03 1.081 3.606.767 3.606 2.823c0 1.371-.46 2.92-1.382 4.646\"><\/path><\/g><\/svg><\/span><\/div>\n\n<\/div>\n\n\n<p class=\"gb-headline gb-headline-0bccb26d gb-headline-text\">international<\/p>\n\n\n<div class=\"gb-container gb-container-ac5b597e\">\n\n<a class=\"gb-button gb-button-2099ec0a\" href=\"https:\/\/yecora.com\/fr\/agence-internationale\/\"><span class=\"gb-icon\"><svg xmlns=\"http:\/\/www.w3.org\/2000\/svg\" aria-hidden=\"true\" role=\"img\" height=\"1em\" width=\"1em\" viewBox=\"0 0 256 512\"><path fill=\"currentColor\" d=\"M224.3 273l-136 136c-9.4 9.4-24.6 9.4-33.9 0l-22.6-22.6c-9.4-9.4-9.4-24.6 0-33.9l96.4-96.4-96.4-96.4c-9.4-9.4-9.4-24.6 0-33.9L54.3 103c9.4-9.4 24.6-9.4 33.9 0l136 136c9.5 9.4 9.5 24.6.1 34z\"><\/path><\/svg><\/span><\/a>\n\n<\/div>\n<\/div><\/div>\n<\/div>\n<\/div>\n<\/div>\n<\/section>\n\n<section class=\"gb-container gb-container-4a2f5a5b alignfull\">\n<div class=\"gb-container gb-container-f95e5c39\">\n<div class=\"gb-grid-wrapper gb-grid-wrapper-e69e347c\">\n<div class=\"gb-grid-column gb-grid-column-81deddfd\"><div class=\"gb-container gb-container-81deddfd\">\n<div class=\"gb-container gb-container-0b6843de\"><\/div>\n<\/div><\/div>\n\n<div class=\"gb-grid-column gb-grid-column-aa96de4c\"><div class=\"gb-container gb-container-aa96de4c\">\n\n<h2 class=\"gb-headline gb-headline-690e1b5d gb-headline-text\">\u00e9quipe  <\/h2>\n\n\n\n<p class=\"gb-headline gb-headline-a670d948 gb-headline-text\">Notre \u00e9quipe est sp\u00e9cialis\u00e9e en gestion d&rsquo;entreprise, en droit de la propri\u00e9t\u00e9 intellectuelle et industrielle et en ing\u00e9nierie (industrielle et chimique).<\/p>\n\n\n\n<p class=\"gb-headline gb-headline-b0034360 gb-headline-text\">Cette interdisciplinarit\u00e9 offre \u00e0 nos clients une vision d&rsquo;ensemble des dossiers bas\u00e9e sur la connaissance et l&rsquo;exp\u00e9rience et en m\u00eame temps sur la cr\u00e9ativit\u00e9 dans les approches ; ce qui nous permet d&rsquo;obtenir un pourcentage \u00e9lev\u00e9 de succ\u00e8s dans les cas que nous apportons.<\/p>\n\n\n<div class=\"gb-container gb-container-878eeafd\">\n\n<a class=\"gb-button gb-button-75a50664 gb-button-text\" href=\"https:\/\/yecora.com\/fr\/equipe\/\">Nous connaitre!<\/a>\n\n<\/div>\n<\/div><\/div>\n<\/div>\n<\/div>\n<\/section>\n\n<section class=\"gb-container gb-container-79453427 alignfull\">\n<div class=\"gb-container gb-container-51974162\">\n<div class=\"gb-grid-wrapper gb-grid-wrapper-3b164355\">\n<div class=\"gb-grid-column gb-grid-column-a487501f\"><div class=\"gb-container gb-container-a487501f\">\n\n<h2 class=\"gb-headline gb-headline-e5ebd7bb gb-headline-text\">Clients  <\/h2>\n\n\n\n<p class=\"gb-headline gb-headline-ff69608c gb-headline-text\">Notre trajectoire de plus de 20 ans dans la Gestion et l&rsquo;aide \u00e0 l&rsquo;exploitation de la Propri\u00e9t\u00e9 Industrielle et Intellectuelle nous a permis d&rsquo;acqu\u00e9rir une exp\u00e9rience et un s\u00e9rieux dans l&rsquo;approche du service qui a fait qu&rsquo;un large \u00e9ventail d&rsquo;entreprises nous ont confi\u00e9 la gestion de votre Propri\u00e9t\u00e9 Industrielle et Intellectuelle. Propri\u00e9t\u00e9 \u00e0 nous.<\/p>\n\n<\/div><\/div>\n\n<div class=\"gb-grid-column gb-grid-column-01c81e4a\"><div class=\"gb-container gb-container-01c81e4a\">\n\n<a class=\"gb-button gb-button-e057779b gb-button-text\" href=\"https:\/\/yecora.com\/fr\/clients\/\">En savoir plus<\/a>\n\n<\/div><\/div>\n<\/div>\n<\/div>\n<\/section>","protected":false},"excerpt":{"rendered":"<p>Une exp\u00e9rience professionnelle au service de la cr\u00e9ativit\u00e9 La propri\u00e9t\u00e9 intellectuelle, ce sont toutes les formes de cr\u00e9ation et d&rsquo;innovation humaines, principalement applicables aux entreprises, qui peuvent \u00eatre d\u00e9tenues et &#8230; <\/p>\n<p class=\"read-more-container\"><a title=\"Maison\" class=\"read-more button\" href=\"https:\/\/yecora.com\/fr\/#more-3720\" aria-label=\"En savoir plus sur Maison\">lire plus<\/a><\/p>\n","protected":false},"author":1,"featured_media":0,"parent":0,"menu_order":0,"comment_status":"closed","ping_status":"closed","template":"","meta":{"om_disable_all_campaigns":false,"_monsterinsights_skip_tracking":false,"_monsterinsights_sitenote_active":false,"_monsterinsights_sitenote_note":"","_monsterinsights_sitenote_category":0,"footnotes":""},"class_list":{"0":"post-3720","1":"page","2":"type-page","3":"status-publish","5":"infinite-scroll-item"},"yoast_head":"<!-- This site is optimized with the Yoast SEO plugin v24.2 - https:\/\/yoast.com\/wordpress\/plugins\/seo\/ -->\n<title>Maison - Yecora Patent Agency<\/title>\n<meta name=\"robots\" content=\"index, follow, max-snippet:-1, max-image-preview:large, max-video-preview:-1\" \/>\n<link rel=\"canonical\" href=\"https:\/\/yecora.com\/fr\/maison\/\" \/>\n<meta property=\"og:locale\" content=\"fr_FR\" \/>\n<meta property=\"og:type\" content=\"article\" \/>\n<meta property=\"og:title\" content=\"Maison - Yecora Patent Agency\" \/>\n<meta property=\"og:description\" content=\"Une exp\u00e9rience professionnelle au service de la cr\u00e9ativit\u00e9 La propri\u00e9t\u00e9 intellectuelle, ce sont toutes les formes de cr\u00e9ation et d&rsquo;innovation humaines, principalement applicables aux entreprises, qui peuvent \u00eatre d\u00e9tenues et ... lire plus\" \/>\n<meta property=\"og:url\" content=\"https:\/\/yecora.com\/fr\/maison\/\" \/>\n<meta property=\"og:site_name\" content=\"Yecora Patent Agency\" \/>\n<meta property=\"article:modified_time\" content=\"2023-08-23T14:08:23+00:00\" \/>\n<meta name=\"twitter:card\" content=\"summary_large_image\" \/>\n<meta name=\"twitter:label1\" content=\"Dur\u00e9e de lecture estim\u00e9e\" \/>\n\t<meta name=\"twitter:data1\" content=\"1 minute\" \/>\n<script type=\"application\/ld+json\" class=\"yoast-schema-graph\">{\"@context\":\"https:\/\/schema.org\",\"@graph\":[{\"@type\":\"WebPage\",\"@id\":\"https:\/\/yecora.com\/fr\/maison\/\",\"url\":\"https:\/\/yecora.com\/fr\/maison\/\",\"name\":\"Maison - Yecora Patent Agency\",\"isPartOf\":{\"@id\":\"https:\/\/yecora.com\/#website\"},\"datePublished\":\"2021-05-30T14:08:16+00:00\",\"dateModified\":\"2023-08-23T14:08:23+00:00\",\"breadcrumb\":{\"@id\":\"https:\/\/yecora.com\/fr\/maison\/#breadcrumb\"},\"inLanguage\":\"fr-FR\",\"potentialAction\":[{\"@type\":\"ReadAction\",\"target\":[\"https:\/\/yecora.com\/fr\/maison\/\"]}]},{\"@type\":\"BreadcrumbList\",\"@id\":\"https:\/\/yecora.com\/fr\/maison\/#breadcrumb\",\"itemListElement\":[{\"@type\":\"ListItem\",\"position\":1,\"name\":\"Inici\",\"item\":\"https:\/\/yecora.com\/fr\/maison\/\"},{\"@type\":\"ListItem\",\"position\":2,\"name\":\"Maison\"}]},{\"@type\":\"WebSite\",\"@id\":\"https:\/\/yecora.com\/#website\",\"url\":\"https:\/\/yecora.com\/\",\"name\":\"Yecora Patent Agency\",\"description\":\"Agentes patentes y marcas, Agencia de patentes, Barcelona, Marcas UE, Marcas Uni\u00f3n Europea, Dise\u00f1os UE, Marcas internacionales, Patentes Barcelona, Propiedad Intelectual, Propiedad Industrial, Derechos de autor, Patentes, Copyright, Agents patents i marques, Ag\u00e8ncia de patents, Barcelona, Marques UE, Marques Uni\u00f3 Europea, Dissenys UE, Marques internacionals, Patents Barcelona, Propietat Intel\u00b7lectual, Propietat Industrial, Drets d&#039;autor, Patents, Copyright, Patent and trademark agents, Patent Agency, Barcelona, EU Trademarks, European Union Trademarks, EU Designs, International Trademarks, Barcelona Patents, Intellectual Property, Industrial Property, Copyright, Patents, Copyright\",\"publisher\":{\"@id\":\"https:\/\/yecora.com\/#organization\"},\"potentialAction\":[{\"@type\":\"SearchAction\",\"target\":{\"@type\":\"EntryPoint\",\"urlTemplate\":\"https:\/\/yecora.com\/?s={search_term_string}\"},\"query-input\":{\"@type\":\"PropertyValueSpecification\",\"valueRequired\":true,\"valueName\":\"search_term_string\"}}],\"inLanguage\":\"fr-FR\"},{\"@type\":\"Organization\",\"@id\":\"https:\/\/yecora.com\/#organization\",\"name\":\"Yecora Patent Agency\",\"alternateName\":\"Yecora\",\"url\":\"https:\/\/yecora.com\/\",\"logo\":{\"@type\":\"ImageObject\",\"inLanguage\":\"fr-FR\",\"@id\":\"https:\/\/yecora.com\/#\/schema\/logo\/image\/\",\"url\":\"https:\/\/yecora.com\/wp-content\/uploads\/2023\/05\/logo_yecora_patent_agency.png\",\"contentUrl\":\"https:\/\/yecora.com\/wp-content\/uploads\/2023\/05\/logo_yecora_patent_agency.png\",\"width\":210,\"height\":66,\"caption\":\"Yecora Patent Agency\"},\"image\":{\"@id\":\"https:\/\/yecora.com\/#\/schema\/logo\/image\/\"}}]}<\/script>\n<!-- \/ Yoast SEO plugin. -->","yoast_head_json":{"title":"Maison - Yecora Patent Agency","robots":{"index":"index","follow":"follow","max-snippet":"max-snippet:-1","max-image-preview":"max-image-preview:large","max-video-preview":"max-video-preview:-1"},"canonical":"https:\/\/yecora.com\/fr\/maison\/","og_locale":"fr_FR","og_type":"article","og_title":"Maison - Yecora Patent Agency","og_description":"Une exp\u00e9rience professionnelle au service de la cr\u00e9ativit\u00e9 La propri\u00e9t\u00e9 intellectuelle, ce sont toutes les formes de cr\u00e9ation et d&rsquo;innovation humaines, principalement applicables aux entreprises, qui peuvent \u00eatre d\u00e9tenues et ... lire plus","og_url":"https:\/\/yecora.com\/fr\/maison\/","og_site_name":"Yecora Patent Agency","article_modified_time":"2023-08-23T14:08:23+00:00","twitter_card":"summary_large_image","twitter_misc":{"Dur\u00e9e de lecture estim\u00e9e":"1 minute"},"schema":{"@context":"https:\/\/schema.org","@graph":[{"@type":"WebPage","@id":"https:\/\/yecora.com\/fr\/maison\/","url":"https:\/\/yecora.com\/fr\/maison\/","name":"Maison - Yecora Patent Agency","isPartOf":{"@id":"https:\/\/yecora.com\/#website"},"datePublished":"2021-05-30T14:08:16+00:00","dateModified":"2023-08-23T14:08:23+00:00","breadcrumb":{"@id":"https:\/\/yecora.com\/fr\/maison\/#breadcrumb"},"inLanguage":"fr-FR","potentialAction":[{"@type":"ReadAction","target":["https:\/\/yecora.com\/fr\/maison\/"]}]},{"@type":"BreadcrumbList","@id":"https:\/\/yecora.com\/fr\/maison\/#breadcrumb","itemListElement":[{"@type":"ListItem","position":1,"name":"Inici","item":"https:\/\/yecora.com\/fr\/maison\/"},{"@type":"ListItem","position":2,"name":"Maison"}]},{"@type":"WebSite","@id":"https:\/\/yecora.com\/#website","url":"https:\/\/yecora.com\/","name":"Yecora Patent Agency","description":"Agentes patentes y marcas, Agencia de patentes, Barcelona, Marcas UE, Marcas Uni\u00f3n Europea, Dise\u00f1os UE, Marcas internacionales, Patentes Barcelona, Propiedad Intelectual, Propiedad Industrial, Derechos de autor, Patentes, Copyright, Agents patents i marques, Ag\u00e8ncia de patents, Barcelona, Marques UE, Marques Uni\u00f3 Europea, Dissenys UE, Marques internacionals, Patents Barcelona, Propietat Intel\u00b7lectual, Propietat Industrial, Drets d&#039;autor, Patents, Copyright, Patent and trademark agents, Patent Agency, Barcelona, EU Trademarks, European Union Trademarks, EU Designs, International Trademarks, Barcelona Patents, Intellectual Property, Industrial Property, Copyright, Patents, Copyright","publisher":{"@id":"https:\/\/yecora.com\/#organization"},"potentialAction":[{"@type":"SearchAction","target":{"@type":"EntryPoint","urlTemplate":"https:\/\/yecora.com\/?s={search_term_string}"},"query-input":{"@type":"PropertyValueSpecification","valueRequired":true,"valueName":"search_term_string"}}],"inLanguage":"fr-FR"},{"@type":"Organization","@id":"https:\/\/yecora.com\/#organization","name":"Yecora Patent Agency","alternateName":"Yecora","url":"https:\/\/yecora.com\/","logo":{"@type":"ImageObject","inLanguage":"fr-FR","@id":"https:\/\/yecora.com\/#\/schema\/logo\/image\/","url":"https:\/\/yecora.com\/wp-content\/uploads\/2023\/05\/logo_yecora_patent_agency.png","contentUrl":"https:\/\/yecora.com\/wp-content\/uploads\/2023\/05\/logo_yecora_patent_agency.png","width":210,"height":66,"caption":"Yecora Patent Agency"},"image":{"@id":"https:\/\/yecora.com\/#\/schema\/logo\/image\/"}}]}},"_links":{"self":[{"href":"https:\/\/yecora.com\/fr\/wp-json\/wp\/v2\/pages\/3720","targetHints":{"allow":["GET"]}}],"collection":[{"href":"https:\/\/yecora.com\/fr\/wp-json\/wp\/v2\/pages"}],"about":[{"href":"https:\/\/yecora.com\/fr\/wp-json\/wp\/v2\/types\/page"}],"author":[{"embeddable":true,"href":"https:\/\/yecora.com\/fr\/wp-json\/wp\/v2\/users\/1"}],"replies":[{"embeddable":true,"href":"https:\/\/yecora.com\/fr\/wp-json\/wp\/v2\/comments?post=3720"}],"version-history":[{"count":1,"href":"https:\/\/yecora.com\/fr\/wp-json\/wp\/v2\/pages\/3720\/revisions"}],"predecessor-version":[{"id":3921,"href":"https:\/\/yecora.com\/fr\/wp-json\/wp\/v2\/pages\/3720\/revisions\/3921"}],"wp:attachment":[{"href":"https:\/\/yecora.com\/fr\/wp-json\/wp\/v2\/media?parent=3720"}],"curies":[{"name":"wp","href":"https:\/\/api.w.org\/{rel}","templated":true}]}}