{"id":3708,"date":"2023-05-26T09:23:01","date_gmt":"2023-05-26T09:23:01","guid":{"rendered":"https:\/\/yecora.com\/agence-brevets\/"},"modified":"2023-07-28T10:44:14","modified_gmt":"2023-07-28T10:44:14","slug":"agence-brevets","status":"publish","type":"page","link":"https:\/\/yecora.com\/fr\/agence-brevets\/","title":{"rendered":"Agence BREVETS"},"content":{"rendered":"<div class=\"gb-container gb-container-5ac95363\">\n<div class=\"gb-container gb-container-da96b1db\">\n<div class=\"gb-grid-wrapper gb-grid-wrapper-7abe6f81\">\n<div class=\"gb-grid-column gb-grid-column-2040277e\"><div class=\"gb-container gb-container-2040277e\">\n\n<h3 class=\"gb-headline gb-headline-08c58a6e gb-headline-text\">Nous adaptons nos services aux besoins sp\u00e9cifiques de nos clients  <\/h3>\n\n\n\n<p class=\"gb-headline gb-headline-762e5250 gb-headline-text\">Tenant compte du Secteur d&rsquo;activit\u00e9 auquel ils appartiennent ; son potentiel commercial et l&rsquo;\u00e9tendue territoriale de son March\u00e9&nbsp;; essayant toujours d&rsquo;adapter la protection de sa Propri\u00e9t\u00e9 Industrielle \u00e0 son Marketing strat\u00e9gique.  <\/p>\n\n<\/div><\/div>\n<\/div>\n<\/div>\n<\/div>\n\n<div class=\"gb-container gb-container-8d599930\">\n<div class=\"gb-container gb-container-e4b4bee6\">\n<div class=\"gb-container gb-container-aa330821 gb-accordion\">\n<div class=\"gb-container gb-container-269633eb gb-accordion__item\" data-transition=\"slide\">\n\n<button class=\"gb-button gb-button-1eebdc9e gb-accordion__toggle\"><span class=\"gb-button-text\">Conseils sp\u00e9cialis\u00e9s<\/span><span class=\"gb-icon\"><svg xmlns=\"http:\/\/www.w3.org\/2000\/svg\" viewBox=\"0 0 448 512\" width=\"1em\" height=\"1em\" ariahidden=\"true\" role=\"img\" class=\"gb-accordion__icon\"><path d=\"M207.029 381.476L12.686 187.132c-9.373-9.373-9.373-24.569 0-33.941l22.667-22.667c9.357-9.357 24.522-9.375 33.901-.04L224 284.505l154.745-154.021c9.379-9.335 24.544-9.317 33.901.04l22.667 22.667c9.373 9.373 9.373 24.569 0 33.941L240.971 381.476c-9.373 9.372-24.569 9.372-33.942 0z\" fill=\"currentColor\"><\/path><\/svg><svg xmlns=\"http:\/\/www.w3.org\/2000\/svg\" viewBox=\"0 0 448 512\" width=\"1em\" height=\"1em\" ariahidden=\"true\" role=\"img\" class=\"gb-accordion__icon-open\"><path d=\"M240.971 130.524l194.343 194.343c9.373 9.373 9.373 24.569 0 33.941l-22.667 22.667c-9.357 9.357-24.522 9.375-33.901.04L224 227.495 69.255 381.516c-9.379 9.335-24.544 9.317-33.901-.04l-22.667-22.667c-9.373-9.373-9.373-24.569 0-33.941L207.03 130.525c9.372-9.373 24.568-9.373 33.941-.001z\" fill=\"currentColor\"><\/path><\/svg><\/span><\/button>\n\n\n<div class=\"gb-accordion__content\"><div class=\"gb-container gb-container-93dc19f9\">\n\n<ul class=\"wp-block-list\">\n<li><strong>Conseil en gestion commerciale d&rsquo;actifs de propri\u00e9t\u00e9 industrielle :<\/strong>\n<ul class=\"wp-block-list\">\n<li>En tant que professionnels de la gestion d&rsquo;entreprise, nous donnons des conseils pour la protection ad\u00e9quate de la Propri\u00e9t\u00e9 Industrielle, en tenant compte des strat\u00e9gies marketing de l&rsquo;entreprise. En ce sens, nous conditionnons d&rsquo;autres aspects des conseils mentionn\u00e9s ici (juridiques et techniques) \u00e0 ce premier aspect.<\/li>\n<\/ul>\n<\/li>\n\n\n\n<li><strong>Conseils juridiques:<\/strong>\n<ul class=\"wp-block-list\">\n<li>Avec des avocats sp\u00e9cialis\u00e9s en droit de la Propri\u00e9t\u00e9 Intellectuelle et Industrielle, nous nous engageons \u00e0 fournir des conseils juridiques exclusifs dans ces deux mati\u00e8res juridiques.<\/li>\n\n\n\n<li>La propri\u00e9t\u00e9 industrielle :\n<ul class=\"wp-block-list\">\n<li>Il comprend tout ce qui concerne les inventions techniques (brevets et mod\u00e8les d&rsquo;utilit\u00e9), les cr\u00e9ations de forme (mod\u00e8les et dessins industriels), et les signes commerciaux distinctifs (marques de services et de produits, noms commerciaux, \u00e9tablissements de marques).<\/li>\n\n\n\n<li>La propri\u00e9t\u00e9 intellectuelle r\u00e9glemente le droit d&rsquo;auteur, c&rsquo;est-\u00e0-dire toutes les cr\u00e9ations originales litt\u00e9raires, artistiques ou scientifiques, y compris : les livres, les imprim\u00e9s, les \u00e9crits, les discours, les conf\u00e9rences, les compositions musicales, les \u0153uvres th\u00e9\u00e2trales, les \u0153uvres audiovisuelles, les sculptures, les \u0153uvres de peinture, de dessin, de gravure. , bandes dessin\u00e9es, projets, plans, mod\u00e8les et dessins d&rsquo;ouvrages d&rsquo;architecture et d&rsquo;ing\u00e9nierie, cartes et dessins relatifs \u00e0 la topographie, \u00e0 la g\u00e9ographie et aux sciences, travaux photographiques et programmes informatiques.<\/li>\n\n\n\n<li>Nous fournissons donc des conseils sur tout ce qui se rapporte aux diff\u00e9rents types de protection, droits et obligations qui incluent :<\/li>\n<\/ul>\n<\/li>\n<\/ul>\n<\/li>\n<\/ul>\n\n\n\n<ol start=\"1\" class=\"list-accordion wp-block-list\">\n<li>N\u00e9cessit\u00e9 ou commodit\u00e9 de l&rsquo;inscription<\/li>\n\n\n\n<li>N\u00e9gociations dans les transactions \u00e9conomiques<\/li>\n\n\n\n<li>R\u00e9daction de contrats de cession de droits, conciliations, revendication de droits en raison d&rsquo;infractions \u00e0 la loi, etc.<\/li>\n<\/ol>\n\n\n\n<ul class=\"wp-block-list\">\n<li>Conseils techniques:\n<ul class=\"wp-block-list\">\n<li>Nous avons nos propres professionnels pour l&rsquo;analyse technique et le conseil, en ce qui concerne les inventions qui, en raison de leur complexit\u00e9 ou de leur sophistication, l&rsquo;exigent.<\/li>\n\n\n\n<li>Les brevets ou mod\u00e8les d&rsquo;utilit\u00e9 qui apportent une nouveaut\u00e9 mondiale doivent faire l&rsquo;objet d&rsquo;un contr\u00f4le technique minutieux avant toute action en justice visant \u00e0 prot\u00e9ger leur exclusivit\u00e9.<\/li>\n<\/ul>\n<\/li>\n<\/ul>\n\n\n\n<p><\/p>\n\n<\/div><\/div>\n<\/div>\n\n<div class=\"gb-container gb-container-432c7e47 gb-accordion__item\" data-transition=\"slide\">\n\n<button class=\"gb-button gb-button-12c9e8ee gb-accordion__toggle\"><span class=\"gb-button-text\">Proc\u00e9dures d&rsquo;inscription aupr\u00e8s des organismes publics<\/span><span class=\"gb-icon\"><svg xmlns=\"http:\/\/www.w3.org\/2000\/svg\" viewBox=\"0 0 448 512\" width=\"1em\" height=\"1em\" ariahidden=\"true\" role=\"img\" class=\"gb-accordion__icon\"><path d=\"M207.029 381.476L12.686 187.132c-9.373-9.373-9.373-24.569 0-33.941l22.667-22.667c9.357-9.357 24.522-9.375 33.901-.04L224 284.505l154.745-154.021c9.379-9.335 24.544-9.317 33.901.04l22.667 22.667c9.373 9.373 9.373 24.569 0 33.941L240.971 381.476c-9.373 9.372-24.569 9.372-33.942 0z\" fill=\"currentColor\"><\/path><\/svg><svg xmlns=\"http:\/\/www.w3.org\/2000\/svg\" viewBox=\"0 0 448 512\" width=\"1em\" height=\"1em\" ariahidden=\"true\" role=\"img\" class=\"gb-accordion__icon-open\"><path d=\"M240.971 130.524l194.343 194.343c9.373 9.373 9.373 24.569 0 33.941l-22.667 22.667c-9.357 9.357-24.522 9.375-33.901.04L224 227.495 69.255 381.516c-9.379 9.335-24.544 9.317-33.901-.04l-22.667-22.667c-9.373-9.373-9.373-24.569 0-33.941L207.03 130.525c9.372-9.373 24.568-9.373 33.941-.001z\" fill=\"currentColor\"><\/path><\/svg><\/span><\/button>\n\n\n<div class=\"gb-accordion__content\"><div class=\"gb-container gb-container-a1f3fd78\">\n\n<p>Proc\u00e9dures d&rsquo;enregistrement aupr\u00e8s des Organismes Publics de propri\u00e9t\u00e9 industrielle et intellectuelle et surveillance des intrus.<\/p>\n\n\n\n<p>Pour l&rsquo;exercice des droits de propri\u00e9t\u00e9 industrielle, l&rsquo;enregistrement aupr\u00e8s des organismes publics de propri\u00e9t\u00e9 industrielle est requis.<\/p>\n\n\n\n<p>Nous agissons \u00e9galement devant l&rsquo;Office d&rsquo;harmonisation du march\u00e9 int\u00e9rieur (marques communautaires et dessins et mod\u00e8les communautaires) et devant l&rsquo;Office mondial de la propri\u00e9t\u00e9 intellectuelle (marques internationales et brevets PCT), ayant \u00e9galement des correspondants \u00e0 l&rsquo;\u00e9tranger pour la protection des enregistrements dans les pays qui peuvent \u00eatre d&rsquo;int\u00e9r\u00eat.<\/p>\n\n\n\n<p>A cet effet, nous r\u00e9alisons :<\/p>\n\n\n\n<ul class=\"wp-block-list\">\n<li>Proc\u00e9dures d&rsquo;enregistrement aupr\u00e8s des Organisations, et tous les suivis ult\u00e9rieurs, tels que:\n<ul class=\"wp-block-list\">\n<li>R\u00e9pondre aux suspensions<\/li>\n\n\n\n<li>Pr\u00e9sentation des oppositions et recours contre les refus de dossier<\/li>\n\n\n\n<li>Paiement des titres, renouvellements et annuit\u00e9s<\/li>\n\n\n\n<li>Enregistrement des transferts<\/li>\n\n\n\n<li>Obtention de certificats<\/li>\n\n\n\n<li>Gestions diverses<\/li>\n<\/ul>\n<\/li>\n\n\n\n<li>Surveiller la publication des demandes d&rsquo;enregistrements pouvant nuire \u00e0 ceux de nos clients, pr\u00e9senter des oppositions \u00e0 ces demandes et des recours contre des concessions.<\/li>\n\n\n\n<li>En ce qui concerne la propri\u00e9t\u00e9 intellectuelle, m\u00eame si l&rsquo;enregistrement n&rsquo;est pas n\u00e9cessaire pour exiger les droits correspondant \u00e0 une certaine cr\u00e9ation, il peut \u00eatre utile aux fins de pr\u00e9-constituer une preuve de propri\u00e9t\u00e9 sur celle-ci.<\/li>\n<\/ul>\n\n<\/div><\/div>\n<\/div>\n\n<div class=\"gb-container gb-container-678f50a3 gb-accordion__item\" data-transition=\"slide\">\n\n<button class=\"gb-button gb-button-175a33cd gb-accordion__toggle\"><span class=\"gb-button-text\">D\u00e9fense devant les Cours et Tribunaux<\/span><span class=\"gb-icon\"><svg xmlns=\"http:\/\/www.w3.org\/2000\/svg\" viewBox=\"0 0 448 512\" width=\"1em\" height=\"1em\" ariahidden=\"true\" role=\"img\" class=\"gb-accordion__icon\"><path d=\"M207.029 381.476L12.686 187.132c-9.373-9.373-9.373-24.569 0-33.941l22.667-22.667c9.357-9.357 24.522-9.375 33.901-.04L224 284.505l154.745-154.021c9.379-9.335 24.544-9.317 33.901.04l22.667 22.667c9.373 9.373 9.373 24.569 0 33.941L240.971 381.476c-9.373 9.372-24.569 9.372-33.942 0z\" fill=\"currentColor\"><\/path><\/svg><svg xmlns=\"http:\/\/www.w3.org\/2000\/svg\" viewBox=\"0 0 448 512\" width=\"1em\" height=\"1em\" ariahidden=\"true\" role=\"img\" class=\"gb-accordion__icon-open\"><path d=\"M240.971 130.524l194.343 194.343c9.373 9.373 9.373 24.569 0 33.941l-22.667 22.667c-9.357 9.357-24.522 9.375-33.901.04L224 227.495 69.255 381.516c-9.379 9.335-24.544 9.317-33.901-.04l-22.667-22.667c-9.373-9.373-9.373-24.569 0-33.941L207.03 130.525c9.372-9.373 24.568-9.373 33.941-.001z\" fill=\"currentColor\"><\/path><\/svg><\/span><\/button>\n\n\n<div class=\"gb-accordion__content\"><div class=\"gb-container gb-container-dd299683\">\n\n<p>La Propri\u00e9t\u00e9 Industrielle et la Propri\u00e9t\u00e9 Intellectuelle ont toutes deux pour objet l&rsquo;exploitation exclusive de certaines cr\u00e9ations susceptibles d&rsquo;\u00eatre commercialis\u00e9es sur le march\u00e9 et qui ont une importance \u00e9conomique notable. Ce droit exclusif est g\u00e9n\u00e9ralement respect\u00e9, mais \u00e0 de nombreuses reprises, il y a des usurpations et des conflits r\u00e9sultant d&rsquo;int\u00e9r\u00eats oppos\u00e9s, qui ne peuvent \u00eatre r\u00e9solus \u00e0 l&rsquo;amiable, et n\u00e9cessitent la poursuite des proc\u00e9dures judiciaires appropri\u00e9es, qui r\u00e9tablissent les droits viol\u00e9s.<\/p>\n\n\n\n<p>Nous intervenons \u00e9galement dans la d\u00e9fense de nos clients devant les Cours et Tribunaux, menant toutes les actions judiciaires qui prot\u00e8gent leurs int\u00e9r\u00eats.<\/p>\n\n<\/div><\/div>\n<\/div>\n<\/div>\n<\/div>\n<\/div>","protected":false},"excerpt":{"rendered":"<p>Proc\u00e9dures d&rsquo;enregistrement aupr\u00e8s des Organismes Publics de propri\u00e9t\u00e9 industrielle et intellectuelle et surveillance des intrus. Pour l&rsquo;exercice des droits de propri\u00e9t\u00e9 industrielle, l&rsquo;enregistrement aupr\u00e8s des organismes publics de propri\u00e9t\u00e9 industrielle &#8230; <\/p>\n<p class=\"read-more-container\"><a title=\"Agence BREVETS\" class=\"read-more button\" href=\"https:\/\/yecora.com\/fr\/agence-brevets\/#more-3708\" aria-label=\"En savoir plus sur Agence BREVETS\">lire plus<\/a><\/p>\n","protected":false},"author":1,"featured_media":3387,"parent":0,"menu_order":0,"comment_status":"closed","ping_status":"closed","template":"","meta":{"om_disable_all_campaigns":false,"_monsterinsights_skip_tracking":false,"_monsterinsights_sitenote_active":false,"_monsterinsights_sitenote_note":"","_monsterinsights_sitenote_category":0,"footnotes":""},"class_list":{"0":"post-3708","1":"page","2":"type-page","3":"status-publish","4":"has-post-thumbnail","6":"infinite-scroll-item","7":"resize-featured-image"},"yoast_head":"<!-- This site is optimized with the Yoast SEO plugin v24.2 - https:\/\/yoast.com\/wordpress\/plugins\/seo\/ -->\n<title>Agence BREVETS - Yecora Patent Agency<\/title>\n<meta name=\"robots\" content=\"index, follow, max-snippet:-1, max-image-preview:large, max-video-preview:-1\" \/>\n<link rel=\"canonical\" href=\"https:\/\/yecora.com\/fr\/agence-brevets\/\" \/>\n<meta property=\"og:locale\" content=\"fr_FR\" \/>\n<meta property=\"og:type\" content=\"article\" \/>\n<meta property=\"og:title\" content=\"Agence BREVETS - Yecora Patent Agency\" \/>\n<meta property=\"og:description\" content=\"Proc\u00e9dures d&rsquo;enregistrement aupr\u00e8s des Organismes Publics de propri\u00e9t\u00e9 industrielle et intellectuelle et surveillance des intrus. Pour l&rsquo;exercice des droits de propri\u00e9t\u00e9 industrielle, l&rsquo;enregistrement aupr\u00e8s des organismes publics de propri\u00e9t\u00e9 industrielle ... lire plus\" \/>\n<meta property=\"og:url\" content=\"https:\/\/yecora.com\/fr\/agence-brevets\/\" \/>\n<meta property=\"og:site_name\" content=\"Yecora Patent Agency\" \/>\n<meta property=\"article:modified_time\" content=\"2023-07-28T10:44:14+00:00\" \/>\n<meta property=\"og:image\" content=\"https:\/\/yecora.com\/wp-content\/uploads\/2023\/07\/foto-rellotge-yecora.jpg\" \/>\n\t<meta property=\"og:image:width\" content=\"2500\" \/>\n\t<meta property=\"og:image:height\" content=\"2164\" \/>\n\t<meta property=\"og:image:type\" content=\"image\/jpeg\" \/>\n<meta name=\"twitter:card\" content=\"summary_large_image\" \/>\n<meta name=\"twitter:label1\" content=\"Dur\u00e9e de lecture estim\u00e9e\" \/>\n\t<meta name=\"twitter:data1\" content=\"4 minutes\" \/>\n<script type=\"application\/ld+json\" class=\"yoast-schema-graph\">{\"@context\":\"https:\/\/schema.org\",\"@graph\":[{\"@type\":\"WebPage\",\"@id\":\"https:\/\/yecora.com\/fr\/agence-brevets\/\",\"url\":\"https:\/\/yecora.com\/fr\/agence-brevets\/\",\"name\":\"Agence BREVETS - Yecora Patent Agency\",\"isPartOf\":{\"@id\":\"https:\/\/yecora.com\/#website\"},\"primaryImageOfPage\":{\"@id\":\"https:\/\/yecora.com\/fr\/agence-brevets\/#primaryimage\"},\"image\":{\"@id\":\"https:\/\/yecora.com\/fr\/agence-brevets\/#primaryimage\"},\"thumbnailUrl\":\"https:\/\/yecora.com\/wp-content\/uploads\/2023\/07\/foto-rellotge-yecora.jpg\",\"datePublished\":\"2023-05-26T09:23:01+00:00\",\"dateModified\":\"2023-07-28T10:44:14+00:00\",\"breadcrumb\":{\"@id\":\"https:\/\/yecora.com\/fr\/agence-brevets\/#breadcrumb\"},\"inLanguage\":\"fr-FR\",\"potentialAction\":[{\"@type\":\"ReadAction\",\"target\":[\"https:\/\/yecora.com\/fr\/agence-brevets\/\"]}]},{\"@type\":\"ImageObject\",\"inLanguage\":\"fr-FR\",\"@id\":\"https:\/\/yecora.com\/fr\/agence-brevets\/#primaryimage\",\"url\":\"https:\/\/yecora.com\/wp-content\/uploads\/2023\/07\/foto-rellotge-yecora.jpg\",\"contentUrl\":\"https:\/\/yecora.com\/wp-content\/uploads\/2023\/07\/foto-rellotge-yecora.jpg\",\"width\":2500,\"height\":2164},{\"@type\":\"BreadcrumbList\",\"@id\":\"https:\/\/yecora.com\/fr\/agence-brevets\/#breadcrumb\",\"itemListElement\":[{\"@type\":\"ListItem\",\"position\":1,\"name\":\"Inici\",\"item\":\"https:\/\/yecora.com\/fr\/maison\/\"},{\"@type\":\"ListItem\",\"position\":2,\"name\":\"Agence BREVETS\"}]},{\"@type\":\"WebSite\",\"@id\":\"https:\/\/yecora.com\/#website\",\"url\":\"https:\/\/yecora.com\/\",\"name\":\"Yecora Patent Agency\",\"description\":\"Agentes patentes y marcas, Agencia de patentes, Barcelona, Marcas UE, Marcas Uni\u00f3n Europea, Dise\u00f1os UE, Marcas internacionales, Patentes Barcelona, Propiedad Intelectual, Propiedad Industrial, Derechos de autor, Patentes, Copyright, Agents patents i marques, Ag\u00e8ncia de patents, Barcelona, Marques UE, Marques Uni\u00f3 Europea, Dissenys UE, Marques internacionals, Patents Barcelona, Propietat Intel\u00b7lectual, Propietat Industrial, Drets d&#039;autor, Patents, Copyright, Patent and trademark agents, Patent Agency, Barcelona, EU Trademarks, European Union Trademarks, EU Designs, International Trademarks, Barcelona Patents, Intellectual Property, Industrial Property, Copyright, Patents, Copyright\",\"publisher\":{\"@id\":\"https:\/\/yecora.com\/#organization\"},\"potentialAction\":[{\"@type\":\"SearchAction\",\"target\":{\"@type\":\"EntryPoint\",\"urlTemplate\":\"https:\/\/yecora.com\/?s={search_term_string}\"},\"query-input\":{\"@type\":\"PropertyValueSpecification\",\"valueRequired\":true,\"valueName\":\"search_term_string\"}}],\"inLanguage\":\"fr-FR\"},{\"@type\":\"Organization\",\"@id\":\"https:\/\/yecora.com\/#organization\",\"name\":\"Yecora Patent Agency\",\"alternateName\":\"Yecora\",\"url\":\"https:\/\/yecora.com\/\",\"logo\":{\"@type\":\"ImageObject\",\"inLanguage\":\"fr-FR\",\"@id\":\"https:\/\/yecora.com\/#\/schema\/logo\/image\/\",\"url\":\"https:\/\/yecora.com\/wp-content\/uploads\/2023\/05\/logo_yecora_patent_agency.png\",\"contentUrl\":\"https:\/\/yecora.com\/wp-content\/uploads\/2023\/05\/logo_yecora_patent_agency.png\",\"width\":210,\"height\":66,\"caption\":\"Yecora Patent Agency\"},\"image\":{\"@id\":\"https:\/\/yecora.com\/#\/schema\/logo\/image\/\"}}]}<\/script>\n<!-- \/ Yoast SEO plugin. -->","yoast_head_json":{"title":"Agence BREVETS - Yecora Patent Agency","robots":{"index":"index","follow":"follow","max-snippet":"max-snippet:-1","max-image-preview":"max-image-preview:large","max-video-preview":"max-video-preview:-1"},"canonical":"https:\/\/yecora.com\/fr\/agence-brevets\/","og_locale":"fr_FR","og_type":"article","og_title":"Agence BREVETS - Yecora Patent Agency","og_description":"Proc\u00e9dures d&rsquo;enregistrement aupr\u00e8s des Organismes Publics de propri\u00e9t\u00e9 industrielle et intellectuelle et surveillance des intrus. Pour l&rsquo;exercice des droits de propri\u00e9t\u00e9 industrielle, l&rsquo;enregistrement aupr\u00e8s des organismes publics de propri\u00e9t\u00e9 industrielle ... lire plus","og_url":"https:\/\/yecora.com\/fr\/agence-brevets\/","og_site_name":"Yecora Patent Agency","article_modified_time":"2023-07-28T10:44:14+00:00","og_image":[{"width":2500,"height":2164,"url":"https:\/\/yecora.com\/wp-content\/uploads\/2023\/07\/foto-rellotge-yecora.jpg","type":"image\/jpeg"}],"twitter_card":"summary_large_image","twitter_misc":{"Dur\u00e9e de lecture estim\u00e9e":"4 minutes"},"schema":{"@context":"https:\/\/schema.org","@graph":[{"@type":"WebPage","@id":"https:\/\/yecora.com\/fr\/agence-brevets\/","url":"https:\/\/yecora.com\/fr\/agence-brevets\/","name":"Agence BREVETS - Yecora Patent Agency","isPartOf":{"@id":"https:\/\/yecora.com\/#website"},"primaryImageOfPage":{"@id":"https:\/\/yecora.com\/fr\/agence-brevets\/#primaryimage"},"image":{"@id":"https:\/\/yecora.com\/fr\/agence-brevets\/#primaryimage"},"thumbnailUrl":"https:\/\/yecora.com\/wp-content\/uploads\/2023\/07\/foto-rellotge-yecora.jpg","datePublished":"2023-05-26T09:23:01+00:00","dateModified":"2023-07-28T10:44:14+00:00","breadcrumb":{"@id":"https:\/\/yecora.com\/fr\/agence-brevets\/#breadcrumb"},"inLanguage":"fr-FR","potentialAction":[{"@type":"ReadAction","target":["https:\/\/yecora.com\/fr\/agence-brevets\/"]}]},{"@type":"ImageObject","inLanguage":"fr-FR","@id":"https:\/\/yecora.com\/fr\/agence-brevets\/#primaryimage","url":"https:\/\/yecora.com\/wp-content\/uploads\/2023\/07\/foto-rellotge-yecora.jpg","contentUrl":"https:\/\/yecora.com\/wp-content\/uploads\/2023\/07\/foto-rellotge-yecora.jpg","width":2500,"height":2164},{"@type":"BreadcrumbList","@id":"https:\/\/yecora.com\/fr\/agence-brevets\/#breadcrumb","itemListElement":[{"@type":"ListItem","position":1,"name":"Inici","item":"https:\/\/yecora.com\/fr\/maison\/"},{"@type":"ListItem","position":2,"name":"Agence BREVETS"}]},{"@type":"WebSite","@id":"https:\/\/yecora.com\/#website","url":"https:\/\/yecora.com\/","name":"Yecora Patent Agency","description":"Agentes patentes y marcas, Agencia de patentes, Barcelona, Marcas UE, Marcas Uni\u00f3n Europea, Dise\u00f1os UE, Marcas internacionales, Patentes Barcelona, Propiedad Intelectual, Propiedad Industrial, Derechos de autor, Patentes, Copyright, Agents patents i marques, Ag\u00e8ncia de patents, Barcelona, Marques UE, Marques Uni\u00f3 Europea, Dissenys UE, Marques internacionals, Patents Barcelona, Propietat Intel\u00b7lectual, Propietat Industrial, Drets d&#039;autor, Patents, Copyright, Patent and trademark agents, Patent Agency, Barcelona, EU Trademarks, European Union Trademarks, EU Designs, International Trademarks, Barcelona Patents, Intellectual Property, Industrial Property, Copyright, Patents, Copyright","publisher":{"@id":"https:\/\/yecora.com\/#organization"},"potentialAction":[{"@type":"SearchAction","target":{"@type":"EntryPoint","urlTemplate":"https:\/\/yecora.com\/?s={search_term_string}"},"query-input":{"@type":"PropertyValueSpecification","valueRequired":true,"valueName":"search_term_string"}}],"inLanguage":"fr-FR"},{"@type":"Organization","@id":"https:\/\/yecora.com\/#organization","name":"Yecora Patent Agency","alternateName":"Yecora","url":"https:\/\/yecora.com\/","logo":{"@type":"ImageObject","inLanguage":"fr-FR","@id":"https:\/\/yecora.com\/#\/schema\/logo\/image\/","url":"https:\/\/yecora.com\/wp-content\/uploads\/2023\/05\/logo_yecora_patent_agency.png","contentUrl":"https:\/\/yecora.com\/wp-content\/uploads\/2023\/05\/logo_yecora_patent_agency.png","width":210,"height":66,"caption":"Yecora Patent Agency"},"image":{"@id":"https:\/\/yecora.com\/#\/schema\/logo\/image\/"}}]}},"_links":{"self":[{"href":"https:\/\/yecora.com\/fr\/wp-json\/wp\/v2\/pages\/3708","targetHints":{"allow":["GET"]}}],"collection":[{"href":"https:\/\/yecora.com\/fr\/wp-json\/wp\/v2\/pages"}],"about":[{"href":"https:\/\/yecora.com\/fr\/wp-json\/wp\/v2\/types\/page"}],"author":[{"embeddable":true,"href":"https:\/\/yecora.com\/fr\/wp-json\/wp\/v2\/users\/1"}],"replies":[{"embeddable":true,"href":"https:\/\/yecora.com\/fr\/wp-json\/wp\/v2\/comments?post=3708"}],"version-history":[{"count":1,"href":"https:\/\/yecora.com\/fr\/wp-json\/wp\/v2\/pages\/3708\/revisions"}],"predecessor-version":[{"id":3877,"href":"https:\/\/yecora.com\/fr\/wp-json\/wp\/v2\/pages\/3708\/revisions\/3877"}],"wp:featuredmedia":[{"embeddable":true,"href":"https:\/\/yecora.com\/fr\/wp-json\/wp\/v2\/media\/3387"}],"wp:attachment":[{"href":"https:\/\/yecora.com\/fr\/wp-json\/wp\/v2\/media?parent=3708"}],"curies":[{"name":"wp","href":"https:\/\/api.w.org\/{rel}","templated":true}]}}