{"id":3705,"date":"2022-04-13T00:16:51","date_gmt":"2022-04-13T00:16:51","guid":{"rendered":"https:\/\/yecora.com\/faq\/"},"modified":"2023-07-27T15:27:29","modified_gmt":"2023-07-27T15:27:29","slug":"faq","status":"publish","type":"page","link":"https:\/\/yecora.com\/fr\/faq\/","title":{"rendered":"FAQ"},"content":{"rendered":"<div class=\"gb-container gb-container-0d065226\">\n<div class=\"gb-container gb-container-847445bc\" id=\"0\">\n<div class=\"gb-container gb-container-a49c1a14\">\n\n<a class=\"gb-button gb-button-15306e47 gb-button-text\" href=\"#1\">01 Pourquoi g\u00e9rer la Propri\u00e9t\u00e9 Industrielle de mon entreprise ?<\/a>\n\n\n\n<a class=\"gb-button gb-button-d9cf7071 gb-button-text\" href=\"#2\">02 Marques et leur protection en tant que \u00ab\u00a0marques d\u00e9pos\u00e9es\u00a0\u00bb \u00ae<\/a>\n\n\n\n<a class=\"gb-button gb-button-c118b76b gb-button-text\" href=\"#3\">03 Les domaines sont-ils des marques sur Internet ?<\/a>\n\n\n\n<a class=\"gb-button gb-button-7f9ea432 gb-button-text\" href=\"#4\">04 Noms Commerciaux<\/a>\n\n\n\n<a class=\"gb-button gb-button-1eac2cbb gb-button-text\" href=\"#5\">05 Dessins, pr\u00e9sentation des produits et cr\u00e9ations en g\u00e9n\u00e9ral<\/a>\n\n\n\n<a class=\"gb-button gb-button-a580e143 gb-button-text\" href=\"#6\">06 Pourquoi g\u00e9rer la Propri\u00e9t\u00e9 Industrielle de mon entreprise ?<\/a>\n\n<\/div>\n<\/div>\n\n<div class=\"gb-container gb-container-e5d8c0fa\" id=\"1\">\n<div class=\"gb-container gb-container-5e8db98a\">\n\n<h2 class=\"gb-headline gb-headline-97e4dc86 gb-headline-text\">01<\/h2>\n\n\n\n<h2 class=\"gb-headline gb-headline-9fca3208 gb-headline-text\">Pourquoi g\u00e9rer la Propri\u00e9t\u00e9 Industrielle de mon entreprise ?  <\/h2>\n\n\n<div class=\"gb-container gb-container-f4423907\">\n\n<p class=\"gb-headline gb-headline-f7207095 gb-headline-text\">Il est n\u00e9cessaire de g\u00e9rer la Propri\u00e9t\u00e9 Industrielle des entreprises de la m\u00eame mani\u00e8re qu&rsquo;il est n\u00e9cessaire de g\u00e9rer le reste des Actifs qui font partie du Bilan.<\/p>\n\n\n\n<p class=\"gb-headline gb-headline-727bc8cc gb-headline-text\">Le fait qu&rsquo;elles soient Immat\u00e9rielles ne les prive pas de leur statut de Patrimoine d&rsquo;Entreprise, avec tout ce que cela implique. Il est donc n\u00e9cessaire de pr\u00e9server la valeur \u00e9conomique des propres Brevets, Marques et Mod\u00e8les :<\/p>\n\n\n\n<p class=\"gb-headline gb-headline-aefba1f9 gb-headline-text\">A. Conna\u00eetre \u00e0 tout moment l&rsquo;\u00e9tat actualis\u00e9 du portefeuille de propri\u00e9t\u00e9 industrielle<\/p>\n\n\n\n<p class=\"gb-headline gb-headline-ae816d68 gb-headline-text\">B. Evaluer l&rsquo;ad\u00e9quation de ce Portefeuille aux besoins de protection et d&rsquo;exploitation de l&rsquo;entreprise.<\/p>\n\n\n\n<p class=\"gb-headline gb-headline-0480087c gb-headline-text\">C. Exercer une action de surveillance des droits de monopole, emp\u00eachant des tiers d&rsquo;acqu\u00e9rir des droits similaires qui d\u00e9valorisent le propre portefeuille de brevets et de marques.  <\/p>\n\n<\/div>\n<\/div>\n<\/div>\n\n<div class=\"gb-container gb-container-863cc843\" id=\"2\">\n<div class=\"gb-container gb-container-72cc6f51\">\n\n<h2 class=\"gb-headline gb-headline-1d4f9189 gb-headline-text\">02<\/h2>\n\n\n\n<h2 class=\"gb-headline gb-headline-850e356c gb-headline-text\">Les marques et leur protection en tant que \u00ab\u00a0marques d\u00e9pos\u00e9es\u00a0\u00bb \u00ae<\/h2>\n\n\n<div class=\"gb-container gb-container-3e928d83\">\n\n<p>Qu&rsquo;est-ce qu&rsquo;une marque\u00a0? Les marques sont ces signes (noms, logos, formes tridimensionnelles, sons, odeurs et combinaisons de tous) qui servent \u00e0 distinguer un certain produit ou service d&rsquo;un autre diff\u00e9rent sur le march\u00e9.<\/p>\n\n\n\n<p>Pourquoi est-il n\u00e9cessaire de l&rsquo;enregistrer afin d&rsquo;obtenir le droit d&rsquo;utilisation exclusive de la marque susmentionn\u00e9e, dans le but d&#8217;emp\u00eacher des tiers non autoris\u00e9s de l&rsquo;utiliser de mani\u00e8re ind\u00e9sirable, provoquant ainsi une confusion sur le march\u00e9.<\/p>\n\n\n\n<p>L&rsquo;acquisition d&rsquo;un enregistrement de marque implique l&rsquo;obtention d&rsquo;un Droit de Propri\u00e9t\u00e9 sur un Signe Distinctif, \u00e0 caract\u00e8re ind\u00e9termin\u00e9. De telle sorte qu&rsquo;une marque devient un Patrimoine d&rsquo;Entreprise et, \u00e0 ce titre, constitue un facteur de valorisation de l&rsquo;entreprise qui la poss\u00e8de.<\/p>\n\n\n\n<p>\u00c9tendue g\u00e9ographique de la protection : Elle va de la plus \u00e9l\u00e9mentaire qui est celle d&rsquo;un certain \u00c9tat, \u00e0 des formes globales de protection, telles que les marques internationales ou les marques communautaires.<\/p>\n\n<\/div>\n<\/div>\n<\/div>\n\n<div class=\"gb-container gb-container-298a6ac0\" id=\"3\">\n<div class=\"gb-container gb-container-1be45114\">\n\n<h2 class=\"gb-headline gb-headline-224b7717 gb-headline-text\">03<\/h2>\n\n\n\n<h2 class=\"gb-headline gb-headline-f8c38b0c gb-headline-text\">Les domaines sont-ils des marques d\u00e9pos\u00e9es sur Internet&nbsp;?<\/h2>\n\n\n<div class=\"gb-container gb-container-0f5f3b1a\">\n\n<p>Les domaines sur \u00ab\u00a0internet\u00a0\u00bb sont les d\u00e9nominations qui identifient un certain \u00ab\u00a0site web\u00a0\u00bb ou \u00ab\u00a0site web\u00a0\u00bb, et, en tant que tels identifiants, constituent une forme d&rsquo;utilisation de la marque, lorsque le web vers lequel ils dirigent est l&rsquo;entreprise ou une entreprise ou celle d&rsquo;une entit\u00e9 publiquement connue.<\/p>\n\n\n\n<p>Cependant, l&rsquo;utilisation de marques sur Internet va au-del\u00e0 des adresses Internet (domaines), puisque, sur un m\u00eame site Web, des marques (noms, graphismes, etc.) peuvent \u00eatre utilis\u00e9es comme contenu.<\/p>\n\n\n\n<p>En outre, le m\u00eame \u00ab\u00a0ICANN\u00a0\u00bb (organisme international de r\u00e9glementation pour l&rsquo;enregistrement de domaine), subordonne de plus en plus la r\u00e9glementation de l&rsquo;octroi de ce type d&rsquo;enregistrement \u00e0 la r\u00e9glementation internationale des marques, qui, contrairement \u00e0 celle des domaines, a le caract\u00e8re de loi, dans la plupart des r\u00e8gles de l&rsquo;OMC. (Organisation mondiale du commerce).<\/p>\n\n\n\n<p>En r\u00e9sum\u00e9 : Il est conseill\u00e9 d&rsquo;enregistrer les domaines que vous souhaitez utiliser pour identifier un site Web \u00e0 des fins publicitaires ; cependant, il convient \u00e9galement de prot\u00e9ger, par leur enregistrement appropri\u00e9 en tant que marques, les signes distinctifs (d\u00e9signations et\/ou graphiques et\/ou formes tridimensionnelles) qui identifient des produits ou des services dont l&rsquo;exclusivit\u00e9 d&rsquo;utilisation doit \u00eatre pr\u00e9serv\u00e9e, m\u00eame s&rsquo;ils sont utilis\u00e9s sur Internet.<\/p>\n\n<\/div>\n<\/div>\n<\/div>\n\n<div class=\"gb-container gb-container-a7681a33\" id=\"4\">\n<div class=\"gb-container gb-container-2bdd5c57\">\n\n<h2 class=\"gb-headline gb-headline-ced97542 gb-headline-text\">04<\/h2>\n\n\n\n<h2 class=\"gb-headline gb-headline-1736b162 gb-headline-text\">Noms commerciaux<\/h2>\n\n\n<div class=\"gb-container gb-container-6db2c6f1\">\n\n<p>Bien que les r\u00e8gles nationales et internationales tendent \u00e0 prot\u00e9ger les droits des titulaires d&rsquo;une certaine d\u00e9nomination sociale inscrite aupr\u00e8s des registres du commerce correspondants, contre une \u00e9ventuelle usurpation par des tiers qui entendent enregistrer les m\u00eames noms en tant que marques aupr\u00e8s des registres des brevets et des marques, la la v\u00e9rit\u00e9 est qu&rsquo;il est n\u00e9cessaire de prot\u00e9ger les noms commerciaux en tant que marques, si ceux-ci sont appliqu\u00e9s pour distinguer des produits et\/ou des services sur le march\u00e9.<\/p>\n\n<\/div>\n<\/div>\n<\/div>\n\n<div class=\"gb-container gb-container-5a54d18c\" id=\"5\">\n<div class=\"gb-container gb-container-f430e96d\">\n\n<h2 class=\"gb-headline gb-headline-c548df11 gb-headline-text\">05<\/h2>\n\n\n\n<h2 class=\"gb-headline gb-headline-7735e850 gb-headline-text\">Designs, pr\u00e9sentation des produits et cr\u00e9ations en g\u00e9n\u00e9ral<\/h2>\n\n\n<div class=\"gb-container gb-container-562547d2\">\n\n<p>Les modalit\u00e9s de protection du droit exclusif des dessins et mod\u00e8les de produits et de leur forme de pr\u00e9sentation (emballage, etc.) peuvent \u00eatre de deux types :<\/p>\n\n\n\n<p>Le <em>mod\u00e8le industriel<\/em><\/p>\n\n\n\n<p>La <em>marque tridimensionnelle<\/em><\/p>\n\n\n\n<p>Bien que les deux modalit\u00e9s permettent l&rsquo;obtention d&rsquo;un droit exclusif sur le dessin ou mod\u00e8le en question, l&rsquo;ad\u00e9quation de l&rsquo;une ou l&rsquo;autre modalit\u00e9 d\u00e9pendra de chaque cas sp\u00e9cifique.<\/p>\n\n\n\n<p>Par cons\u00e9quent, nous recommandons dans ce cas, comme dans le reste des cas, de consulter un professionnel qualifi\u00e9 en Propri\u00e9t\u00e9 Industrielle, car il n&rsquo;existe pas de formules \u00ab\u00a0standard\u00a0\u00bb applicables \u00e0 tous les cas. Il convient donc d&rsquo;analyser les caract\u00e9ristiques et les besoins de chaque cas sp\u00e9cifique afin d&rsquo;opter pour l&rsquo;une ou l&rsquo;autre modalit\u00e9.<\/p>\n\n<\/div>\n<\/div>\n<\/div>\n\n<div class=\"gb-container gb-container-359a0110\" id=\"6\">\n<div class=\"gb-container gb-container-e099fd0b\">\n\n<h2 class=\"gb-headline gb-headline-502b4cff gb-headline-text\">06<\/h2>\n\n\n\n<h2 class=\"gb-headline gb-headline-7b25e847 gb-headline-text\">Pourquoi g\u00e9rer la Propri\u00e9t\u00e9 Industrielle de mon entreprise ?<\/h2>\n\n\n<div class=\"gb-container gb-container-7eced1ba\">\n\n<p>Les inventions d\u00e9signent des cr\u00e9ations humaines \u00e0 caract\u00e8re original qui, pour \u00eatre brevetables (exclusivement prot\u00e9geables), doivent satisfaire \u00e0 toutes les conditions suivantes\u00a0:<\/p>\n\n\n\n<ul class=\"wp-block-list\">\n<li>\u00eatre nouveau<br\/>  La condition de \u00ab\u00a0nouveaut\u00e9\u00a0\u00bb suppose qu&rsquo;une invention n&rsquo;est pas incluse dans ce que l&rsquo;on appelle \u00ab\u00a0l&rsquo;\u00e9tat de la technique\u00a0\u00bb, c&rsquo;est-\u00e0-dire qu&rsquo;elle n&rsquo;a pas \u00e9t\u00e9 port\u00e9e \u00e0 la connaissance du public auparavant ou qu&rsquo;il n&rsquo;existe pas d&rsquo;autre invention qui soit similaire \u00e0 l&rsquo;invention qui est destin\u00e9e \u00e0 \u00eatre brevet\u00e9e.<br\/>En Espagne, la condition de nouveaut\u00e9 doit \u00eatre \u00ab mondiale \u00bb si l&rsquo;option de protection de l&rsquo;invention est le brevet ; et \u00ab\u00a0national\u00a0\u00bb si la forme de protection appropri\u00e9e \u00e0 l&rsquo;invention est celle de \u00ab\u00a0Mod\u00e8le d&rsquo;utilit\u00e9\u00a0\u00bb.<\/li>\n\n\n\n<li>Mener une activit\u00e9 inventive<br\/>  \u00ab\u00a0Activit\u00e9 inventive\u00a0\u00bb fait r\u00e9f\u00e9rence au fait qu&rsquo;une invention ne peut \u00eatre d\u00e9riv\u00e9e de mani\u00e8re \u00e9vidente pour un homme du m\u00e9tier de l&rsquo;\u00e9tat de la technique existant.<\/li>\n\n\n\n<li>\u00catre susceptible d&rsquo;une application industrielle<br\/>  Quant \u00e0 la condition \u00ab d&rsquo;application industrielle \u00bb, elle fait \u00e9videmment r\u00e9f\u00e9rence au fait que l&rsquo;invention \u00e0 breveter doit \u00eatre applicable \u00e0 l&rsquo;industrie tout en apportant des am\u00e9liorations \u00e0 son fonctionnement.<\/li>\n<\/ul>\n\n<\/div>\n<\/div>\n<\/div>\n<\/div>","protected":false},"excerpt":{"rendered":"<p>01 Pourquoi g\u00e9rer la Propri\u00e9t\u00e9 Industrielle de mon entreprise ? Il est n\u00e9cessaire de g\u00e9rer la Propri\u00e9t\u00e9 Industrielle des entreprises de la m\u00eame mani\u00e8re qu&rsquo;il est n\u00e9cessaire de g\u00e9rer le &#8230; <\/p>\n<p class=\"read-more-container\"><a title=\"FAQ\" class=\"read-more button\" href=\"https:\/\/yecora.com\/fr\/faq\/#more-3705\" aria-label=\"En savoir plus sur FAQ\">lire plus<\/a><\/p>\n","protected":false},"author":1,"featured_media":3405,"parent":0,"menu_order":0,"comment_status":"closed","ping_status":"closed","template":"","meta":{"om_disable_all_campaigns":false,"_monsterinsights_skip_tracking":false,"_monsterinsights_sitenote_active":false,"_monsterinsights_sitenote_note":"","_monsterinsights_sitenote_category":0,"footnotes":""},"class_list":{"0":"post-3705","1":"page","2":"type-page","3":"status-publish","4":"has-post-thumbnail","6":"infinite-scroll-item","7":"resize-featured-image"},"yoast_head":"<!-- This site is optimized with the Yoast SEO plugin v24.2 - https:\/\/yoast.com\/wordpress\/plugins\/seo\/ -->\n<title>FAQ - Yecora Patent Agency<\/title>\n<meta name=\"robots\" content=\"index, follow, max-snippet:-1, max-image-preview:large, max-video-preview:-1\" \/>\n<link rel=\"canonical\" href=\"https:\/\/yecora.com\/fr\/faq\/\" \/>\n<meta property=\"og:locale\" content=\"fr_FR\" \/>\n<meta property=\"og:type\" content=\"article\" \/>\n<meta property=\"og:title\" content=\"FAQ - Yecora Patent Agency\" \/>\n<meta property=\"og:description\" content=\"01 Pourquoi g\u00e9rer la Propri\u00e9t\u00e9 Industrielle de mon entreprise ? Il est n\u00e9cessaire de g\u00e9rer la Propri\u00e9t\u00e9 Industrielle des entreprises de la m\u00eame mani\u00e8re qu&rsquo;il est n\u00e9cessaire de g\u00e9rer le ... lire plus\" \/>\n<meta property=\"og:url\" content=\"https:\/\/yecora.com\/fr\/faq\/\" \/>\n<meta property=\"og:site_name\" content=\"Yecora Patent Agency\" \/>\n<meta property=\"article:modified_time\" content=\"2023-07-27T15:27:29+00:00\" \/>\n<meta property=\"og:image\" content=\"https:\/\/yecora.com\/wp-content\/uploads\/2023\/07\/cel-vaixells-yecora-1800x1350.jpg\" \/>\n\t<meta property=\"og:image:width\" content=\"1800\" \/>\n\t<meta property=\"og:image:height\" content=\"1350\" \/>\n\t<meta property=\"og:image:type\" content=\"image\/jpeg\" \/>\n<meta name=\"twitter:card\" content=\"summary_large_image\" \/>\n<meta name=\"twitter:label1\" content=\"Dur\u00e9e de lecture estim\u00e9e\" \/>\n\t<meta name=\"twitter:data1\" content=\"5 minutes\" \/>\n<script type=\"application\/ld+json\" class=\"yoast-schema-graph\">{\"@context\":\"https:\/\/schema.org\",\"@graph\":[{\"@type\":\"WebPage\",\"@id\":\"https:\/\/yecora.com\/fr\/faq\/\",\"url\":\"https:\/\/yecora.com\/fr\/faq\/\",\"name\":\"FAQ - Yecora Patent Agency\",\"isPartOf\":{\"@id\":\"https:\/\/yecora.com\/#website\"},\"primaryImageOfPage\":{\"@id\":\"https:\/\/yecora.com\/fr\/faq\/#primaryimage\"},\"image\":{\"@id\":\"https:\/\/yecora.com\/fr\/faq\/#primaryimage\"},\"thumbnailUrl\":\"https:\/\/yecora.com\/wp-content\/uploads\/2023\/07\/cel-vaixells-yecora.jpg\",\"datePublished\":\"2022-04-13T00:16:51+00:00\",\"dateModified\":\"2023-07-27T15:27:29+00:00\",\"breadcrumb\":{\"@id\":\"https:\/\/yecora.com\/fr\/faq\/#breadcrumb\"},\"inLanguage\":\"fr-FR\",\"potentialAction\":[{\"@type\":\"ReadAction\",\"target\":[\"https:\/\/yecora.com\/fr\/faq\/\"]}]},{\"@type\":\"ImageObject\",\"inLanguage\":\"fr-FR\",\"@id\":\"https:\/\/yecora.com\/fr\/faq\/#primaryimage\",\"url\":\"https:\/\/yecora.com\/wp-content\/uploads\/2023\/07\/cel-vaixells-yecora.jpg\",\"contentUrl\":\"https:\/\/yecora.com\/wp-content\/uploads\/2023\/07\/cel-vaixells-yecora.jpg\",\"width\":2500,\"height\":1875,\"caption\":\"Cloudscape on the beach at the North Sea\"},{\"@type\":\"BreadcrumbList\",\"@id\":\"https:\/\/yecora.com\/fr\/faq\/#breadcrumb\",\"itemListElement\":[{\"@type\":\"ListItem\",\"position\":1,\"name\":\"Inici\",\"item\":\"https:\/\/yecora.com\/fr\/maison\/\"},{\"@type\":\"ListItem\",\"position\":2,\"name\":\"FAQ\"}]},{\"@type\":\"WebSite\",\"@id\":\"https:\/\/yecora.com\/#website\",\"url\":\"https:\/\/yecora.com\/\",\"name\":\"Yecora Patent Agency\",\"description\":\"Agentes patentes y marcas, Agencia de patentes, Barcelona, Marcas UE, Marcas Uni\u00f3n Europea, Dise\u00f1os UE, Marcas internacionales, Patentes Barcelona, Propiedad Intelectual, Propiedad Industrial, Derechos de autor, Patentes, Copyright, Agents patents i marques, Ag\u00e8ncia de patents, Barcelona, Marques UE, Marques Uni\u00f3 Europea, Dissenys UE, Marques internacionals, Patents Barcelona, Propietat Intel\u00b7lectual, Propietat Industrial, Drets d&#039;autor, Patents, Copyright, Patent and trademark agents, Patent Agency, Barcelona, EU Trademarks, European Union Trademarks, EU Designs, International Trademarks, Barcelona Patents, Intellectual Property, Industrial Property, Copyright, Patents, Copyright\",\"publisher\":{\"@id\":\"https:\/\/yecora.com\/#organization\"},\"potentialAction\":[{\"@type\":\"SearchAction\",\"target\":{\"@type\":\"EntryPoint\",\"urlTemplate\":\"https:\/\/yecora.com\/?s={search_term_string}\"},\"query-input\":{\"@type\":\"PropertyValueSpecification\",\"valueRequired\":true,\"valueName\":\"search_term_string\"}}],\"inLanguage\":\"fr-FR\"},{\"@type\":\"Organization\",\"@id\":\"https:\/\/yecora.com\/#organization\",\"name\":\"Yecora Patent Agency\",\"alternateName\":\"Yecora\",\"url\":\"https:\/\/yecora.com\/\",\"logo\":{\"@type\":\"ImageObject\",\"inLanguage\":\"fr-FR\",\"@id\":\"https:\/\/yecora.com\/#\/schema\/logo\/image\/\",\"url\":\"https:\/\/yecora.com\/wp-content\/uploads\/2023\/05\/logo_yecora_patent_agency.png\",\"contentUrl\":\"https:\/\/yecora.com\/wp-content\/uploads\/2023\/05\/logo_yecora_patent_agency.png\",\"width\":210,\"height\":66,\"caption\":\"Yecora Patent Agency\"},\"image\":{\"@id\":\"https:\/\/yecora.com\/#\/schema\/logo\/image\/\"}}]}<\/script>\n<!-- \/ Yoast SEO plugin. -->","yoast_head_json":{"title":"FAQ - Yecora Patent Agency","robots":{"index":"index","follow":"follow","max-snippet":"max-snippet:-1","max-image-preview":"max-image-preview:large","max-video-preview":"max-video-preview:-1"},"canonical":"https:\/\/yecora.com\/fr\/faq\/","og_locale":"fr_FR","og_type":"article","og_title":"FAQ - Yecora Patent Agency","og_description":"01 Pourquoi g\u00e9rer la Propri\u00e9t\u00e9 Industrielle de mon entreprise ? Il est n\u00e9cessaire de g\u00e9rer la Propri\u00e9t\u00e9 Industrielle des entreprises de la m\u00eame mani\u00e8re qu&rsquo;il est n\u00e9cessaire de g\u00e9rer le ... lire plus","og_url":"https:\/\/yecora.com\/fr\/faq\/","og_site_name":"Yecora Patent Agency","article_modified_time":"2023-07-27T15:27:29+00:00","og_image":[{"width":1800,"height":1350,"url":"https:\/\/yecora.com\/wp-content\/uploads\/2023\/07\/cel-vaixells-yecora-1800x1350.jpg","type":"image\/jpeg"}],"twitter_card":"summary_large_image","twitter_misc":{"Dur\u00e9e de lecture estim\u00e9e":"5 minutes"},"schema":{"@context":"https:\/\/schema.org","@graph":[{"@type":"WebPage","@id":"https:\/\/yecora.com\/fr\/faq\/","url":"https:\/\/yecora.com\/fr\/faq\/","name":"FAQ - Yecora Patent Agency","isPartOf":{"@id":"https:\/\/yecora.com\/#website"},"primaryImageOfPage":{"@id":"https:\/\/yecora.com\/fr\/faq\/#primaryimage"},"image":{"@id":"https:\/\/yecora.com\/fr\/faq\/#primaryimage"},"thumbnailUrl":"https:\/\/yecora.com\/wp-content\/uploads\/2023\/07\/cel-vaixells-yecora.jpg","datePublished":"2022-04-13T00:16:51+00:00","dateModified":"2023-07-27T15:27:29+00:00","breadcrumb":{"@id":"https:\/\/yecora.com\/fr\/faq\/#breadcrumb"},"inLanguage":"fr-FR","potentialAction":[{"@type":"ReadAction","target":["https:\/\/yecora.com\/fr\/faq\/"]}]},{"@type":"ImageObject","inLanguage":"fr-FR","@id":"https:\/\/yecora.com\/fr\/faq\/#primaryimage","url":"https:\/\/yecora.com\/wp-content\/uploads\/2023\/07\/cel-vaixells-yecora.jpg","contentUrl":"https:\/\/yecora.com\/wp-content\/uploads\/2023\/07\/cel-vaixells-yecora.jpg","width":2500,"height":1875,"caption":"Cloudscape on the beach at the North Sea"},{"@type":"BreadcrumbList","@id":"https:\/\/yecora.com\/fr\/faq\/#breadcrumb","itemListElement":[{"@type":"ListItem","position":1,"name":"Inici","item":"https:\/\/yecora.com\/fr\/maison\/"},{"@type":"ListItem","position":2,"name":"FAQ"}]},{"@type":"WebSite","@id":"https:\/\/yecora.com\/#website","url":"https:\/\/yecora.com\/","name":"Yecora Patent Agency","description":"Agentes patentes y marcas, Agencia de patentes, Barcelona, Marcas UE, Marcas Uni\u00f3n Europea, Dise\u00f1os UE, Marcas internacionales, Patentes Barcelona, Propiedad Intelectual, Propiedad Industrial, Derechos de autor, Patentes, Copyright, Agents patents i marques, Ag\u00e8ncia de patents, Barcelona, Marques UE, Marques Uni\u00f3 Europea, Dissenys UE, Marques internacionals, Patents Barcelona, Propietat Intel\u00b7lectual, Propietat Industrial, Drets d&#039;autor, Patents, Copyright, Patent and trademark agents, Patent Agency, Barcelona, EU Trademarks, European Union Trademarks, EU Designs, International Trademarks, Barcelona Patents, Intellectual Property, Industrial Property, Copyright, Patents, Copyright","publisher":{"@id":"https:\/\/yecora.com\/#organization"},"potentialAction":[{"@type":"SearchAction","target":{"@type":"EntryPoint","urlTemplate":"https:\/\/yecora.com\/?s={search_term_string}"},"query-input":{"@type":"PropertyValueSpecification","valueRequired":true,"valueName":"search_term_string"}}],"inLanguage":"fr-FR"},{"@type":"Organization","@id":"https:\/\/yecora.com\/#organization","name":"Yecora Patent Agency","alternateName":"Yecora","url":"https:\/\/yecora.com\/","logo":{"@type":"ImageObject","inLanguage":"fr-FR","@id":"https:\/\/yecora.com\/#\/schema\/logo\/image\/","url":"https:\/\/yecora.com\/wp-content\/uploads\/2023\/05\/logo_yecora_patent_agency.png","contentUrl":"https:\/\/yecora.com\/wp-content\/uploads\/2023\/05\/logo_yecora_patent_agency.png","width":210,"height":66,"caption":"Yecora Patent Agency"},"image":{"@id":"https:\/\/yecora.com\/#\/schema\/logo\/image\/"}}]}},"_links":{"self":[{"href":"https:\/\/yecora.com\/fr\/wp-json\/wp\/v2\/pages\/3705","targetHints":{"allow":["GET"]}}],"collection":[{"href":"https:\/\/yecora.com\/fr\/wp-json\/wp\/v2\/pages"}],"about":[{"href":"https:\/\/yecora.com\/fr\/wp-json\/wp\/v2\/types\/page"}],"author":[{"embeddable":true,"href":"https:\/\/yecora.com\/fr\/wp-json\/wp\/v2\/users\/1"}],"replies":[{"embeddable":true,"href":"https:\/\/yecora.com\/fr\/wp-json\/wp\/v2\/comments?post=3705"}],"version-history":[{"count":0,"href":"https:\/\/yecora.com\/fr\/wp-json\/wp\/v2\/pages\/3705\/revisions"}],"wp:featuredmedia":[{"embeddable":true,"href":"https:\/\/yecora.com\/fr\/wp-json\/wp\/v2\/media\/3405"}],"wp:attachment":[{"href":"https:\/\/yecora.com\/fr\/wp-json\/wp\/v2\/media?parent=3705"}],"curies":[{"name":"wp","href":"https:\/\/api.w.org\/{rel}","templated":true}]}}