{"id":3676,"date":"2023-05-26T09:38:35","date_gmt":"2023-05-26T09:38:35","guid":{"rendered":"https:\/\/yecora.com\/politique-de-cookies\/"},"modified":"2024-03-18T12:24:43","modified_gmt":"2024-03-18T12:24:43","slug":"politique-de-cookies","status":"publish","type":"page","link":"https:\/\/yecora.com\/fr\/politique-de-cookies\/","title":{"rendered":"Politique de cookies"},"content":{"rendered":"\n<p>Derni\u00e8re mise \u00e0 jour : 23 mai 2023<\/p>\n\n<h2 class=\"gb-headline gb-headline-71c5176a gb-headline-text\">Introduction<\/h2>\n\n<p>yecora.com utilise des cookies et d&rsquo;autres technologies similaires pour am\u00e9liorer l&rsquo;exp\u00e9rience utilisateur sur notre site Web et pour collecter des informations sur l&rsquo;utilisation du site Web. Cette politique de cookies d\u00e9crit ce que sont les cookies, comment nous les utilisons et comment les utilisateurs peuvent contr\u00f4ler l&rsquo;utilisation des cookies sur notre site Web.<\/p>\n\n<h2 class=\"gb-headline gb-headline-93e9b784 gb-headline-text\">Que sont les cookies ?<\/h2>\n\n<p>Les cookies sont de petits fichiers texte qui sont stock\u00e9s sur l&rsquo;appareil de l&rsquo;utilisateur lorsqu&rsquo;il visite un site Web. Les cookies permettent au site Web de m\u00e9moriser les actions et les pr\u00e9f\u00e9rences de l&rsquo;utilisateur (telles que la connexion, la s\u00e9lection de la langue ou les pr\u00e9f\u00e9rences d&rsquo;affichage) pendant un certain temps, afin que l&rsquo;utilisateur n&rsquo;ait pas \u00e0 ressaisir ces informations \u00e0 chaque fois que vous visitez le site Web. ou parcourir ses pages.<\/p>\n\n<h2 class=\"gb-headline gb-headline-3e95154c gb-headline-text\">Quel type de cookies utilisons-nous ?<\/h2>\n\n<p>Nous utilisons nos propres cookies et ceux de tiers sur notre site Web aux fins suivantes :<\/p>\n\n<p>Cookies essentiels : ces cookies sont n\u00e9cessaires au fonctionnement de base du site Web et ne peuvent pas \u00eatre d\u00e9sactiv\u00e9s dans nos syst\u00e8mes. Ils sont g\u00e9n\u00e9ralement n\u00e9cessaires pour permettre aux utilisateurs de se connecter, d&rsquo;effectuer des achats ou d&rsquo;utiliser les fonctions du site Web.<\/p>\n\n<p>Cookies de performance et d&rsquo;analyse : ces cookies nous permettent de collecter des informations sur la fa\u00e7on dont les utilisateurs utilisent notre site Web, telles que les pages qu&rsquo;ils visitent le plus souvent, les liens sur lesquels ils cliquent et s&rsquo;il y a des erreurs. Ces informations sont utilis\u00e9es pour am\u00e9liorer les performances du site Web et l&rsquo;exp\u00e9rience utilisateur.<\/p>\n\n<p>Cookies publicitaires : ces cookies sont utilis\u00e9s pour personnaliser les publicit\u00e9s pr\u00e9sent\u00e9es aux utilisateurs sur notre site Web et sur d&rsquo;autres sites Web. Ils sont \u00e9galement utilis\u00e9s pour limiter le nombre de diffusions d&rsquo;une publicit\u00e9 et pour mesurer l&rsquo;efficacit\u00e9 des campagnes publicitaires.<\/p>\n\n<h2 class=\"gb-headline gb-headline-596a3c77 gb-headline-text\">Comment contr\u00f4ler l&rsquo;utilisation des cookies ?<\/h2>\n\n<p>Les utilisateurs peuvent contr\u00f4ler l&rsquo;utilisation des cookies sur notre site Web via les param\u00e8tres de leur navigateur. La plupart des navigateurs Web permettent aux utilisateurs d&rsquo;accepter ou de rejeter tous les cookies ou de n&rsquo;accepter que certains types de cookies. Les utilisateurs peuvent \u00e9galement supprimer \u00e0 tout moment les cookies existants sur leur appareil. Toutefois, si un utilisateur d\u00e9sactive ou supprime les cookies, certaines fonctions du site Web peuvent ne pas fonctionner correctement.<\/p>\n\n<p>De plus, notre site Web utilise des cookies tiers aux fins d\u00e9crites ci-dessus. Les utilisateurs peuvent contr\u00f4ler l&rsquo;utilisation de ces cookies tiers via les param\u00e8tres de leur navigateur ou en utilisant les outils de confidentialit\u00e9 fournis par des tiers.<\/p>\n\n<h2 class=\"gb-headline gb-headline-0b6a3e7b gb-headline-text\">Modifications de notre politique en mati\u00e8re de cookies<\/h2>\n\n<p>Nous pouvons mettre \u00e0 jour cette politique de cookies de temps \u00e0 autre. Si nous apportons des modifications importantes \u00e0 la mani\u00e8re dont nous utilisons les cookies, nous publierons une notification bien visible sur notre site Web ou enverrons une notification par e-mail aux utilisateurs enregistr\u00e9s. Les utilisateurs doivent consulter r\u00e9guli\u00e8rement cette politique de cookies pour \u00eatre au courant de tout changement.<\/p>\n\n<h2 class=\"gb-headline gb-headline-600b3bd8 gb-headline-text\">contact<\/h2>\n\n<p>Si vous avez des questions ou des pr\u00e9occupations concernant notre politique en mati\u00e8re de cookies, veuillez nous contacter via les coordonn\u00e9es fournies sur notre site Web.<\/p>\n","protected":false},"excerpt":{"rendered":"<p>Derni\u00e8re mise \u00e0 jour : 23 mai 2023 Introduction yecora.com utilise des cookies et d&rsquo;autres technologies similaires pour am\u00e9liorer l&rsquo;exp\u00e9rience utilisateur sur notre site Web et pour collecter des informations &#8230; <\/p>\n<p class=\"read-more-container\"><a title=\"Politique de cookies\" class=\"read-more button\" href=\"https:\/\/yecora.com\/fr\/politique-de-cookies\/#more-3676\" aria-label=\"En savoir plus sur Politique de cookies\">lire plus<\/a><\/p>\n","protected":false},"author":1,"featured_media":3132,"parent":0,"menu_order":0,"comment_status":"closed","ping_status":"closed","template":"","meta":{"om_disable_all_campaigns":false,"_monsterinsights_skip_tracking":false,"_monsterinsights_sitenote_active":false,"_monsterinsights_sitenote_note":"","_monsterinsights_sitenote_category":0,"footnotes":""},"class_list":{"0":"post-3676","1":"page","2":"type-page","3":"status-publish","4":"has-post-thumbnail","6":"infinite-scroll-item","7":"resize-featured-image"},"yoast_head":"<!-- This site is optimized with the Yoast SEO plugin v24.2 - https:\/\/yoast.com\/wordpress\/plugins\/seo\/ -->\n<title>Politique de cookies - Yecora Patent Agency<\/title>\n<meta name=\"robots\" content=\"index, follow, max-snippet:-1, max-image-preview:large, max-video-preview:-1\" \/>\n<link rel=\"canonical\" href=\"https:\/\/yecora.com\/fr\/politique-de-cookies\/\" \/>\n<meta property=\"og:locale\" content=\"fr_FR\" \/>\n<meta property=\"og:type\" content=\"article\" \/>\n<meta property=\"og:title\" content=\"Politique de cookies - Yecora Patent Agency\" \/>\n<meta property=\"og:description\" content=\"Derni\u00e8re mise \u00e0 jour : 23 mai 2023 Introduction yecora.com utilise des cookies et d&rsquo;autres technologies similaires pour am\u00e9liorer l&rsquo;exp\u00e9rience utilisateur sur notre site Web et pour collecter des informations ... lire plus\" \/>\n<meta property=\"og:url\" content=\"https:\/\/yecora.com\/fr\/politique-de-cookies\/\" \/>\n<meta property=\"og:site_name\" content=\"Yecora Patent Agency\" \/>\n<meta property=\"article:modified_time\" content=\"2024-03-18T12:24:43+00:00\" \/>\n<meta property=\"og:image\" content=\"https:\/\/yecora.com\/wp-content\/uploads\/2023\/05\/Screenshot-2023-05-12-at-22.48-1-6.png\" \/>\n\t<meta property=\"og:image:width\" content=\"1600\" \/>\n\t<meta property=\"og:image:height\" content=\"672\" \/>\n\t<meta property=\"og:image:type\" content=\"image\/png\" \/>\n<meta name=\"twitter:card\" content=\"summary_large_image\" \/>\n<meta name=\"twitter:label1\" content=\"Dur\u00e9e de lecture estim\u00e9e\" \/>\n\t<meta name=\"twitter:data1\" content=\"3 minutes\" \/>\n<script type=\"application\/ld+json\" class=\"yoast-schema-graph\">{\"@context\":\"https:\/\/schema.org\",\"@graph\":[{\"@type\":\"WebPage\",\"@id\":\"https:\/\/yecora.com\/fr\/politique-de-cookies\/\",\"url\":\"https:\/\/yecora.com\/fr\/politique-de-cookies\/\",\"name\":\"Politique de cookies - Yecora Patent Agency\",\"isPartOf\":{\"@id\":\"https:\/\/yecora.com\/#website\"},\"primaryImageOfPage\":{\"@id\":\"https:\/\/yecora.com\/fr\/politique-de-cookies\/#primaryimage\"},\"image\":{\"@id\":\"https:\/\/yecora.com\/fr\/politique-de-cookies\/#primaryimage\"},\"thumbnailUrl\":\"https:\/\/yecora.com\/wp-content\/uploads\/2023\/05\/Screenshot-2023-05-12-at-22.48-1-6.png\",\"datePublished\":\"2023-05-26T09:38:35+00:00\",\"dateModified\":\"2024-03-18T12:24:43+00:00\",\"breadcrumb\":{\"@id\":\"https:\/\/yecora.com\/fr\/politique-de-cookies\/#breadcrumb\"},\"inLanguage\":\"fr-FR\",\"potentialAction\":[{\"@type\":\"ReadAction\",\"target\":[\"https:\/\/yecora.com\/fr\/politique-de-cookies\/\"]}]},{\"@type\":\"ImageObject\",\"inLanguage\":\"fr-FR\",\"@id\":\"https:\/\/yecora.com\/fr\/politique-de-cookies\/#primaryimage\",\"url\":\"https:\/\/yecora.com\/wp-content\/uploads\/2023\/05\/Screenshot-2023-05-12-at-22.48-1-6.png\",\"contentUrl\":\"https:\/\/yecora.com\/wp-content\/uploads\/2023\/05\/Screenshot-2023-05-12-at-22.48-1-6.png\",\"width\":1600,\"height\":672},{\"@type\":\"BreadcrumbList\",\"@id\":\"https:\/\/yecora.com\/fr\/politique-de-cookies\/#breadcrumb\",\"itemListElement\":[{\"@type\":\"ListItem\",\"position\":1,\"name\":\"Inici\",\"item\":\"https:\/\/yecora.com\/fr\/maison\/\"},{\"@type\":\"ListItem\",\"position\":2,\"name\":\"Politique de cookies\"}]},{\"@type\":\"WebSite\",\"@id\":\"https:\/\/yecora.com\/#website\",\"url\":\"https:\/\/yecora.com\/\",\"name\":\"Yecora Patent Agency\",\"description\":\"Agentes patentes y marcas, Agencia de patentes, Barcelona, Marcas UE, Marcas Uni\u00f3n Europea, Dise\u00f1os UE, Marcas internacionales, Patentes Barcelona, Propiedad Intelectual, Propiedad Industrial, Derechos de autor, Patentes, Copyright, Agents patents i marques, Ag\u00e8ncia de patents, Barcelona, Marques UE, Marques Uni\u00f3 Europea, Dissenys UE, Marques internacionals, Patents Barcelona, Propietat Intel\u00b7lectual, Propietat Industrial, Drets d&#039;autor, Patents, Copyright, Patent and trademark agents, Patent Agency, Barcelona, EU Trademarks, European Union Trademarks, EU Designs, International Trademarks, Barcelona Patents, Intellectual Property, Industrial Property, Copyright, Patents, Copyright\",\"publisher\":{\"@id\":\"https:\/\/yecora.com\/#organization\"},\"potentialAction\":[{\"@type\":\"SearchAction\",\"target\":{\"@type\":\"EntryPoint\",\"urlTemplate\":\"https:\/\/yecora.com\/?s={search_term_string}\"},\"query-input\":{\"@type\":\"PropertyValueSpecification\",\"valueRequired\":true,\"valueName\":\"search_term_string\"}}],\"inLanguage\":\"fr-FR\"},{\"@type\":\"Organization\",\"@id\":\"https:\/\/yecora.com\/#organization\",\"name\":\"Yecora Patent Agency\",\"alternateName\":\"Yecora\",\"url\":\"https:\/\/yecora.com\/\",\"logo\":{\"@type\":\"ImageObject\",\"inLanguage\":\"fr-FR\",\"@id\":\"https:\/\/yecora.com\/#\/schema\/logo\/image\/\",\"url\":\"https:\/\/yecora.com\/wp-content\/uploads\/2023\/05\/logo_yecora_patent_agency.png\",\"contentUrl\":\"https:\/\/yecora.com\/wp-content\/uploads\/2023\/05\/logo_yecora_patent_agency.png\",\"width\":210,\"height\":66,\"caption\":\"Yecora Patent Agency\"},\"image\":{\"@id\":\"https:\/\/yecora.com\/#\/schema\/logo\/image\/\"}}]}<\/script>\n<!-- \/ Yoast SEO plugin. -->","yoast_head_json":{"title":"Politique de cookies - Yecora Patent Agency","robots":{"index":"index","follow":"follow","max-snippet":"max-snippet:-1","max-image-preview":"max-image-preview:large","max-video-preview":"max-video-preview:-1"},"canonical":"https:\/\/yecora.com\/fr\/politique-de-cookies\/","og_locale":"fr_FR","og_type":"article","og_title":"Politique de cookies - Yecora Patent Agency","og_description":"Derni\u00e8re mise \u00e0 jour : 23 mai 2023 Introduction yecora.com utilise des cookies et d&rsquo;autres technologies similaires pour am\u00e9liorer l&rsquo;exp\u00e9rience utilisateur sur notre site Web et pour collecter des informations ... lire plus","og_url":"https:\/\/yecora.com\/fr\/politique-de-cookies\/","og_site_name":"Yecora Patent Agency","article_modified_time":"2024-03-18T12:24:43+00:00","og_image":[{"width":1600,"height":672,"url":"https:\/\/yecora.com\/wp-content\/uploads\/2023\/05\/Screenshot-2023-05-12-at-22.48-1-6.png","type":"image\/png"}],"twitter_card":"summary_large_image","twitter_misc":{"Dur\u00e9e de lecture estim\u00e9e":"3 minutes"},"schema":{"@context":"https:\/\/schema.org","@graph":[{"@type":"WebPage","@id":"https:\/\/yecora.com\/fr\/politique-de-cookies\/","url":"https:\/\/yecora.com\/fr\/politique-de-cookies\/","name":"Politique de cookies - Yecora Patent Agency","isPartOf":{"@id":"https:\/\/yecora.com\/#website"},"primaryImageOfPage":{"@id":"https:\/\/yecora.com\/fr\/politique-de-cookies\/#primaryimage"},"image":{"@id":"https:\/\/yecora.com\/fr\/politique-de-cookies\/#primaryimage"},"thumbnailUrl":"https:\/\/yecora.com\/wp-content\/uploads\/2023\/05\/Screenshot-2023-05-12-at-22.48-1-6.png","datePublished":"2023-05-26T09:38:35+00:00","dateModified":"2024-03-18T12:24:43+00:00","breadcrumb":{"@id":"https:\/\/yecora.com\/fr\/politique-de-cookies\/#breadcrumb"},"inLanguage":"fr-FR","potentialAction":[{"@type":"ReadAction","target":["https:\/\/yecora.com\/fr\/politique-de-cookies\/"]}]},{"@type":"ImageObject","inLanguage":"fr-FR","@id":"https:\/\/yecora.com\/fr\/politique-de-cookies\/#primaryimage","url":"https:\/\/yecora.com\/wp-content\/uploads\/2023\/05\/Screenshot-2023-05-12-at-22.48-1-6.png","contentUrl":"https:\/\/yecora.com\/wp-content\/uploads\/2023\/05\/Screenshot-2023-05-12-at-22.48-1-6.png","width":1600,"height":672},{"@type":"BreadcrumbList","@id":"https:\/\/yecora.com\/fr\/politique-de-cookies\/#breadcrumb","itemListElement":[{"@type":"ListItem","position":1,"name":"Inici","item":"https:\/\/yecora.com\/fr\/maison\/"},{"@type":"ListItem","position":2,"name":"Politique de cookies"}]},{"@type":"WebSite","@id":"https:\/\/yecora.com\/#website","url":"https:\/\/yecora.com\/","name":"Yecora Patent Agency","description":"Agentes patentes y marcas, Agencia de patentes, Barcelona, Marcas UE, Marcas Uni\u00f3n Europea, Dise\u00f1os UE, Marcas internacionales, Patentes Barcelona, Propiedad Intelectual, Propiedad Industrial, Derechos de autor, Patentes, Copyright, Agents patents i marques, Ag\u00e8ncia de patents, Barcelona, Marques UE, Marques Uni\u00f3 Europea, Dissenys UE, Marques internacionals, Patents Barcelona, Propietat Intel\u00b7lectual, Propietat Industrial, Drets d&#039;autor, Patents, Copyright, Patent and trademark agents, Patent Agency, Barcelona, EU Trademarks, European Union Trademarks, EU Designs, International Trademarks, Barcelona Patents, Intellectual Property, Industrial Property, Copyright, Patents, Copyright","publisher":{"@id":"https:\/\/yecora.com\/#organization"},"potentialAction":[{"@type":"SearchAction","target":{"@type":"EntryPoint","urlTemplate":"https:\/\/yecora.com\/?s={search_term_string}"},"query-input":{"@type":"PropertyValueSpecification","valueRequired":true,"valueName":"search_term_string"}}],"inLanguage":"fr-FR"},{"@type":"Organization","@id":"https:\/\/yecora.com\/#organization","name":"Yecora Patent Agency","alternateName":"Yecora","url":"https:\/\/yecora.com\/","logo":{"@type":"ImageObject","inLanguage":"fr-FR","@id":"https:\/\/yecora.com\/#\/schema\/logo\/image\/","url":"https:\/\/yecora.com\/wp-content\/uploads\/2023\/05\/logo_yecora_patent_agency.png","contentUrl":"https:\/\/yecora.com\/wp-content\/uploads\/2023\/05\/logo_yecora_patent_agency.png","width":210,"height":66,"caption":"Yecora Patent Agency"},"image":{"@id":"https:\/\/yecora.com\/#\/schema\/logo\/image\/"}}]}},"_links":{"self":[{"href":"https:\/\/yecora.com\/fr\/wp-json\/wp\/v2\/pages\/3676","targetHints":{"allow":["GET"]}}],"collection":[{"href":"https:\/\/yecora.com\/fr\/wp-json\/wp\/v2\/pages"}],"about":[{"href":"https:\/\/yecora.com\/fr\/wp-json\/wp\/v2\/types\/page"}],"author":[{"embeddable":true,"href":"https:\/\/yecora.com\/fr\/wp-json\/wp\/v2\/users\/1"}],"replies":[{"embeddable":true,"href":"https:\/\/yecora.com\/fr\/wp-json\/wp\/v2\/comments?post=3676"}],"version-history":[{"count":1,"href":"https:\/\/yecora.com\/fr\/wp-json\/wp\/v2\/pages\/3676\/revisions"}],"predecessor-version":[{"id":3941,"href":"https:\/\/yecora.com\/fr\/wp-json\/wp\/v2\/pages\/3676\/revisions\/3941"}],"wp:featuredmedia":[{"embeddable":true,"href":"https:\/\/yecora.com\/fr\/wp-json\/wp\/v2\/media\/3132"}],"wp:attachment":[{"href":"https:\/\/yecora.com\/fr\/wp-json\/wp\/v2\/media?parent=3676"}],"curies":[{"name":"wp","href":"https:\/\/api.w.org\/{rel}","templated":true}]}}