{"id":3657,"date":"2022-04-13T00:09:55","date_gmt":"2022-04-13T00:09:55","guid":{"rendered":"https:\/\/yecora.com\/equipe\/"},"modified":"2023-07-27T16:01:32","modified_gmt":"2023-07-27T16:01:32","slug":"equipe","status":"publish","type":"page","link":"https:\/\/yecora.com\/fr\/equipe\/","title":{"rendered":"\u00e9quipe"},"content":{"rendered":"<div class=\"gb-container gb-container-5ac95363 alignwide\">\n<div class=\"gb-container gb-container-2040277e\">\n\n<h3 class=\"gb-headline gb-headline-762e5250 gb-headline-text\">Notre \u00e9quipe est sp\u00e9cialis\u00e9e en gestion d&rsquo;entreprise,  <br>en droit de la propri\u00e9t\u00e9 intellectuelle et industrielle et en ing\u00e9nierie (industrielle et chimique).<\/h3>\n\n\n\n<p class=\"gb-headline gb-headline-e930dbb4 gb-headline-text\">Cette interdisciplinarit\u00e9 offre \u00e0 nos clients une vision d&rsquo;ensemble des dossiers bas\u00e9e sur la connaissance et l&rsquo;exp\u00e9rience et en m\u00eame temps sur la cr\u00e9ativit\u00e9 dans les approches ; ce qui nous permet d&rsquo;obtenir un pourcentage \u00e9lev\u00e9 de succ\u00e8s dans les cas que nous apportons.<\/p>\n\n<\/div>\n<\/div>\n\n<div class=\"gb-container gb-container-4ae3ab95 alignfull\">\n<div class=\"gb-container gb-container-e0edcce5\">\n\n<h2 class=\"gb-headline gb-headline-3bd55ad2 gb-headline-text\">Espace conseil aux entreprises  <\/h2>\n\n\n\n<h3 class=\"gb-headline gb-headline-813294d4 gb-headline-text\">ANGES Y\u00c9CORA GALLASTEGUI  <\/h3>\n\n\n\n<h4 class=\"gb-headline gb-headline-f9f64fb7 gb-headline-text\">Chef d&rsquo;agence<\/h4>\n\n\n<div class=\"gb-grid-wrapper gb-grid-wrapper-c94d905f\">\n<div class=\"gb-grid-column gb-grid-column-e7e85e47\"><div class=\"gb-container gb-container-e7e85e47\">\n\n<figure class=\"wp-block-image size-full is-resized\"><img loading=\"lazy\" decoding=\"async\" src=\"https:\/\/yecora.com\/wp-content\/uploads\/2023\/07\/Angels-Yecora-Gallastegui-1.jpg\" alt=\"\" class=\"wp-image-2727\" width=\"347\" height=\"345\"\/><\/figure>\n\n<\/div><\/div>\n\n<div class=\"gb-grid-column gb-grid-column-bc29c6d7\"><div class=\"gb-container gb-container-bc29c6d7\">\n\n<p class=\"gb-headline gb-headline-1c4f5009 gb-headline-text\">Il est Agent des Marques et Dessins et Mod\u00e8les de l&rsquo;Union Europ\u00e9enne et Internationale ; \u00e9tant Mandataire Professionnel Officiel aupr\u00e8s de l&rsquo;EUIPO (Office de l&rsquo;Union Europ\u00e9enne pour la Propri\u00e9t\u00e9 Intellectuelle) et \u00e9galement aupr\u00e8s de l&rsquo;OMPI (Office Mondial de la Propri\u00e9t\u00e9 Intellectuelle).<\/p>\n\n\n\n<p class=\"gb-headline gb-headline-2e24e3f2 gb-headline-text\">Il est \u00e9galement Agent Officiel de la Propri\u00e9t\u00e9 Industrielle en Espagne, enregistr\u00e9, ayant obtenu cette qualification par opposition devant le Minist\u00e8re de l&rsquo;Industrie d&rsquo;Espagne.<\/p>\n\n\n\n<p class=\"gb-headline gb-headline-bf3687dc gb-headline-text\">\u00c0ngels est \u00e9galement titulaire d&rsquo;un Master en gestion et administration des affaires de l&rsquo;ESADE School of Business ; ayant obtenu le dipl\u00f4me de : \u00ab MIM \u00bb : Master in International Management.<\/p>\n\n\n\n<p class=\"gb-headline gb-headline-3b2b99ff gb-headline-text\">Auparavant, il est dipl\u00f4m\u00e9 en philosophie et sciences de l&rsquo;\u00e9ducation \u00e0 l&rsquo;Universit\u00e9 de Barcelone. (UB).<\/p>\n\n\n\n<p class=\"gb-headline gb-headline-d0083a85 gb-headline-text\">Il conna\u00eet plusieurs langues au niveau parl\u00e9 et \u00e9crit : catalan, espagnol, anglais, fran\u00e7ais et allemand.  <br><br>Elle se consacre depuis plus de 20 ans au conseil et \u00e0 la gestion administrative des Actifs de Propri\u00e9t\u00e9 Industrielle et Intellectuelle de diverses entreprises et entit\u00e9s des sph\u00e8res publiques et priv\u00e9es ; sp\u00e9cialis\u00e9e dans la strat\u00e9gie de d\u00e9fense des Signes et Dessins Distinctifs.<\/p>\n\n<\/div><\/div>\n<\/div>\n<\/div>\n<\/div>\n\n<div class=\"gb-container gb-container-4031d253 alignfull\">\n<div class=\"gb-container gb-container-9da7d8c6\">\n\n<h2 class=\"gb-headline gb-headline-e65cbcea gb-headline-text\">Espace juridique  <\/h2>\n\n\n\n<h3 class=\"gb-headline gb-headline-2d74c025 gb-headline-text\">JOSEPH CRUANYES TOR  <\/h3>\n\n\n\n<h4 class=\"gb-headline gb-headline-8761ac40 gb-headline-text\">avocat  <\/h4>\n\n\n<div class=\"gb-grid-wrapper gb-grid-wrapper-fcf3deff\">\n<div class=\"gb-grid-column gb-grid-column-23b5bef4\"><div class=\"gb-container gb-container-23b5bef4\">\n\n<figure class=\"wp-block-image size-full is-resized\"><img loading=\"lazy\" decoding=\"async\" src=\"https:\/\/yecora.com\/wp-content\/uploads\/2023\/07\/Cruanyes.jpg\" alt=\"\" class=\"wp-image-2723\" width=\"348\" height=\"313\" srcset=\"https:\/\/yecora.com\/wp-content\/uploads\/2023\/07\/Cruanyes.jpg 511w, https:\/\/yecora.com\/wp-content\/uploads\/2023\/07\/Cruanyes-300x269.jpg 300w\" sizes=\"auto, (max-width: 348px) 100vw, 348px\" \/><\/figure>\n\n<\/div><\/div>\n\n<div class=\"gb-grid-column gb-grid-column-3f01886f\"><div class=\"gb-container gb-container-3f01886f\">\n\n<p class=\"gb-headline gb-headline-0e49367e gb-headline-text\">Il est avocat en exercice depuis 1985; sp\u00e9cialis\u00e9e en droit de la propri\u00e9t\u00e9 intellectuelle et industrielle ainsi qu&rsquo;en droit du patrimoine culturel.<\/p>\n\n\n\n<p class=\"gb-headline gb-headline-54f5155f gb-headline-text\">Josep vient d&rsquo;une famille d&rsquo;avocats, en plus du droit, il a \u00e9galement cultiv\u00e9 sa passion pour la connaissance de l&rsquo;histoire.<\/p>\n\n\n\n<p class=\"gb-headline gb-headline-852668d5 gb-headline-text\">C&rsquo;est pourquoi, en plus d&rsquo;avoir un dipl\u00f4me en droit de l&rsquo;Universit\u00e9 de Barcelone, il a \u00e9galement un dipl\u00f4me en histoire de la m\u00eame universit\u00e9.<\/p>\n\n\n\n<p class=\"gb-headline gb-headline-2296aff2 gb-headline-text\">Parmi les postes repr\u00e9sentatifs qu&rsquo;il a occup\u00e9s, il convient de souligner qu&rsquo;il a \u00e9t\u00e9 chef de la section de droit de la propri\u00e9t\u00e9 intellectuelle de l&rsquo;Ordre des avocats de Barcelone, et qu&rsquo;il a \u00e9galement \u00e9t\u00e9 directeur de l&rsquo;Agence de protection des donn\u00e9es de Catalogne.  <\/p>\n\n\n\n<p class=\"gb-headline gb-headline-b44b7ab1 gb-headline-text\">Il conseille de multiples associations de cr\u00e9ateurs auxquelles il participe souvent \u00e9galement en tant que membre de leurs conseils d&rsquo;administration. Le cabinet traite l&rsquo;activit\u00e9 contentieuse et, d&rsquo;une mani\u00e8re g\u00e9n\u00e9rale, tous les contentieux pour le compte de nos clients ; son style \u00e9tant tr\u00e8s incisif, cr\u00e9atif et surtout tr\u00e8s efficace avec d&rsquo;excellents r\u00e9sultats.  <\/p>\n\n<\/div><\/div>\n<\/div>\n<\/div>\n<\/div>\n\n<div class=\"gb-container gb-container-f810ab88 alignfull\">\n<div class=\"gb-container gb-container-8a3a0c4c\">\n\n<h2 class=\"gb-headline gb-headline-0497d9d4 gb-headline-text\">Domaine technique  <\/h2>\n\n\n\n<h3 class=\"gb-headline gb-headline-6436221f gb-headline-text\">RAMON PE\u00d1ALOSA RODR\u00cdGUEZ<\/h3>\n\n\n\n<h4 class=\"gb-headline gb-headline-8d977a3d gb-headline-text\">Technicien collaborateur &#8211; Professionnel ind\u00e9pendant  <\/h4>\n\n\n\n<p>Ing\u00e9nieur Industriel, sp\u00e9cialis\u00e9 dans la branche Machinerie, depuis 1985.  <\/p>\n\n\n\n<p>Ramon excelle dans le conseil et la r\u00e9daction de rapports sur les brevets et les mod\u00e8les d&rsquo;utilit\u00e9 depuis 1990.<\/p>\n\n\n\n<p>Le point fort de Ramon est qu&rsquo;il cumule son activit\u00e9 professionnelle avec celle d&rsquo;un expert judiciaire sp\u00e9cialis\u00e9 dans l&rsquo;appr\u00e9ciation des conditions de brevetabilit\u00e9 (nouveaut\u00e9 et activit\u00e9 inventive avant tout), mati\u00e8re qui le rend tr\u00e8s connaisseur des caract\u00e9ristiques et de la forme qu&rsquo;elles doivent rev\u00eatir techniquement les rapports soient efficaces.  <\/p>\n\n<\/div>\n<\/div>","protected":false},"excerpt":{"rendered":"<p>Notre \u00e9quipe est sp\u00e9cialis\u00e9e en gestion d&rsquo;entreprise, en droit de la propri\u00e9t\u00e9 intellectuelle et industrielle et en ing\u00e9nierie (industrielle et chimique). Cette interdisciplinarit\u00e9 offre \u00e0 nos clients une vision d&rsquo;ensemble &#8230; <\/p>\n<p class=\"read-more-container\"><a title=\"\u00e9quipe\" class=\"read-more button\" href=\"https:\/\/yecora.com\/fr\/equipe\/#more-3657\" aria-label=\"En savoir plus sur \u00e9quipe\">lire plus<\/a><\/p>\n","protected":false},"author":1,"featured_media":3378,"parent":0,"menu_order":0,"comment_status":"closed","ping_status":"closed","template":"","meta":{"om_disable_all_campaigns":false,"_monsterinsights_skip_tracking":false,"_monsterinsights_sitenote_active":false,"_monsterinsights_sitenote_note":"","_monsterinsights_sitenote_category":0,"footnotes":""},"class_list":{"0":"post-3657","1":"page","2":"type-page","3":"status-publish","4":"has-post-thumbnail","6":"infinite-scroll-item","7":"resize-featured-image"},"yoast_head":"<!-- This site is optimized with the Yoast SEO plugin v24.2 - https:\/\/yoast.com\/wordpress\/plugins\/seo\/ -->\n<title>\u00e9quipe - Yecora Patent Agency<\/title>\n<meta name=\"robots\" content=\"index, follow, max-snippet:-1, max-image-preview:large, max-video-preview:-1\" \/>\n<link rel=\"canonical\" href=\"https:\/\/yecora.com\/fr\/equipe\/\" \/>\n<meta property=\"og:locale\" content=\"fr_FR\" \/>\n<meta property=\"og:type\" content=\"article\" \/>\n<meta property=\"og:title\" content=\"\u00e9quipe - Yecora Patent Agency\" \/>\n<meta property=\"og:description\" content=\"Notre \u00e9quipe est sp\u00e9cialis\u00e9e en gestion d&rsquo;entreprise, en droit de la propri\u00e9t\u00e9 intellectuelle et industrielle et en ing\u00e9nierie (industrielle et chimique). Cette interdisciplinarit\u00e9 offre \u00e0 nos clients une vision d&rsquo;ensemble ... lire plus\" \/>\n<meta property=\"og:url\" content=\"https:\/\/yecora.com\/fr\/equipe\/\" \/>\n<meta property=\"og:site_name\" content=\"Yecora Patent Agency\" \/>\n<meta property=\"article:modified_time\" content=\"2023-07-27T16:01:32+00:00\" \/>\n<meta property=\"og:image\" content=\"https:\/\/yecora.com\/wp-content\/uploads\/2023\/07\/pinya-castellers-yecora-registre-marques-scaled.jpg\" \/>\n\t<meta property=\"og:image:width\" content=\"2560\" \/>\n\t<meta property=\"og:image:height\" content=\"1707\" \/>\n\t<meta property=\"og:image:type\" content=\"image\/jpeg\" \/>\n<meta name=\"twitter:card\" content=\"summary_large_image\" \/>\n<meta name=\"twitter:label1\" content=\"Dur\u00e9e de lecture estim\u00e9e\" \/>\n\t<meta name=\"twitter:data1\" content=\"3 minutes\" \/>\n<script type=\"application\/ld+json\" class=\"yoast-schema-graph\">{\"@context\":\"https:\/\/schema.org\",\"@graph\":[{\"@type\":\"WebPage\",\"@id\":\"https:\/\/yecora.com\/fr\/equipe\/\",\"url\":\"https:\/\/yecora.com\/fr\/equipe\/\",\"name\":\"\u00e9quipe - Yecora Patent Agency\",\"isPartOf\":{\"@id\":\"https:\/\/yecora.com\/#website\"},\"primaryImageOfPage\":{\"@id\":\"https:\/\/yecora.com\/fr\/equipe\/#primaryimage\"},\"image\":{\"@id\":\"https:\/\/yecora.com\/fr\/equipe\/#primaryimage\"},\"thumbnailUrl\":\"https:\/\/yecora.com\/wp-content\/uploads\/2023\/07\/pinya-castellers-yecora-registre-marques-scaled.jpg\",\"datePublished\":\"2022-04-13T00:09:55+00:00\",\"dateModified\":\"2023-07-27T16:01:32+00:00\",\"breadcrumb\":{\"@id\":\"https:\/\/yecora.com\/fr\/equipe\/#breadcrumb\"},\"inLanguage\":\"fr-FR\",\"potentialAction\":[{\"@type\":\"ReadAction\",\"target\":[\"https:\/\/yecora.com\/fr\/equipe\/\"]}]},{\"@type\":\"ImageObject\",\"inLanguage\":\"fr-FR\",\"@id\":\"https:\/\/yecora.com\/fr\/equipe\/#primaryimage\",\"url\":\"https:\/\/yecora.com\/wp-content\/uploads\/2023\/07\/pinya-castellers-yecora-registre-marques-scaled.jpg\",\"contentUrl\":\"https:\/\/yecora.com\/wp-content\/uploads\/2023\/07\/pinya-castellers-yecora-registre-marques-scaled.jpg\",\"width\":2560,\"height\":1707},{\"@type\":\"BreadcrumbList\",\"@id\":\"https:\/\/yecora.com\/fr\/equipe\/#breadcrumb\",\"itemListElement\":[{\"@type\":\"ListItem\",\"position\":1,\"name\":\"Inici\",\"item\":\"https:\/\/yecora.com\/fr\/maison\/\"},{\"@type\":\"ListItem\",\"position\":2,\"name\":\"\u00e9quipe\"}]},{\"@type\":\"WebSite\",\"@id\":\"https:\/\/yecora.com\/#website\",\"url\":\"https:\/\/yecora.com\/\",\"name\":\"Yecora Patent Agency\",\"description\":\"Agentes patentes y marcas, Agencia de patentes, Barcelona, Marcas UE, Marcas Uni\u00f3n Europea, Dise\u00f1os UE, Marcas internacionales, Patentes Barcelona, Propiedad Intelectual, Propiedad Industrial, Derechos de autor, Patentes, Copyright, Agents patents i marques, Ag\u00e8ncia de patents, Barcelona, Marques UE, Marques Uni\u00f3 Europea, Dissenys UE, Marques internacionals, Patents Barcelona, Propietat Intel\u00b7lectual, Propietat Industrial, Drets d&#039;autor, Patents, Copyright, Patent and trademark agents, Patent Agency, Barcelona, EU Trademarks, European Union Trademarks, EU Designs, International Trademarks, Barcelona Patents, Intellectual Property, Industrial Property, Copyright, Patents, Copyright\",\"publisher\":{\"@id\":\"https:\/\/yecora.com\/#organization\"},\"potentialAction\":[{\"@type\":\"SearchAction\",\"target\":{\"@type\":\"EntryPoint\",\"urlTemplate\":\"https:\/\/yecora.com\/?s={search_term_string}\"},\"query-input\":{\"@type\":\"PropertyValueSpecification\",\"valueRequired\":true,\"valueName\":\"search_term_string\"}}],\"inLanguage\":\"fr-FR\"},{\"@type\":\"Organization\",\"@id\":\"https:\/\/yecora.com\/#organization\",\"name\":\"Yecora Patent Agency\",\"alternateName\":\"Yecora\",\"url\":\"https:\/\/yecora.com\/\",\"logo\":{\"@type\":\"ImageObject\",\"inLanguage\":\"fr-FR\",\"@id\":\"https:\/\/yecora.com\/#\/schema\/logo\/image\/\",\"url\":\"https:\/\/yecora.com\/wp-content\/uploads\/2023\/05\/logo_yecora_patent_agency.png\",\"contentUrl\":\"https:\/\/yecora.com\/wp-content\/uploads\/2023\/05\/logo_yecora_patent_agency.png\",\"width\":210,\"height\":66,\"caption\":\"Yecora Patent Agency\"},\"image\":{\"@id\":\"https:\/\/yecora.com\/#\/schema\/logo\/image\/\"}}]}<\/script>\n<!-- \/ Yoast SEO plugin. -->","yoast_head_json":{"title":"\u00e9quipe - Yecora Patent Agency","robots":{"index":"index","follow":"follow","max-snippet":"max-snippet:-1","max-image-preview":"max-image-preview:large","max-video-preview":"max-video-preview:-1"},"canonical":"https:\/\/yecora.com\/fr\/equipe\/","og_locale":"fr_FR","og_type":"article","og_title":"\u00e9quipe - Yecora Patent Agency","og_description":"Notre \u00e9quipe est sp\u00e9cialis\u00e9e en gestion d&rsquo;entreprise, en droit de la propri\u00e9t\u00e9 intellectuelle et industrielle et en ing\u00e9nierie (industrielle et chimique). Cette interdisciplinarit\u00e9 offre \u00e0 nos clients une vision d&rsquo;ensemble ... lire plus","og_url":"https:\/\/yecora.com\/fr\/equipe\/","og_site_name":"Yecora Patent Agency","article_modified_time":"2023-07-27T16:01:32+00:00","og_image":[{"width":2560,"height":1707,"url":"https:\/\/yecora.com\/wp-content\/uploads\/2023\/07\/pinya-castellers-yecora-registre-marques-scaled.jpg","type":"image\/jpeg"}],"twitter_card":"summary_large_image","twitter_misc":{"Dur\u00e9e de lecture estim\u00e9e":"3 minutes"},"schema":{"@context":"https:\/\/schema.org","@graph":[{"@type":"WebPage","@id":"https:\/\/yecora.com\/fr\/equipe\/","url":"https:\/\/yecora.com\/fr\/equipe\/","name":"\u00e9quipe - Yecora Patent Agency","isPartOf":{"@id":"https:\/\/yecora.com\/#website"},"primaryImageOfPage":{"@id":"https:\/\/yecora.com\/fr\/equipe\/#primaryimage"},"image":{"@id":"https:\/\/yecora.com\/fr\/equipe\/#primaryimage"},"thumbnailUrl":"https:\/\/yecora.com\/wp-content\/uploads\/2023\/07\/pinya-castellers-yecora-registre-marques-scaled.jpg","datePublished":"2022-04-13T00:09:55+00:00","dateModified":"2023-07-27T16:01:32+00:00","breadcrumb":{"@id":"https:\/\/yecora.com\/fr\/equipe\/#breadcrumb"},"inLanguage":"fr-FR","potentialAction":[{"@type":"ReadAction","target":["https:\/\/yecora.com\/fr\/equipe\/"]}]},{"@type":"ImageObject","inLanguage":"fr-FR","@id":"https:\/\/yecora.com\/fr\/equipe\/#primaryimage","url":"https:\/\/yecora.com\/wp-content\/uploads\/2023\/07\/pinya-castellers-yecora-registre-marques-scaled.jpg","contentUrl":"https:\/\/yecora.com\/wp-content\/uploads\/2023\/07\/pinya-castellers-yecora-registre-marques-scaled.jpg","width":2560,"height":1707},{"@type":"BreadcrumbList","@id":"https:\/\/yecora.com\/fr\/equipe\/#breadcrumb","itemListElement":[{"@type":"ListItem","position":1,"name":"Inici","item":"https:\/\/yecora.com\/fr\/maison\/"},{"@type":"ListItem","position":2,"name":"\u00e9quipe"}]},{"@type":"WebSite","@id":"https:\/\/yecora.com\/#website","url":"https:\/\/yecora.com\/","name":"Yecora Patent Agency","description":"Agentes patentes y marcas, Agencia de patentes, Barcelona, Marcas UE, Marcas Uni\u00f3n Europea, Dise\u00f1os UE, Marcas internacionales, Patentes Barcelona, Propiedad Intelectual, Propiedad Industrial, Derechos de autor, Patentes, Copyright, Agents patents i marques, Ag\u00e8ncia de patents, Barcelona, Marques UE, Marques Uni\u00f3 Europea, Dissenys UE, Marques internacionals, Patents Barcelona, Propietat Intel\u00b7lectual, Propietat Industrial, Drets d&#039;autor, Patents, Copyright, Patent and trademark agents, Patent Agency, Barcelona, EU Trademarks, European Union Trademarks, EU Designs, International Trademarks, Barcelona Patents, Intellectual Property, Industrial Property, Copyright, Patents, Copyright","publisher":{"@id":"https:\/\/yecora.com\/#organization"},"potentialAction":[{"@type":"SearchAction","target":{"@type":"EntryPoint","urlTemplate":"https:\/\/yecora.com\/?s={search_term_string}"},"query-input":{"@type":"PropertyValueSpecification","valueRequired":true,"valueName":"search_term_string"}}],"inLanguage":"fr-FR"},{"@type":"Organization","@id":"https:\/\/yecora.com\/#organization","name":"Yecora Patent Agency","alternateName":"Yecora","url":"https:\/\/yecora.com\/","logo":{"@type":"ImageObject","inLanguage":"fr-FR","@id":"https:\/\/yecora.com\/#\/schema\/logo\/image\/","url":"https:\/\/yecora.com\/wp-content\/uploads\/2023\/05\/logo_yecora_patent_agency.png","contentUrl":"https:\/\/yecora.com\/wp-content\/uploads\/2023\/05\/logo_yecora_patent_agency.png","width":210,"height":66,"caption":"Yecora Patent Agency"},"image":{"@id":"https:\/\/yecora.com\/#\/schema\/logo\/image\/"}}]}},"_links":{"self":[{"href":"https:\/\/yecora.com\/fr\/wp-json\/wp\/v2\/pages\/3657","targetHints":{"allow":["GET"]}}],"collection":[{"href":"https:\/\/yecora.com\/fr\/wp-json\/wp\/v2\/pages"}],"about":[{"href":"https:\/\/yecora.com\/fr\/wp-json\/wp\/v2\/types\/page"}],"author":[{"embeddable":true,"href":"https:\/\/yecora.com\/fr\/wp-json\/wp\/v2\/users\/1"}],"replies":[{"embeddable":true,"href":"https:\/\/yecora.com\/fr\/wp-json\/wp\/v2\/comments?post=3657"}],"version-history":[{"count":0,"href":"https:\/\/yecora.com\/fr\/wp-json\/wp\/v2\/pages\/3657\/revisions"}],"wp:featuredmedia":[{"embeddable":true,"href":"https:\/\/yecora.com\/fr\/wp-json\/wp\/v2\/media\/3378"}],"wp:attachment":[{"href":"https:\/\/yecora.com\/fr\/wp-json\/wp\/v2\/media?parent=3657"}],"curies":[{"name":"wp","href":"https:\/\/api.w.org\/{rel}","templated":true}]}}