{"id":3644,"date":"2022-04-13T00:13:43","date_gmt":"2022-04-13T00:13:43","guid":{"rendered":"https:\/\/yecora.com\/liens\/"},"modified":"2023-07-27T15:27:01","modified_gmt":"2023-07-27T15:27:01","slug":"liens","status":"publish","type":"page","link":"https:\/\/yecora.com\/fr\/liens\/","title":{"rendered":"liens"},"content":{"rendered":"<div class=\"gb-container gb-container-7b58470f\">\n<div class=\"gb-container gb-container-a6492502\">\n\n<h2 class=\"gb-headline gb-headline-23cf76d4 gb-headline-text\">Contacts avec les institutions de D\u00e9fense de la Propri\u00e9t\u00e9 Industrielle.<\/h2>\n\n<\/div>\n\n<div class=\"gb-container gb-container-6d911d11\">\n<div class=\"gb-grid-wrapper gb-grid-wrapper-e57311fa\">\n<div class=\"gb-grid-column gb-grid-column-d5ff13b6\"><div class=\"gb-container gb-container-d5ff13b6\">\n\n<h3 class=\"gb-headline gb-headline-6745941b gb-headline-text\">OMPI-OMPI<\/h3>\n\n\n\n<h4 class=\"gb-headline gb-headline-8245c251 gb-headline-text\">ORGANISATION MONDIALE DE LA PROPRI\u00c9T\u00c9 INTELLECTUELLE<\/h4>\n\n\n\n<div class=\"gb-headline gb-headline-a9adb23a gb-headline-text\"><a href=\"https:\/\/www.wipo.int\/portal\/es\/\" target=\"_blank\" rel=\"noreferrer noopener\">www.wipo.int<\/a><\/div>\n\n\n<div class=\"wp-block-image\">\n<figure class=\"aligncenter size-full is-resized\"><img loading=\"lazy\" decoding=\"async\" src=\"https:\/\/yecora.com\/wp-content\/uploads\/2023\/05\/image-1.png\" alt=\"\" class=\"wp-image-1269\" width=\"75\" height=\"80\"\/><\/figure><\/div>\n<\/div><\/div>\n\n<div class=\"gb-grid-column gb-grid-column-7809a6cb\"><div class=\"gb-container gb-container-7809a6cb\">\n\n<h3 class=\"gb-headline gb-headline-bcb43a8b gb-headline-text\">EUIPO<\/h3>\n\n\n\n<h4 class=\"gb-headline gb-headline-6120b4aa gb-headline-text\">OFFICE DE LA PROPRI\u00c9T\u00c9 INTELLECTUELLE DE L&rsquo;UNION EUROP\u00c9ENNE<\/h4>\n\n\n\n<div class=\"gb-headline gb-headline-880231e0 gb-headline-text\"><a href=\"https:\/\/euipo.europa.eu\/ohimportal\/es\/web\/guest\/home\" target=\"_blank\" rel=\"noreferrer noopener\">www.euipo.europa.eu<\/a><\/div>\n\n\n<div class=\"wp-block-image\">\n<figure class=\"aligncenter size-full is-resized\"><img loading=\"lazy\" decoding=\"async\" src=\"https:\/\/yecora.com\/wp-content\/uploads\/2023\/05\/image-2.png\" alt=\"\" class=\"wp-image-1651\" width=\"85\" height=\"84\"\/><\/figure><\/div>\n<\/div><\/div>\n\n<div class=\"gb-grid-column gb-grid-column-5389a4ee\"><div class=\"gb-container gb-container-5389a4ee\">\n\n<h3 class=\"gb-headline gb-headline-f7d6d9d5 gb-headline-text\">OEPM<\/h3>\n\n\n\n<h4 class=\"gb-headline gb-headline-ebd5606e gb-headline-text\">OFFICE ESPAGNOL DES BREVETS ET DES MARQUES<\/h4>\n\n\n\n<div class=\"gb-headline gb-headline-7295919c gb-headline-text\"><a href=\"http:\/\/www.oepm.es\/\" target=\"_blank\" rel=\"noreferrer noopener\">www.oepm.es<\/a><\/div>\n\n\n<div class=\"wp-block-image\">\n<figure class=\"aligncenter size-full is-resized\"><img loading=\"lazy\" decoding=\"async\" src=\"https:\/\/yecora.com\/wp-content\/uploads\/2023\/05\/image-3.png\" alt=\"\" class=\"wp-image-1652\" width=\"78\" height=\"93\"\/><\/figure><\/div>\n<\/div><\/div>\n\n<div class=\"gb-grid-column gb-grid-column-3234e436\"><div class=\"gb-container gb-container-3234e436\">\n\n<h3 class=\"gb-headline gb-headline-5f5d081a gb-headline-text\">AIPPI<\/h3>\n\n\n\n<h4 class=\"gb-headline gb-headline-901b28e4 gb-headline-text\">ASSOCIATION INTERNATIONALE POUR LA DEFENSE DE LA PROPRIETE INDUSTRIELLE<\/h4>\n\n\n\n<div class=\"gb-headline gb-headline-929ff444 gb-headline-text\"><a href=\"https:\/\/www.aippi.org\/\" target=\"_blank\" rel=\"noreferrer noopener\">www.aippi.org<\/a><\/div>\n\n\n<div class=\"wp-block-image\">\n<figure class=\"aligncenter size-full is-resized\"><img loading=\"lazy\" decoding=\"async\" src=\"https:\/\/yecora.com\/wp-content\/uploads\/2023\/05\/image-4.png\" alt=\"\" class=\"wp-image-1653\" width=\"81\" height=\"67\"\/><\/figure><\/div>\n<\/div><\/div>\n\n<div class=\"gb-grid-column gb-grid-column-7b97386b\"><div class=\"gb-container gb-container-7b97386b\">\n\n<h3 class=\"gb-headline gb-headline-84bc3a37 gb-headline-text\">COAPI<\/h3>\n\n\n\n<h4 class=\"gb-headline gb-headline-f4becd59 gb-headline-text\">COLLEGE DES AGENTS EN PROPRIETE INDUSTRIELLE<\/h4>\n\n\n\n<div class=\"gb-headline gb-headline-dd88b87a gb-headline-text\"><a href=\"https:\/\/www.coapi.org\/propiedad-industrial\/\" data-type=\"URL\" data-id=\"https:\/\/www.coapi.org\/propiedad-industrial\/\" target=\"_blank\" rel=\"noreferrer noopener\">www.coapi.org<\/a><\/div>\n\n\n<div class=\"wp-block-image\">\n<figure class=\"aligncenter size-full is-resized\"><img loading=\"lazy\" decoding=\"async\" src=\"https:\/\/yecora.com\/wp-content\/uploads\/2023\/05\/image-5.png\" alt=\"\" class=\"wp-image-1654\" width=\"81\" height=\"71\"\/><\/figure><\/div>\n<\/div><\/div>\n<\/div>\n<\/div>\n<\/div>","protected":false},"excerpt":{"rendered":"<p>Contacts avec les institutions de D\u00e9fense de la Propri\u00e9t\u00e9 Industrielle.<\/p>\n","protected":false},"author":1,"featured_media":3420,"parent":0,"menu_order":0,"comment_status":"closed","ping_status":"closed","template":"","meta":{"om_disable_all_campaigns":false,"_monsterinsights_skip_tracking":false,"_monsterinsights_sitenote_active":false,"_monsterinsights_sitenote_note":"","_monsterinsights_sitenote_category":0,"footnotes":""},"class_list":{"0":"post-3644","1":"page","2":"type-page","3":"status-publish","4":"has-post-thumbnail","6":"infinite-scroll-item","7":"resize-featured-image"},"yoast_head":"<!-- This site is optimized with the Yoast SEO plugin v24.2 - https:\/\/yoast.com\/wordpress\/plugins\/seo\/ -->\n<title>liens - Yecora Patent Agency<\/title>\n<meta name=\"robots\" content=\"index, follow, max-snippet:-1, max-image-preview:large, max-video-preview:-1\" \/>\n<link rel=\"canonical\" href=\"https:\/\/yecora.com\/fr\/liens\/\" \/>\n<meta property=\"og:locale\" content=\"fr_FR\" \/>\n<meta property=\"og:type\" content=\"article\" \/>\n<meta property=\"og:title\" content=\"liens - Yecora Patent Agency\" \/>\n<meta property=\"og:description\" content=\"Contacts avec les institutions de D\u00e9fense de la Propri\u00e9t\u00e9 Industrielle.\" \/>\n<meta property=\"og:url\" content=\"https:\/\/yecora.com\/fr\/liens\/\" \/>\n<meta property=\"og:site_name\" content=\"Yecora Patent Agency\" \/>\n<meta property=\"article:modified_time\" content=\"2023-07-27T15:27:01+00:00\" \/>\n<meta property=\"og:image\" content=\"https:\/\/yecora.com\/wp-content\/uploads\/2023\/07\/enllacos-yecora-1800x1200.jpg\" \/>\n\t<meta property=\"og:image:width\" content=\"1800\" \/>\n\t<meta property=\"og:image:height\" content=\"1200\" \/>\n\t<meta property=\"og:image:type\" content=\"image\/jpeg\" \/>\n<meta name=\"twitter:card\" content=\"summary_large_image\" \/>\n<script type=\"application\/ld+json\" class=\"yoast-schema-graph\">{\"@context\":\"https:\/\/schema.org\",\"@graph\":[{\"@type\":\"WebPage\",\"@id\":\"https:\/\/yecora.com\/fr\/liens\/\",\"url\":\"https:\/\/yecora.com\/fr\/liens\/\",\"name\":\"liens - Yecora Patent Agency\",\"isPartOf\":{\"@id\":\"https:\/\/yecora.com\/#website\"},\"primaryImageOfPage\":{\"@id\":\"https:\/\/yecora.com\/fr\/liens\/#primaryimage\"},\"image\":{\"@id\":\"https:\/\/yecora.com\/fr\/liens\/#primaryimage\"},\"thumbnailUrl\":\"https:\/\/yecora.com\/wp-content\/uploads\/2023\/07\/enllacos-yecora.jpg\",\"datePublished\":\"2022-04-13T00:13:43+00:00\",\"dateModified\":\"2023-07-27T15:27:01+00:00\",\"breadcrumb\":{\"@id\":\"https:\/\/yecora.com\/fr\/liens\/#breadcrumb\"},\"inLanguage\":\"fr-FR\",\"potentialAction\":[{\"@type\":\"ReadAction\",\"target\":[\"https:\/\/yecora.com\/fr\/liens\/\"]}]},{\"@type\":\"ImageObject\",\"inLanguage\":\"fr-FR\",\"@id\":\"https:\/\/yecora.com\/fr\/liens\/#primaryimage\",\"url\":\"https:\/\/yecora.com\/wp-content\/uploads\/2023\/07\/enllacos-yecora.jpg\",\"contentUrl\":\"https:\/\/yecora.com\/wp-content\/uploads\/2023\/07\/enllacos-yecora.jpg\",\"width\":2500,\"height\":1667},{\"@type\":\"BreadcrumbList\",\"@id\":\"https:\/\/yecora.com\/fr\/liens\/#breadcrumb\",\"itemListElement\":[{\"@type\":\"ListItem\",\"position\":1,\"name\":\"Inici\",\"item\":\"https:\/\/yecora.com\/fr\/maison\/\"},{\"@type\":\"ListItem\",\"position\":2,\"name\":\"liens\"}]},{\"@type\":\"WebSite\",\"@id\":\"https:\/\/yecora.com\/#website\",\"url\":\"https:\/\/yecora.com\/\",\"name\":\"Yecora Patent Agency\",\"description\":\"Agentes patentes y marcas, Agencia de patentes, Barcelona, Marcas UE, Marcas Uni\u00f3n Europea, Dise\u00f1os UE, Marcas internacionales, Patentes Barcelona, Propiedad Intelectual, Propiedad Industrial, Derechos de autor, Patentes, Copyright, Agents patents i marques, Ag\u00e8ncia de patents, Barcelona, Marques UE, Marques Uni\u00f3 Europea, Dissenys UE, Marques internacionals, Patents Barcelona, Propietat Intel\u00b7lectual, Propietat Industrial, Drets d&#039;autor, Patents, Copyright, Patent and trademark agents, Patent Agency, Barcelona, EU Trademarks, European Union Trademarks, EU Designs, International Trademarks, Barcelona Patents, Intellectual Property, Industrial Property, Copyright, Patents, Copyright\",\"publisher\":{\"@id\":\"https:\/\/yecora.com\/#organization\"},\"potentialAction\":[{\"@type\":\"SearchAction\",\"target\":{\"@type\":\"EntryPoint\",\"urlTemplate\":\"https:\/\/yecora.com\/?s={search_term_string}\"},\"query-input\":{\"@type\":\"PropertyValueSpecification\",\"valueRequired\":true,\"valueName\":\"search_term_string\"}}],\"inLanguage\":\"fr-FR\"},{\"@type\":\"Organization\",\"@id\":\"https:\/\/yecora.com\/#organization\",\"name\":\"Yecora Patent Agency\",\"alternateName\":\"Yecora\",\"url\":\"https:\/\/yecora.com\/\",\"logo\":{\"@type\":\"ImageObject\",\"inLanguage\":\"fr-FR\",\"@id\":\"https:\/\/yecora.com\/#\/schema\/logo\/image\/\",\"url\":\"https:\/\/yecora.com\/wp-content\/uploads\/2023\/05\/logo_yecora_patent_agency.png\",\"contentUrl\":\"https:\/\/yecora.com\/wp-content\/uploads\/2023\/05\/logo_yecora_patent_agency.png\",\"width\":210,\"height\":66,\"caption\":\"Yecora Patent Agency\"},\"image\":{\"@id\":\"https:\/\/yecora.com\/#\/schema\/logo\/image\/\"}}]}<\/script>\n<!-- \/ Yoast SEO plugin. -->","yoast_head_json":{"title":"liens - Yecora Patent Agency","robots":{"index":"index","follow":"follow","max-snippet":"max-snippet:-1","max-image-preview":"max-image-preview:large","max-video-preview":"max-video-preview:-1"},"canonical":"https:\/\/yecora.com\/fr\/liens\/","og_locale":"fr_FR","og_type":"article","og_title":"liens - Yecora Patent Agency","og_description":"Contacts avec les institutions de D\u00e9fense de la Propri\u00e9t\u00e9 Industrielle.","og_url":"https:\/\/yecora.com\/fr\/liens\/","og_site_name":"Yecora Patent Agency","article_modified_time":"2023-07-27T15:27:01+00:00","og_image":[{"width":1800,"height":1200,"url":"https:\/\/yecora.com\/wp-content\/uploads\/2023\/07\/enllacos-yecora-1800x1200.jpg","type":"image\/jpeg"}],"twitter_card":"summary_large_image","schema":{"@context":"https:\/\/schema.org","@graph":[{"@type":"WebPage","@id":"https:\/\/yecora.com\/fr\/liens\/","url":"https:\/\/yecora.com\/fr\/liens\/","name":"liens - Yecora Patent Agency","isPartOf":{"@id":"https:\/\/yecora.com\/#website"},"primaryImageOfPage":{"@id":"https:\/\/yecora.com\/fr\/liens\/#primaryimage"},"image":{"@id":"https:\/\/yecora.com\/fr\/liens\/#primaryimage"},"thumbnailUrl":"https:\/\/yecora.com\/wp-content\/uploads\/2023\/07\/enllacos-yecora.jpg","datePublished":"2022-04-13T00:13:43+00:00","dateModified":"2023-07-27T15:27:01+00:00","breadcrumb":{"@id":"https:\/\/yecora.com\/fr\/liens\/#breadcrumb"},"inLanguage":"fr-FR","potentialAction":[{"@type":"ReadAction","target":["https:\/\/yecora.com\/fr\/liens\/"]}]},{"@type":"ImageObject","inLanguage":"fr-FR","@id":"https:\/\/yecora.com\/fr\/liens\/#primaryimage","url":"https:\/\/yecora.com\/wp-content\/uploads\/2023\/07\/enllacos-yecora.jpg","contentUrl":"https:\/\/yecora.com\/wp-content\/uploads\/2023\/07\/enllacos-yecora.jpg","width":2500,"height":1667},{"@type":"BreadcrumbList","@id":"https:\/\/yecora.com\/fr\/liens\/#breadcrumb","itemListElement":[{"@type":"ListItem","position":1,"name":"Inici","item":"https:\/\/yecora.com\/fr\/maison\/"},{"@type":"ListItem","position":2,"name":"liens"}]},{"@type":"WebSite","@id":"https:\/\/yecora.com\/#website","url":"https:\/\/yecora.com\/","name":"Yecora Patent Agency","description":"Agentes patentes y marcas, Agencia de patentes, Barcelona, Marcas UE, Marcas Uni\u00f3n Europea, Dise\u00f1os UE, Marcas internacionales, Patentes Barcelona, Propiedad Intelectual, Propiedad Industrial, Derechos de autor, Patentes, Copyright, Agents patents i marques, Ag\u00e8ncia de patents, Barcelona, Marques UE, Marques Uni\u00f3 Europea, Dissenys UE, Marques internacionals, Patents Barcelona, Propietat Intel\u00b7lectual, Propietat Industrial, Drets d&#039;autor, Patents, Copyright, Patent and trademark agents, Patent Agency, Barcelona, EU Trademarks, European Union Trademarks, EU Designs, International Trademarks, Barcelona Patents, Intellectual Property, Industrial Property, Copyright, Patents, Copyright","publisher":{"@id":"https:\/\/yecora.com\/#organization"},"potentialAction":[{"@type":"SearchAction","target":{"@type":"EntryPoint","urlTemplate":"https:\/\/yecora.com\/?s={search_term_string}"},"query-input":{"@type":"PropertyValueSpecification","valueRequired":true,"valueName":"search_term_string"}}],"inLanguage":"fr-FR"},{"@type":"Organization","@id":"https:\/\/yecora.com\/#organization","name":"Yecora Patent Agency","alternateName":"Yecora","url":"https:\/\/yecora.com\/","logo":{"@type":"ImageObject","inLanguage":"fr-FR","@id":"https:\/\/yecora.com\/#\/schema\/logo\/image\/","url":"https:\/\/yecora.com\/wp-content\/uploads\/2023\/05\/logo_yecora_patent_agency.png","contentUrl":"https:\/\/yecora.com\/wp-content\/uploads\/2023\/05\/logo_yecora_patent_agency.png","width":210,"height":66,"caption":"Yecora Patent Agency"},"image":{"@id":"https:\/\/yecora.com\/#\/schema\/logo\/image\/"}}]}},"_links":{"self":[{"href":"https:\/\/yecora.com\/fr\/wp-json\/wp\/v2\/pages\/3644","targetHints":{"allow":["GET"]}}],"collection":[{"href":"https:\/\/yecora.com\/fr\/wp-json\/wp\/v2\/pages"}],"about":[{"href":"https:\/\/yecora.com\/fr\/wp-json\/wp\/v2\/types\/page"}],"author":[{"embeddable":true,"href":"https:\/\/yecora.com\/fr\/wp-json\/wp\/v2\/users\/1"}],"replies":[{"embeddable":true,"href":"https:\/\/yecora.com\/fr\/wp-json\/wp\/v2\/comments?post=3644"}],"version-history":[{"count":0,"href":"https:\/\/yecora.com\/fr\/wp-json\/wp\/v2\/pages\/3644\/revisions"}],"wp:featuredmedia":[{"embeddable":true,"href":"https:\/\/yecora.com\/fr\/wp-json\/wp\/v2\/media\/3420"}],"wp:attachment":[{"href":"https:\/\/yecora.com\/fr\/wp-json\/wp\/v2\/media?parent=3644"}],"curies":[{"name":"wp","href":"https:\/\/api.w.org\/{rel}","templated":true}]}}