{"id":3615,"date":"2022-04-13T00:09:12","date_gmt":"2022-04-13T00:09:12","guid":{"rendered":"https:\/\/yecora.com\/entreprise\/"},"modified":"2023-07-27T15:27:06","modified_gmt":"2023-07-27T15:27:06","slug":"entreprise","status":"publish","type":"page","link":"https:\/\/yecora.com\/fr\/entreprise\/","title":{"rendered":"entreprise"},"content":{"rendered":"<div class=\"gb-container gb-container-0cad5f4b alignfull\">\n<div class=\"gb-container gb-container-3b0bd832\">\n<div class=\"gb-container gb-container-ffda7ded\">\n<div class=\"gb-grid-wrapper gb-grid-wrapper-6d0f73bb\">\n<div class=\"gb-grid-column gb-grid-column-d17fed65\"><div class=\"gb-container gb-container-d17fed65\">\n\n<h3 class=\"gb-headline gb-headline-91fdde29 gb-headline-text\">La vocation mais aussi l&rsquo;activit\u00e9 de notre soci\u00e9t\u00e9 est de fournir \u00e0 nos clients un service global en mati\u00e8re de Protection de leurs actifs de Propri\u00e9t\u00e9 Intellectuelle.<\/h3>\n\n<\/div><\/div>\n\n<div class=\"gb-grid-column gb-grid-column-15a4d89b\"><div class=\"gb-container gb-container-15a4d89b\">\n\n<p class=\"gb-headline gb-headline-a6a6e1b2 gb-headline-text\">Nous allions imagination et exp\u00e9rience professionnelle, au service de nos clients dans l&rsquo;\u00e9tablissement d&rsquo;une strat\u00e9gie individualis\u00e9e de protection de leurs actifs en Propri\u00e9t\u00e9 Industrielle : Marques, Mod\u00e8les, Brevets et Droits d&rsquo;auteur.<\/p>\n\n<\/div><\/div>\n<\/div>\n<\/div>\n<\/div>\n<\/div><section class=\"gb-container gb-container-b462cc64 alignfull\">\n<div class=\"gb-container gb-container-d9b52979\">\n<div class=\"gb-container gb-container-1d412c02\" style=\"--background-image: url(https:\/\/yecora.com\/wp-content\/uploads\/2023\/06\/IMG_0423-1-scaled.jpg);\">\n\n<p class=\"gb-headline gb-headline-fdf102ac gb-headline-text\">Pour cette raison, nous sommes tr\u00e8s conscients du concept de Propri\u00e9t\u00e9 Industrielle, fondamentalement compris comme le \u00ab\u00a0Patrimoine d&rsquo;Entreprise\u00a0\u00bb autour duquel les d\u00e9cisions subordonn\u00e9es de&nbsp;:<\/p>\n\n<\/div>\n\n<div class=\"gb-container gb-container-12479548\">\n\n<p class=\"gb-headline gb-headline-96fb42f7\"><span class=\"gb-icon\"><svg xmlns=\"http:\/\/www.w3.org\/2000\/svg\" aria-hidden=\"true\" role=\"img\" height=\"1em\" width=\"1em\" viewbox=\"0 0 512 512\"><path fill=\"currentColor\" d=\"M256 56c110.532 0 200 89.451 200 200 0 110.532-89.451 200-200 200-110.532 0-200-89.451-200-200 0-110.532 89.451-200 200-200m0-48C119.033 8 8 119.033 8 256s111.033 248 248 248 248-111.033 248-248S392.967 8 256 8zm0 168c-44.183 0-80 35.817-80 80s35.817 80 80 80 80-35.817 80-80-35.817-80-80-80z\"><\/path><\/svg><\/span><span class=\"gb-headline-text\">La protection juridique appropri\u00e9e  <\/span><\/p>\n\n\n\n<p class=\"gb-headline gb-headline-e97c911e\"><span class=\"gb-icon\"><svg xmlns=\"http:\/\/www.w3.org\/2000\/svg\" aria-hidden=\"true\" role=\"img\" height=\"1em\" width=\"1em\" viewbox=\"0 0 512 512\"><path fill=\"currentColor\" d=\"M256 56c110.532 0 200 89.451 200 200 0 110.532-89.451 200-200 200-110.532 0-200-89.451-200-200 0-110.532 89.451-200 200-200m0-48C119.033 8 8 119.033 8 256s111.033 248 248 248 248-111.033 248-248S392.967 8 256 8zm0 168c-44.183 0-80 35.817-80 80s35.817 80 80 80 80-35.817 80-80-35.817-80-80-80z\"><\/path><\/svg><\/span><span class=\"gb-headline-text\">Sa gestion administrative  <\/span><\/p>\n\n\n\n<p class=\"gb-headline gb-headline-a63cfb8a\"><span class=\"gb-icon\"><svg xmlns=\"http:\/\/www.w3.org\/2000\/svg\" aria-hidden=\"true\" role=\"img\" height=\"1em\" width=\"1em\" viewbox=\"0 0 512 512\"><path fill=\"currentColor\" d=\"M256 56c110.532 0 200 89.451 200 200 0 110.532-89.451 200-200 200-110.532 0-200-89.451-200-200 0-110.532 89.451-200 200-200m0-48C119.033 8 8 119.033 8 256s111.033 248 248 248 248-111.033 248-248S392.967 8 256 8zm0 168c-44.183 0-80 35.817-80 80s35.817 80 80 80 80-35.817 80-80-35.817-80-80-80z\"><\/path><\/svg><\/span><span class=\"gb-headline-text\">Votre d\u00e9fense contre les tiers  <\/span><\/p>\n\n\n\n<p class=\"gb-headline gb-headline-73024afb gb-headline-text\">Cette approche nous am\u00e8ne \u00e0 orienter nos services pour r\u00e9pondre aux besoins de nos clients (les entreprises) vus dans leur ensemble, et non \u00e0 chacune de leurs marques ou brevets s\u00e9par\u00e9ment. Et toujours avec la conscience d&rsquo;\u00eatre dans un contexte mondial de concurrence.  <\/p>\n\n<\/div>\n<\/div>\n<\/section>","protected":false},"excerpt":{"rendered":"<p>Pour cette raison, nous sommes tr\u00e8s conscients du concept de Propri\u00e9t\u00e9 Industrielle, fondamentalement compris comme le \u00ab\u00a0Patrimoine d&rsquo;Entreprise\u00a0\u00bb autour duquel les d\u00e9cisions subordonn\u00e9es de&nbsp;: La protection juridique appropri\u00e9e Sa gestion &#8230; <\/p>\n<p class=\"read-more-container\"><a title=\"entreprise\" class=\"read-more button\" href=\"https:\/\/yecora.com\/fr\/entreprise\/#more-3615\" aria-label=\"En savoir plus sur entreprise\">lire plus<\/a><\/p>\n","protected":false},"author":1,"featured_media":3381,"parent":0,"menu_order":0,"comment_status":"closed","ping_status":"closed","template":"","meta":{"om_disable_all_campaigns":false,"_monsterinsights_skip_tracking":false,"_monsterinsights_sitenote_active":false,"_monsterinsights_sitenote_note":"","_monsterinsights_sitenote_category":0,"footnotes":""},"class_list":{"0":"post-3615","1":"page","2":"type-page","3":"status-publish","4":"has-post-thumbnail","6":"infinite-scroll-item","7":"resize-featured-image"},"yoast_head":"<!-- This site is optimized with the Yoast SEO plugin v24.2 - https:\/\/yoast.com\/wordpress\/plugins\/seo\/ -->\n<title>entreprise - Yecora Patent Agency<\/title>\n<meta name=\"robots\" content=\"index, follow, max-snippet:-1, max-image-preview:large, max-video-preview:-1\" \/>\n<link rel=\"canonical\" href=\"https:\/\/yecora.com\/fr\/entreprise\/\" \/>\n<meta property=\"og:locale\" content=\"fr_FR\" \/>\n<meta property=\"og:type\" content=\"article\" \/>\n<meta property=\"og:title\" content=\"entreprise - Yecora Patent Agency\" \/>\n<meta property=\"og:description\" content=\"Pour cette raison, nous sommes tr\u00e8s conscients du concept de Propri\u00e9t\u00e9 Industrielle, fondamentalement compris comme le \u00ab\u00a0Patrimoine d&rsquo;Entreprise\u00a0\u00bb autour duquel les d\u00e9cisions subordonn\u00e9es de&nbsp;: La protection juridique appropri\u00e9e Sa gestion ... lire plus\" \/>\n<meta property=\"og:url\" content=\"https:\/\/yecora.com\/fr\/entreprise\/\" \/>\n<meta property=\"og:site_name\" content=\"Yecora Patent Agency\" \/>\n<meta property=\"article:modified_time\" content=\"2023-07-27T15:27:06+00:00\" \/>\n<meta property=\"og:image\" content=\"https:\/\/yecora.com\/wp-content\/uploads\/2023\/07\/yecora-barcelona-empresa-scaled.jpeg\" \/>\n\t<meta property=\"og:image:width\" content=\"2560\" \/>\n\t<meta property=\"og:image:height\" content=\"1920\" \/>\n\t<meta property=\"og:image:type\" content=\"image\/jpeg\" \/>\n<meta name=\"twitter:card\" content=\"summary_large_image\" \/>\n<meta name=\"twitter:label1\" content=\"Dur\u00e9e de lecture estim\u00e9e\" \/>\n\t<meta name=\"twitter:data1\" content=\"1 minute\" \/>\n<script type=\"application\/ld+json\" class=\"yoast-schema-graph\">{\"@context\":\"https:\/\/schema.org\",\"@graph\":[{\"@type\":\"WebPage\",\"@id\":\"https:\/\/yecora.com\/fr\/entreprise\/\",\"url\":\"https:\/\/yecora.com\/fr\/entreprise\/\",\"name\":\"entreprise - Yecora Patent Agency\",\"isPartOf\":{\"@id\":\"https:\/\/yecora.com\/#website\"},\"primaryImageOfPage\":{\"@id\":\"https:\/\/yecora.com\/fr\/entreprise\/#primaryimage\"},\"image\":{\"@id\":\"https:\/\/yecora.com\/fr\/entreprise\/#primaryimage\"},\"thumbnailUrl\":\"https:\/\/yecora.com\/wp-content\/uploads\/2023\/07\/yecora-barcelona-empresa-scaled.jpeg\",\"datePublished\":\"2022-04-13T00:09:12+00:00\",\"dateModified\":\"2023-07-27T15:27:06+00:00\",\"breadcrumb\":{\"@id\":\"https:\/\/yecora.com\/fr\/entreprise\/#breadcrumb\"},\"inLanguage\":\"fr-FR\",\"potentialAction\":[{\"@type\":\"ReadAction\",\"target\":[\"https:\/\/yecora.com\/fr\/entreprise\/\"]}]},{\"@type\":\"ImageObject\",\"inLanguage\":\"fr-FR\",\"@id\":\"https:\/\/yecora.com\/fr\/entreprise\/#primaryimage\",\"url\":\"https:\/\/yecora.com\/wp-content\/uploads\/2023\/07\/yecora-barcelona-empresa-scaled.jpeg\",\"contentUrl\":\"https:\/\/yecora.com\/wp-content\/uploads\/2023\/07\/yecora-barcelona-empresa-scaled.jpeg\",\"width\":2560,\"height\":1920},{\"@type\":\"BreadcrumbList\",\"@id\":\"https:\/\/yecora.com\/fr\/entreprise\/#breadcrumb\",\"itemListElement\":[{\"@type\":\"ListItem\",\"position\":1,\"name\":\"Inici\",\"item\":\"https:\/\/yecora.com\/fr\/maison\/\"},{\"@type\":\"ListItem\",\"position\":2,\"name\":\"entreprise\"}]},{\"@type\":\"WebSite\",\"@id\":\"https:\/\/yecora.com\/#website\",\"url\":\"https:\/\/yecora.com\/\",\"name\":\"Yecora Patent Agency\",\"description\":\"Agentes patentes y marcas, Agencia de patentes, Barcelona, Marcas UE, Marcas Uni\u00f3n Europea, Dise\u00f1os UE, Marcas internacionales, Patentes Barcelona, Propiedad Intelectual, Propiedad Industrial, Derechos de autor, Patentes, Copyright, Agents patents i marques, Ag\u00e8ncia de patents, Barcelona, Marques UE, Marques Uni\u00f3 Europea, Dissenys UE, Marques internacionals, Patents Barcelona, Propietat Intel\u00b7lectual, Propietat Industrial, Drets d&#039;autor, Patents, Copyright, Patent and trademark agents, Patent Agency, Barcelona, EU Trademarks, European Union Trademarks, EU Designs, International Trademarks, Barcelona Patents, Intellectual Property, Industrial Property, Copyright, Patents, Copyright\",\"publisher\":{\"@id\":\"https:\/\/yecora.com\/#organization\"},\"potentialAction\":[{\"@type\":\"SearchAction\",\"target\":{\"@type\":\"EntryPoint\",\"urlTemplate\":\"https:\/\/yecora.com\/?s={search_term_string}\"},\"query-input\":{\"@type\":\"PropertyValueSpecification\",\"valueRequired\":true,\"valueName\":\"search_term_string\"}}],\"inLanguage\":\"fr-FR\"},{\"@type\":\"Organization\",\"@id\":\"https:\/\/yecora.com\/#organization\",\"name\":\"Yecora Patent Agency\",\"alternateName\":\"Yecora\",\"url\":\"https:\/\/yecora.com\/\",\"logo\":{\"@type\":\"ImageObject\",\"inLanguage\":\"fr-FR\",\"@id\":\"https:\/\/yecora.com\/#\/schema\/logo\/image\/\",\"url\":\"https:\/\/yecora.com\/wp-content\/uploads\/2023\/05\/logo_yecora_patent_agency.png\",\"contentUrl\":\"https:\/\/yecora.com\/wp-content\/uploads\/2023\/05\/logo_yecora_patent_agency.png\",\"width\":210,\"height\":66,\"caption\":\"Yecora Patent Agency\"},\"image\":{\"@id\":\"https:\/\/yecora.com\/#\/schema\/logo\/image\/\"}}]}<\/script>\n<!-- \/ Yoast SEO plugin. -->","yoast_head_json":{"title":"entreprise - Yecora Patent Agency","robots":{"index":"index","follow":"follow","max-snippet":"max-snippet:-1","max-image-preview":"max-image-preview:large","max-video-preview":"max-video-preview:-1"},"canonical":"https:\/\/yecora.com\/fr\/entreprise\/","og_locale":"fr_FR","og_type":"article","og_title":"entreprise - Yecora Patent Agency","og_description":"Pour cette raison, nous sommes tr\u00e8s conscients du concept de Propri\u00e9t\u00e9 Industrielle, fondamentalement compris comme le \u00ab\u00a0Patrimoine d&rsquo;Entreprise\u00a0\u00bb autour duquel les d\u00e9cisions subordonn\u00e9es de&nbsp;: La protection juridique appropri\u00e9e Sa gestion ... lire plus","og_url":"https:\/\/yecora.com\/fr\/entreprise\/","og_site_name":"Yecora Patent Agency","article_modified_time":"2023-07-27T15:27:06+00:00","og_image":[{"width":2560,"height":1920,"url":"https:\/\/yecora.com\/wp-content\/uploads\/2023\/07\/yecora-barcelona-empresa-scaled.jpeg","type":"image\/jpeg"}],"twitter_card":"summary_large_image","twitter_misc":{"Dur\u00e9e de lecture estim\u00e9e":"1 minute"},"schema":{"@context":"https:\/\/schema.org","@graph":[{"@type":"WebPage","@id":"https:\/\/yecora.com\/fr\/entreprise\/","url":"https:\/\/yecora.com\/fr\/entreprise\/","name":"entreprise - Yecora Patent Agency","isPartOf":{"@id":"https:\/\/yecora.com\/#website"},"primaryImageOfPage":{"@id":"https:\/\/yecora.com\/fr\/entreprise\/#primaryimage"},"image":{"@id":"https:\/\/yecora.com\/fr\/entreprise\/#primaryimage"},"thumbnailUrl":"https:\/\/yecora.com\/wp-content\/uploads\/2023\/07\/yecora-barcelona-empresa-scaled.jpeg","datePublished":"2022-04-13T00:09:12+00:00","dateModified":"2023-07-27T15:27:06+00:00","breadcrumb":{"@id":"https:\/\/yecora.com\/fr\/entreprise\/#breadcrumb"},"inLanguage":"fr-FR","potentialAction":[{"@type":"ReadAction","target":["https:\/\/yecora.com\/fr\/entreprise\/"]}]},{"@type":"ImageObject","inLanguage":"fr-FR","@id":"https:\/\/yecora.com\/fr\/entreprise\/#primaryimage","url":"https:\/\/yecora.com\/wp-content\/uploads\/2023\/07\/yecora-barcelona-empresa-scaled.jpeg","contentUrl":"https:\/\/yecora.com\/wp-content\/uploads\/2023\/07\/yecora-barcelona-empresa-scaled.jpeg","width":2560,"height":1920},{"@type":"BreadcrumbList","@id":"https:\/\/yecora.com\/fr\/entreprise\/#breadcrumb","itemListElement":[{"@type":"ListItem","position":1,"name":"Inici","item":"https:\/\/yecora.com\/fr\/maison\/"},{"@type":"ListItem","position":2,"name":"entreprise"}]},{"@type":"WebSite","@id":"https:\/\/yecora.com\/#website","url":"https:\/\/yecora.com\/","name":"Yecora Patent Agency","description":"Agentes patentes y marcas, Agencia de patentes, Barcelona, Marcas UE, Marcas Uni\u00f3n Europea, Dise\u00f1os UE, Marcas internacionales, Patentes Barcelona, Propiedad Intelectual, Propiedad Industrial, Derechos de autor, Patentes, Copyright, Agents patents i marques, Ag\u00e8ncia de patents, Barcelona, Marques UE, Marques Uni\u00f3 Europea, Dissenys UE, Marques internacionals, Patents Barcelona, Propietat Intel\u00b7lectual, Propietat Industrial, Drets d&#039;autor, Patents, Copyright, Patent and trademark agents, Patent Agency, Barcelona, EU Trademarks, European Union Trademarks, EU Designs, International Trademarks, Barcelona Patents, Intellectual Property, Industrial Property, Copyright, Patents, Copyright","publisher":{"@id":"https:\/\/yecora.com\/#organization"},"potentialAction":[{"@type":"SearchAction","target":{"@type":"EntryPoint","urlTemplate":"https:\/\/yecora.com\/?s={search_term_string}"},"query-input":{"@type":"PropertyValueSpecification","valueRequired":true,"valueName":"search_term_string"}}],"inLanguage":"fr-FR"},{"@type":"Organization","@id":"https:\/\/yecora.com\/#organization","name":"Yecora Patent Agency","alternateName":"Yecora","url":"https:\/\/yecora.com\/","logo":{"@type":"ImageObject","inLanguage":"fr-FR","@id":"https:\/\/yecora.com\/#\/schema\/logo\/image\/","url":"https:\/\/yecora.com\/wp-content\/uploads\/2023\/05\/logo_yecora_patent_agency.png","contentUrl":"https:\/\/yecora.com\/wp-content\/uploads\/2023\/05\/logo_yecora_patent_agency.png","width":210,"height":66,"caption":"Yecora Patent Agency"},"image":{"@id":"https:\/\/yecora.com\/#\/schema\/logo\/image\/"}}]}},"_links":{"self":[{"href":"https:\/\/yecora.com\/fr\/wp-json\/wp\/v2\/pages\/3615","targetHints":{"allow":["GET"]}}],"collection":[{"href":"https:\/\/yecora.com\/fr\/wp-json\/wp\/v2\/pages"}],"about":[{"href":"https:\/\/yecora.com\/fr\/wp-json\/wp\/v2\/types\/page"}],"author":[{"embeddable":true,"href":"https:\/\/yecora.com\/fr\/wp-json\/wp\/v2\/users\/1"}],"replies":[{"embeddable":true,"href":"https:\/\/yecora.com\/fr\/wp-json\/wp\/v2\/comments?post=3615"}],"version-history":[{"count":0,"href":"https:\/\/yecora.com\/fr\/wp-json\/wp\/v2\/pages\/3615\/revisions"}],"wp:featuredmedia":[{"embeddable":true,"href":"https:\/\/yecora.com\/fr\/wp-json\/wp\/v2\/media\/3381"}],"wp:attachment":[{"href":"https:\/\/yecora.com\/fr\/wp-json\/wp\/v2\/media?parent=3615"}],"curies":[{"name":"wp","href":"https:\/\/api.w.org\/{rel}","templated":true}]}}