{"id":3737,"date":"2022-04-13T00:17:00","date_gmt":"2022-04-13T00:17:00","guid":{"rendered":"https:\/\/yecora.com\/contactar\/"},"modified":"2023-07-31T11:57:37","modified_gmt":"2023-07-31T11:57:37","slug":"contactar","status":"publish","type":"page","link":"https:\/\/yecora.com\/es\/contactar\/","title":{"rendered":"Contactar"},"content":{"rendered":"<div class=\"gb-container gb-container-2b054192\">\n<div class=\"gb-container gb-container-c94e23a1\">\n<div class=\"gb-grid-wrapper gb-grid-wrapper-3abba732\">\n<div class=\"gb-grid-column gb-grid-column-5ef737f6\"><div class=\"gb-container gb-container-5ef737f6\">\n<div class=\"gb-container gb-container-5c69a6b8\">\n\n<figure class=\"wp-block-image size-large is-resized\"><img loading=\"lazy\" decoding=\"async\" src=\"https:\/\/yecora.com\/wp-content\/uploads\/2023\/07\/yecora-barcelona-empresa-1800x1350.jpeg\" alt=\"\" class=\"wp-image-2808\" width=\"500\" height=\"380\"\/><\/figure>\n\n<\/div>\n\n\n<iframe src=\"https:\/\/www.google.com\/maps\/embed?pb=!1m18!1m12!1m3!1d2993.327101995277!2d2.1740477000000005!3d41.3887022!2m3!1f0!2f0!3f0!3m2!1i1024!2i768!4f13.1!3m3!1m2!1s0x12a4a2f07baa54fb%3A0x319236268340c80f!2sCarrer%20de%20les%20Jonqueres%2C%2016%2C%2011-d%2C%2008003%20Barcelona!5e0!3m2!1sca!2ses!4v1685094662167!5m2!1sca!2ses\" width=\"500\" height=\"250\" style=\"border:0;\" allowfullscreen=\"\" loading=\"lazy\" referrerpolicy=\"no-referrer-when-downgrade\"><\/iframe>\n\n<\/div><\/div>\n\n<div class=\"gb-grid-column gb-grid-column-8e4fe961\"><div class=\"gb-container gb-container-8e4fe961\">\n\n<p class=\"gb-headline gb-headline-7ff5af1b gb-headline-text\">YECORA<\/p>\n\n\n\n<div class=\"gb-headline gb-headline-fd621da7 gb-headline-text\">patent agency<\/div>\n\n\n\n<p class=\"gb-headline gb-headline-a1d9bf85\"><span class=\"gb-icon\"><svg xmlns=\"http:\/\/www.w3.org\/2000\/svg\" aria-hidden=\"true\" role=\"img\" height=\"1em\" width=\"1em\" viewBox=\"0 0 384 512\"><path fill=\"currentColor\" d=\"M172.268 501.67C26.97 291.031 0 269.413 0 192 0 85.961 85.961 0 192 0s192 85.961 192 192c0 77.413-26.97 99.031-172.268 309.67-9.535 13.774-29.93 13.773-39.464 0zM192 272c44.183 0 80-35.817 80-80s-35.817-80-80-80-80 35.817-80 80 35.817 80 80 80z\"><\/path><\/svg><\/span><span class=\"gb-headline-text\"><a href=\"https:\/\/maps.app.goo.gl\/1Eyf1D5DoVLHaWHM7?g_st=ic\">Jonqueres 16, 11-D 08003 Barcelona<\/a><\/span><\/p>\n\n\n\n<p class=\"gb-headline gb-headline-4fe5c412\"><span class=\"gb-icon\"><svg xmlns=\"http:\/\/www.w3.org\/2000\/svg\" viewBox=\"0 0 24 24\" height=\"24\" width=\"24\"><path d=\"M2 20V4h20v16H2Zm10-7l8-5V6l-8 5l-8-5v2l8 5Z\" fill=\"currentColor\"><\/path><\/svg><\/span><span class=\"gb-headline-text\"><a href=\"mailto:info@yecora.com\">info@yecora.com<\/a><\/span><\/p>\n\n\n\n<p class=\"gb-headline gb-headline-b1c635e8\"><span class=\"gb-icon\"><svg xmlns=\"http:\/\/www.w3.org\/2000\/svg\" viewBox=\"0 0 16 16\" height=\"16\" width=\"16\"><path d=\"M12 0H3c-.55 0-1 .45-1 1v14c0 .55.45 1 1 1h9c.55 0 1-.45 1-1V1c0-.55-.45-1-1-1zM7.5 15.278a.778.778 0 1 1 0-1.555a.778.778 0 0 1 0 1.555zM12 13H3V2h9v11z\" fill=\"currentColor\"><\/path><\/svg><\/span><span class=\"gb-headline-text\"><a href=\"tel:+34932150000\">+34 93 215 00 00<\/a><\/span><\/p>\n\n\n\n<p class=\"gb-headline gb-headline-28bf077a gb-headline-text\">Delegaciones y corresponsal\u00edas:<\/p>\n\n\n\n<p class=\"gb-headline gb-headline-6762b8d2 gb-headline-text\">En el extranjero: Washington DC (USA), Neuch\u00e2tel (Suiza), Tokyo (Jap\u00f3n), Mexico City (M\u00e9xico), S\u00e3o Paulo (Brasil), Beijing (China)<\/p>\n\n\n\n<p class=\"gb-headline gb-headline-67dc8c6f gb-headline-text\">En Espa\u00f1a: Barcelona, \u200b\u200bMadrid, Girona<\/p>\n\n<\/div><\/div>\n<\/div>\n<\/div>\n<\/div>","protected":false},"excerpt":{"rendered":"","protected":false},"author":1,"featured_media":3412,"parent":0,"menu_order":0,"comment_status":"closed","ping_status":"closed","template":"","meta":{"om_disable_all_campaigns":false,"_monsterinsights_skip_tracking":false,"_monsterinsights_sitenote_active":false,"_monsterinsights_sitenote_note":"","_monsterinsights_sitenote_category":0,"footnotes":""},"class_list":{"0":"post-3737","1":"page","2":"type-page","3":"status-publish","4":"has-post-thumbnail","6":"infinite-scroll-item","7":"resize-featured-image"},"yoast_head":"<!-- This site is optimized with the Yoast SEO plugin v24.2 - https:\/\/yoast.com\/wordpress\/plugins\/seo\/ -->\n<title>Contactar - Yecora Patent Agency<\/title>\n<meta name=\"robots\" content=\"index, follow, max-snippet:-1, max-image-preview:large, max-video-preview:-1\" \/>\n<link rel=\"canonical\" href=\"https:\/\/yecora.com\/es\/contactar\/\" \/>\n<meta property=\"og:locale\" content=\"es_ES\" \/>\n<meta property=\"og:type\" content=\"article\" \/>\n<meta property=\"og:title\" content=\"Contactar - Yecora Patent Agency\" \/>\n<meta property=\"og:url\" content=\"https:\/\/yecora.com\/es\/contactar\/\" \/>\n<meta property=\"og:site_name\" content=\"Yecora Patent Agency\" \/>\n<meta property=\"article:modified_time\" content=\"2023-07-31T11:57:37+00:00\" \/>\n<meta property=\"og:image\" content=\"https:\/\/yecora.com\/wp-content\/uploads\/2023\/07\/port-yecora-1800x1189.jpg\" \/>\n\t<meta property=\"og:image:width\" content=\"1800\" \/>\n\t<meta property=\"og:image:height\" content=\"1189\" \/>\n\t<meta property=\"og:image:type\" content=\"image\/jpeg\" \/>\n<meta name=\"twitter:card\" content=\"summary_large_image\" \/>\n<script type=\"application\/ld+json\" class=\"yoast-schema-graph\">{\"@context\":\"https:\/\/schema.org\",\"@graph\":[{\"@type\":\"WebPage\",\"@id\":\"https:\/\/yecora.com\/es\/contactar\/\",\"url\":\"https:\/\/yecora.com\/es\/contactar\/\",\"name\":\"Contactar - Yecora Patent Agency\",\"isPartOf\":{\"@id\":\"https:\/\/yecora.com\/#website\"},\"primaryImageOfPage\":{\"@id\":\"https:\/\/yecora.com\/es\/contactar\/#primaryimage\"},\"image\":{\"@id\":\"https:\/\/yecora.com\/es\/contactar\/#primaryimage\"},\"thumbnailUrl\":\"https:\/\/yecora.com\/wp-content\/uploads\/2023\/07\/port-yecora.jpg\",\"datePublished\":\"2022-04-13T00:17:00+00:00\",\"dateModified\":\"2023-07-31T11:57:37+00:00\",\"breadcrumb\":{\"@id\":\"https:\/\/yecora.com\/es\/contactar\/#breadcrumb\"},\"inLanguage\":\"es\",\"potentialAction\":[{\"@type\":\"ReadAction\",\"target\":[\"https:\/\/yecora.com\/es\/contactar\/\"]}]},{\"@type\":\"ImageObject\",\"inLanguage\":\"es\",\"@id\":\"https:\/\/yecora.com\/es\/contactar\/#primaryimage\",\"url\":\"https:\/\/yecora.com\/wp-content\/uploads\/2023\/07\/port-yecora.jpg\",\"contentUrl\":\"https:\/\/yecora.com\/wp-content\/uploads\/2023\/07\/port-yecora.jpg\",\"width\":2500,\"height\":1651,\"caption\":\"Aerial View by Drone of Yacht Club and Marina. Top view of yacht club. White boats in sea water. Marina dock yachts and small motor boats. Yacht and sailboat is moored at the quay. Parking\"},{\"@type\":\"BreadcrumbList\",\"@id\":\"https:\/\/yecora.com\/es\/contactar\/#breadcrumb\",\"itemListElement\":[{\"@type\":\"ListItem\",\"position\":1,\"name\":\"Inici\",\"item\":\"https:\/\/yecora.com\/es\/inicio\/\"},{\"@type\":\"ListItem\",\"position\":2,\"name\":\"Contactar\"}]},{\"@type\":\"WebSite\",\"@id\":\"https:\/\/yecora.com\/#website\",\"url\":\"https:\/\/yecora.com\/\",\"name\":\"Yecora Patent Agency\",\"description\":\"Agentes patentes y marcas, Agencia de patentes, Barcelona, Marcas UE, Marcas Uni\u00f3n Europea, Dise\u00f1os UE, Marcas internacionales, Patentes Barcelona, Propiedad Intelectual, Propiedad Industrial, Derechos de autor, Patentes, Copyright, Agents patents i marques, Ag\u00e8ncia de patents, Barcelona, Marques UE, Marques Uni\u00f3 Europea, Dissenys UE, Marques internacionals, Patents Barcelona, Propietat Intel\u00b7lectual, Propietat Industrial, Drets d&#039;autor, Patents, Copyright, Patent and trademark agents, Patent Agency, Barcelona, EU Trademarks, European Union Trademarks, EU Designs, International Trademarks, Barcelona Patents, Intellectual Property, Industrial Property, Copyright, Patents, Copyright\",\"publisher\":{\"@id\":\"https:\/\/yecora.com\/#organization\"},\"potentialAction\":[{\"@type\":\"SearchAction\",\"target\":{\"@type\":\"EntryPoint\",\"urlTemplate\":\"https:\/\/yecora.com\/?s={search_term_string}\"},\"query-input\":{\"@type\":\"PropertyValueSpecification\",\"valueRequired\":true,\"valueName\":\"search_term_string\"}}],\"inLanguage\":\"es\"},{\"@type\":\"Organization\",\"@id\":\"https:\/\/yecora.com\/#organization\",\"name\":\"Yecora Patent Agency\",\"alternateName\":\"Yecora\",\"url\":\"https:\/\/yecora.com\/\",\"logo\":{\"@type\":\"ImageObject\",\"inLanguage\":\"es\",\"@id\":\"https:\/\/yecora.com\/#\/schema\/logo\/image\/\",\"url\":\"https:\/\/yecora.com\/wp-content\/uploads\/2023\/05\/logo_yecora_patent_agency.png\",\"contentUrl\":\"https:\/\/yecora.com\/wp-content\/uploads\/2023\/05\/logo_yecora_patent_agency.png\",\"width\":210,\"height\":66,\"caption\":\"Yecora Patent Agency\"},\"image\":{\"@id\":\"https:\/\/yecora.com\/#\/schema\/logo\/image\/\"}}]}<\/script>\n<!-- \/ Yoast SEO plugin. -->","yoast_head_json":{"title":"Contactar - Yecora Patent Agency","robots":{"index":"index","follow":"follow","max-snippet":"max-snippet:-1","max-image-preview":"max-image-preview:large","max-video-preview":"max-video-preview:-1"},"canonical":"https:\/\/yecora.com\/es\/contactar\/","og_locale":"es_ES","og_type":"article","og_title":"Contactar - Yecora Patent Agency","og_url":"https:\/\/yecora.com\/es\/contactar\/","og_site_name":"Yecora Patent Agency","article_modified_time":"2023-07-31T11:57:37+00:00","og_image":[{"width":1800,"height":1189,"url":"https:\/\/yecora.com\/wp-content\/uploads\/2023\/07\/port-yecora-1800x1189.jpg","type":"image\/jpeg"}],"twitter_card":"summary_large_image","schema":{"@context":"https:\/\/schema.org","@graph":[{"@type":"WebPage","@id":"https:\/\/yecora.com\/es\/contactar\/","url":"https:\/\/yecora.com\/es\/contactar\/","name":"Contactar - Yecora Patent Agency","isPartOf":{"@id":"https:\/\/yecora.com\/#website"},"primaryImageOfPage":{"@id":"https:\/\/yecora.com\/es\/contactar\/#primaryimage"},"image":{"@id":"https:\/\/yecora.com\/es\/contactar\/#primaryimage"},"thumbnailUrl":"https:\/\/yecora.com\/wp-content\/uploads\/2023\/07\/port-yecora.jpg","datePublished":"2022-04-13T00:17:00+00:00","dateModified":"2023-07-31T11:57:37+00:00","breadcrumb":{"@id":"https:\/\/yecora.com\/es\/contactar\/#breadcrumb"},"inLanguage":"es","potentialAction":[{"@type":"ReadAction","target":["https:\/\/yecora.com\/es\/contactar\/"]}]},{"@type":"ImageObject","inLanguage":"es","@id":"https:\/\/yecora.com\/es\/contactar\/#primaryimage","url":"https:\/\/yecora.com\/wp-content\/uploads\/2023\/07\/port-yecora.jpg","contentUrl":"https:\/\/yecora.com\/wp-content\/uploads\/2023\/07\/port-yecora.jpg","width":2500,"height":1651,"caption":"Aerial View by Drone of Yacht Club and Marina. Top view of yacht club. White boats in sea water. Marina dock yachts and small motor boats. Yacht and sailboat is moored at the quay. Parking"},{"@type":"BreadcrumbList","@id":"https:\/\/yecora.com\/es\/contactar\/#breadcrumb","itemListElement":[{"@type":"ListItem","position":1,"name":"Inici","item":"https:\/\/yecora.com\/es\/inicio\/"},{"@type":"ListItem","position":2,"name":"Contactar"}]},{"@type":"WebSite","@id":"https:\/\/yecora.com\/#website","url":"https:\/\/yecora.com\/","name":"Yecora Patent Agency","description":"Agentes patentes y marcas, Agencia de patentes, Barcelona, Marcas UE, Marcas Uni\u00f3n Europea, Dise\u00f1os UE, Marcas internacionales, Patentes Barcelona, Propiedad Intelectual, Propiedad Industrial, Derechos de autor, Patentes, Copyright, Agents patents i marques, Ag\u00e8ncia de patents, Barcelona, Marques UE, Marques Uni\u00f3 Europea, Dissenys UE, Marques internacionals, Patents Barcelona, Propietat Intel\u00b7lectual, Propietat Industrial, Drets d&#039;autor, Patents, Copyright, Patent and trademark agents, Patent Agency, Barcelona, EU Trademarks, European Union Trademarks, EU Designs, International Trademarks, Barcelona Patents, Intellectual Property, Industrial Property, Copyright, Patents, Copyright","publisher":{"@id":"https:\/\/yecora.com\/#organization"},"potentialAction":[{"@type":"SearchAction","target":{"@type":"EntryPoint","urlTemplate":"https:\/\/yecora.com\/?s={search_term_string}"},"query-input":{"@type":"PropertyValueSpecification","valueRequired":true,"valueName":"search_term_string"}}],"inLanguage":"es"},{"@type":"Organization","@id":"https:\/\/yecora.com\/#organization","name":"Yecora Patent Agency","alternateName":"Yecora","url":"https:\/\/yecora.com\/","logo":{"@type":"ImageObject","inLanguage":"es","@id":"https:\/\/yecora.com\/#\/schema\/logo\/image\/","url":"https:\/\/yecora.com\/wp-content\/uploads\/2023\/05\/logo_yecora_patent_agency.png","contentUrl":"https:\/\/yecora.com\/wp-content\/uploads\/2023\/05\/logo_yecora_patent_agency.png","width":210,"height":66,"caption":"Yecora Patent Agency"},"image":{"@id":"https:\/\/yecora.com\/#\/schema\/logo\/image\/"}}]}},"_links":{"self":[{"href":"https:\/\/yecora.com\/es\/wp-json\/wp\/v2\/pages\/3737","targetHints":{"allow":["GET"]}}],"collection":[{"href":"https:\/\/yecora.com\/es\/wp-json\/wp\/v2\/pages"}],"about":[{"href":"https:\/\/yecora.com\/es\/wp-json\/wp\/v2\/types\/page"}],"author":[{"embeddable":true,"href":"https:\/\/yecora.com\/es\/wp-json\/wp\/v2\/users\/1"}],"replies":[{"embeddable":true,"href":"https:\/\/yecora.com\/es\/wp-json\/wp\/v2\/comments?post=3737"}],"version-history":[{"count":3,"href":"https:\/\/yecora.com\/es\/wp-json\/wp\/v2\/pages\/3737\/revisions"}],"predecessor-version":[{"id":3891,"href":"https:\/\/yecora.com\/es\/wp-json\/wp\/v2\/pages\/3737\/revisions\/3891"}],"wp:featuredmedia":[{"embeddable":true,"href":"https:\/\/yecora.com\/es\/wp-json\/wp\/v2\/media\/3412"}],"wp:attachment":[{"href":"https:\/\/yecora.com\/es\/wp-json\/wp\/v2\/media?parent=3737"}],"curies":[{"name":"wp","href":"https:\/\/api.w.org\/{rel}","templated":true}]}}