{"id":3709,"date":"2023-05-26T09:13:24","date_gmt":"2023-05-26T09:13:24","guid":{"rendered":"https:\/\/yecora.com\/agencia-internacional\/"},"modified":"2023-07-31T11:51:56","modified_gmt":"2023-07-31T11:51:56","slug":"agencia-internacional","status":"publish","type":"page","link":"https:\/\/yecora.com\/es\/agencia-internacional\/","title":{"rendered":"Agencia Internacional"},"content":{"rendered":"<div class=\"gb-container gb-container-5ac95363\">\n<div class=\"gb-container gb-container-da96b1db\">\n\n<p class=\"gb-headline gb-headline-3dd09209 gb-headline-text\">Acompa\u00f1amos a nuestros clientes en la estrategia<br>de protecci\u00f3n y explotaci\u00f3n de sus activos de Propiedad Industrial globalmente  <\/p>\n\n<\/div>\n<\/div>\n\n<div class=\"gb-container gb-container-8d599930\">\n<div class=\"gb-container gb-container-e4b4bee6\">\n<div class=\"gb-container gb-container-aa330821 gb-accordion\">\n<div class=\"gb-container gb-container-269633eb gb-accordion__item\" data-transition=\"slide\">\n\n<button class=\"gb-button gb-button-1eebdc9e gb-accordion__toggle\"><span class=\"gb-button-text\">Vigilancia de Marcas y Dise\u00f1os Intrusos  <\/span><span class=\"gb-icon\"><svg xmlns=\"http:\/\/www.w3.org\/2000\/svg\" viewBox=\"0 0 448 512\" width=\"1em\" height=\"1em\" ariahidden=\"true\" role=\"img\" class=\"gb-accordion__icon\"><path d=\"M207.029 381.476L12.686 187.132c-9.373-9.373-9.373-24.569 0-33.941l22.667-22.667c9.357-9.357 24.522-9.375 33.901-.04L224 284.505l154.745-154.021c9.379-9.335 24.544-9.317 33.901.04l22.667 22.667c9.373 9.373 9.373 24.569 0 33.941L240.971 381.476c-9.373 9.372-24.569 9.372-33.942 0z\" fill=\"currentColor\"><\/path><\/svg><svg xmlns=\"http:\/\/www.w3.org\/2000\/svg\" viewBox=\"0 0 448 512\" width=\"1em\" height=\"1em\" ariahidden=\"true\" role=\"img\" class=\"gb-accordion__icon-open\"><path d=\"M240.971 130.524l194.343 194.343c9.373 9.373 9.373 24.569 0 33.941l-22.667 22.667c-9.357 9.357-24.522 9.375-33.901.04L224 227.495 69.255 381.516c-9.379 9.335-24.544 9.317-33.901-.04l-22.667-22.667c-9.373-9.373-9.373-24.569 0-33.941L207.03 130.525c9.372-9.373 24.568-9.373 33.941-.001z\" fill=\"currentColor\"><\/path><\/svg><\/span><\/button>\n\n\n<div class=\"gb-accordion__content\"><div class=\"gb-container gb-container-93dc19f9\">\n\n<ul class=\"wp-block-list\" style=\"font-size:18px\">\n<li>Ante la EUIPO (Oficina de Propiedad Intelectual de la Uni\u00f3n Europea).  <\/li>\n\n\n\n<li>Ante la OMPI (Oficina de Marcas y Dise\u00f1os Internacionales).  <\/li>\n\n\n\n<li>Ante las Oficinas Nacionales de los Estados individuales a trav\u00e9s de nuestros corresponsales.  <\/li>\n<\/ul>\n\n<\/div><\/div>\n<\/div>\n\n<div class=\"gb-container gb-container-432c7e47 gb-accordion__item\" data-transition=\"slide\">\n\n<button class=\"gb-button gb-button-12c9e8ee gb-accordion__toggle\"><span class=\"gb-button-text\">Defensa en v\u00eda Administrativa y Judicial<\/span><span class=\"gb-icon\"><svg xmlns=\"http:\/\/www.w3.org\/2000\/svg\" viewBox=\"0 0 448 512\" width=\"1em\" height=\"1em\" ariahidden=\"true\" role=\"img\" class=\"gb-accordion__icon\"><path d=\"M207.029 381.476L12.686 187.132c-9.373-9.373-9.373-24.569 0-33.941l22.667-22.667c9.357-9.357 24.522-9.375 33.901-.04L224 284.505l154.745-154.021c9.379-9.335 24.544-9.317 33.901.04l22.667 22.667c9.373 9.373 9.373 24.569 0 33.941L240.971 381.476c-9.373 9.372-24.569 9.372-33.942 0z\" fill=\"currentColor\"><\/path><\/svg><svg xmlns=\"http:\/\/www.w3.org\/2000\/svg\" viewBox=\"0 0 448 512\" width=\"1em\" height=\"1em\" ariahidden=\"true\" role=\"img\" class=\"gb-accordion__icon-open\"><path d=\"M240.971 130.524l194.343 194.343c9.373 9.373 9.373 24.569 0 33.941l-22.667 22.667c-9.357 9.357-24.522 9.375-33.901.04L224 227.495 69.255 381.516c-9.379 9.335-24.544 9.317-33.901-.04l-22.667-22.667c-9.373-9.373-9.373-24.569 0-33.941L207.03 130.525c9.372-9.373 24.568-9.373 33.941-.001z\" fill=\"currentColor\"><\/path><\/svg><\/span><\/button>\n\n\n<div class=\"gb-accordion__content\"><div class=\"gb-container gb-container-a1f3fd78\">\n\n<p>Defensa en v\u00eda Administrativa y Judicial en la EUIPO y en la OMPI (para Marcas y Dise\u00f1os de la Uni\u00f3n Europea e Internacionales).<\/p>\n\n\n\n<ul class=\"wp-block-list\">\n<li>Procedimientos de oposiciones.<\/li>\n\n\n\n<li>Recursos.<\/li>\n\n\n\n<li>Procedimientos de nulidades.<\/li>\n\n\n\n<li>Recursos Contenciosos<\/li>\n<\/ul>\n\n<\/div><\/div>\n<\/div>\n\n<div class=\"gb-container gb-container-678f50a3 gb-accordion__item\" data-transition=\"slide\">\n\n<button class=\"gb-button gb-button-175a33cd gb-accordion__toggle\"><span class=\"gb-button-text\">Alcance territorial global de nuestros servicios<\/span><span class=\"gb-icon\"><svg xmlns=\"http:\/\/www.w3.org\/2000\/svg\" viewBox=\"0 0 448 512\" width=\"1em\" height=\"1em\" ariahidden=\"true\" role=\"img\" class=\"gb-accordion__icon\"><path d=\"M207.029 381.476L12.686 187.132c-9.373-9.373-9.373-24.569 0-33.941l22.667-22.667c9.357-9.357 24.522-9.375 33.901-.04L224 284.505l154.745-154.021c9.379-9.335 24.544-9.317 33.901.04l22.667 22.667c9.373 9.373 9.373 24.569 0 33.941L240.971 381.476c-9.373 9.372-24.569 9.372-33.942 0z\" fill=\"currentColor\"><\/path><\/svg><svg xmlns=\"http:\/\/www.w3.org\/2000\/svg\" viewBox=\"0 0 448 512\" width=\"1em\" height=\"1em\" ariahidden=\"true\" role=\"img\" class=\"gb-accordion__icon-open\"><path d=\"M240.971 130.524l194.343 194.343c9.373 9.373 9.373 24.569 0 33.941l-22.667 22.667c-9.357 9.357-24.522 9.375-33.901.04L224 227.495 69.255 381.516c-9.379 9.335-24.544 9.317-33.901-.04l-22.667-22.667c-9.373-9.373-9.373-24.569 0-33.941L207.03 130.525c9.372-9.373 24.568-9.373 33.941-.001z\" fill=\"currentColor\"><\/path><\/svg><\/span><\/button>\n\n\n<div class=\"gb-accordion__content\"><div class=\"gb-container gb-container-dd299683\">\n\n<p>Gracias a nuestra red de corresponsales de reconocido prestigio en las cinco grandes \u00e1reas Globales de Mercado:<\/p>\n\n\n\n<ul class=\"wp-block-list\">\n<li>Europa<\/li>\n\n\n\n<li>Oriente Medio y \u00c1frica del Norte<\/li>\n\n\n\n<li>Extremo Oriente<\/li>\n\n\n\n<li>Am\u00e9rica (Norte y Sur)<\/li>\n\n\n\n<li>Australia<\/li>\n<\/ul>\n\n<\/div><\/div>\n<\/div>\n<\/div>\n<\/div>\n<\/div>","protected":false},"excerpt":{"rendered":"<p>Acompa\u00f1amos a nuestros clientes en la estrategiade protecci\u00f3n y explotaci\u00f3n de sus activos de Propiedad Industrial globalmente Defensa en v\u00eda Administrativa y Judicial en la EUIPO y en la OMPI &#8230; <\/p>\n<p class=\"read-more-container\"><a title=\"Agencia Internacional\" class=\"read-more button\" href=\"https:\/\/yecora.com\/es\/agencia-internacional\/#more-3709\" aria-label=\"Leer m\u00e1s sobre Agencia Internacional\">Leer m\u00e1s<\/a><\/p>\n","protected":false},"author":1,"featured_media":3400,"parent":0,"menu_order":0,"comment_status":"closed","ping_status":"closed","template":"","meta":{"om_disable_all_campaigns":false,"_monsterinsights_skip_tracking":false,"_monsterinsights_sitenote_active":false,"_monsterinsights_sitenote_note":"","_monsterinsights_sitenote_category":0,"footnotes":""},"class_list":{"0":"post-3709","1":"page","2":"type-page","3":"status-publish","4":"has-post-thumbnail","6":"infinite-scroll-item","7":"resize-featured-image"},"yoast_head":"<!-- This site is optimized with the Yoast SEO plugin v24.2 - https:\/\/yoast.com\/wordpress\/plugins\/seo\/ -->\n<title>Agencia Internacional - Yecora Patent Agency<\/title>\n<meta name=\"robots\" content=\"index, follow, max-snippet:-1, max-image-preview:large, max-video-preview:-1\" \/>\n<link rel=\"canonical\" href=\"https:\/\/yecora.com\/es\/agencia-internacional\/\" \/>\n<meta property=\"og:locale\" content=\"es_ES\" \/>\n<meta property=\"og:type\" content=\"article\" \/>\n<meta property=\"og:title\" content=\"Agencia Internacional - Yecora Patent Agency\" \/>\n<meta property=\"og:description\" content=\"Acompa\u00f1amos a nuestros clientes en la estrategiade protecci\u00f3n y explotaci\u00f3n de sus activos de Propiedad Industrial globalmente Defensa en v\u00eda Administrativa y Judicial en la EUIPO y en la OMPI ... Leer m\u00e1s\" \/>\n<meta property=\"og:url\" content=\"https:\/\/yecora.com\/es\/agencia-internacional\/\" \/>\n<meta property=\"og:site_name\" content=\"Yecora Patent Agency\" \/>\n<meta property=\"article:modified_time\" content=\"2023-07-31T11:51:56+00:00\" \/>\n<meta property=\"og:image\" content=\"https:\/\/yecora.com\/wp-content\/uploads\/2023\/07\/cel-yecora-1-1-scaled.jpg\" \/>\n\t<meta property=\"og:image:width\" content=\"2560\" \/>\n\t<meta property=\"og:image:height\" content=\"1212\" \/>\n\t<meta property=\"og:image:type\" content=\"image\/jpeg\" \/>\n<meta name=\"twitter:card\" content=\"summary_large_image\" \/>\n<meta name=\"twitter:label1\" content=\"Tiempo de lectura\" \/>\n\t<meta name=\"twitter:data1\" content=\"1 minuto\" \/>\n<script type=\"application\/ld+json\" class=\"yoast-schema-graph\">{\"@context\":\"https:\/\/schema.org\",\"@graph\":[{\"@type\":\"WebPage\",\"@id\":\"https:\/\/yecora.com\/es\/agencia-internacional\/\",\"url\":\"https:\/\/yecora.com\/es\/agencia-internacional\/\",\"name\":\"Agencia Internacional - Yecora Patent Agency\",\"isPartOf\":{\"@id\":\"https:\/\/yecora.com\/#website\"},\"primaryImageOfPage\":{\"@id\":\"https:\/\/yecora.com\/es\/agencia-internacional\/#primaryimage\"},\"image\":{\"@id\":\"https:\/\/yecora.com\/es\/agencia-internacional\/#primaryimage\"},\"thumbnailUrl\":\"https:\/\/yecora.com\/wp-content\/uploads\/2023\/07\/cel-yecora-1-1-scaled.jpg\",\"datePublished\":\"2023-05-26T09:13:24+00:00\",\"dateModified\":\"2023-07-31T11:51:56+00:00\",\"breadcrumb\":{\"@id\":\"https:\/\/yecora.com\/es\/agencia-internacional\/#breadcrumb\"},\"inLanguage\":\"es\",\"potentialAction\":[{\"@type\":\"ReadAction\",\"target\":[\"https:\/\/yecora.com\/es\/agencia-internacional\/\"]}]},{\"@type\":\"ImageObject\",\"inLanguage\":\"es\",\"@id\":\"https:\/\/yecora.com\/es\/agencia-internacional\/#primaryimage\",\"url\":\"https:\/\/yecora.com\/wp-content\/uploads\/2023\/07\/cel-yecora-1-1-scaled.jpg\",\"contentUrl\":\"https:\/\/yecora.com\/wp-content\/uploads\/2023\/07\/cel-yecora-1-1-scaled.jpg\",\"width\":2560,\"height\":1212,\"caption\":\"Clouds in the shape of a world map against blue sky\"},{\"@type\":\"BreadcrumbList\",\"@id\":\"https:\/\/yecora.com\/es\/agencia-internacional\/#breadcrumb\",\"itemListElement\":[{\"@type\":\"ListItem\",\"position\":1,\"name\":\"Inici\",\"item\":\"https:\/\/yecora.com\/es\/inicio\/\"},{\"@type\":\"ListItem\",\"position\":2,\"name\":\"Agencia Internacional\"}]},{\"@type\":\"WebSite\",\"@id\":\"https:\/\/yecora.com\/#website\",\"url\":\"https:\/\/yecora.com\/\",\"name\":\"Yecora Patent Agency\",\"description\":\"Agentes patentes y marcas, Agencia de patentes, Barcelona, Marcas UE, Marcas Uni\u00f3n Europea, Dise\u00f1os UE, Marcas internacionales, Patentes Barcelona, Propiedad Intelectual, Propiedad Industrial, Derechos de autor, Patentes, Copyright, Agents patents i marques, Ag\u00e8ncia de patents, Barcelona, Marques UE, Marques Uni\u00f3 Europea, Dissenys UE, Marques internacionals, Patents Barcelona, Propietat Intel\u00b7lectual, Propietat Industrial, Drets d&#039;autor, Patents, Copyright, Patent and trademark agents, Patent Agency, Barcelona, EU Trademarks, European Union Trademarks, EU Designs, International Trademarks, Barcelona Patents, Intellectual Property, Industrial Property, Copyright, Patents, Copyright\",\"publisher\":{\"@id\":\"https:\/\/yecora.com\/#organization\"},\"potentialAction\":[{\"@type\":\"SearchAction\",\"target\":{\"@type\":\"EntryPoint\",\"urlTemplate\":\"https:\/\/yecora.com\/?s={search_term_string}\"},\"query-input\":{\"@type\":\"PropertyValueSpecification\",\"valueRequired\":true,\"valueName\":\"search_term_string\"}}],\"inLanguage\":\"es\"},{\"@type\":\"Organization\",\"@id\":\"https:\/\/yecora.com\/#organization\",\"name\":\"Yecora Patent Agency\",\"alternateName\":\"Yecora\",\"url\":\"https:\/\/yecora.com\/\",\"logo\":{\"@type\":\"ImageObject\",\"inLanguage\":\"es\",\"@id\":\"https:\/\/yecora.com\/#\/schema\/logo\/image\/\",\"url\":\"https:\/\/yecora.com\/wp-content\/uploads\/2023\/05\/logo_yecora_patent_agency.png\",\"contentUrl\":\"https:\/\/yecora.com\/wp-content\/uploads\/2023\/05\/logo_yecora_patent_agency.png\",\"width\":210,\"height\":66,\"caption\":\"Yecora Patent Agency\"},\"image\":{\"@id\":\"https:\/\/yecora.com\/#\/schema\/logo\/image\/\"}}]}<\/script>\n<!-- \/ Yoast SEO plugin. -->","yoast_head_json":{"title":"Agencia Internacional - Yecora Patent Agency","robots":{"index":"index","follow":"follow","max-snippet":"max-snippet:-1","max-image-preview":"max-image-preview:large","max-video-preview":"max-video-preview:-1"},"canonical":"https:\/\/yecora.com\/es\/agencia-internacional\/","og_locale":"es_ES","og_type":"article","og_title":"Agencia Internacional - Yecora Patent Agency","og_description":"Acompa\u00f1amos a nuestros clientes en la estrategiade protecci\u00f3n y explotaci\u00f3n de sus activos de Propiedad Industrial globalmente Defensa en v\u00eda Administrativa y Judicial en la EUIPO y en la OMPI ... Leer m\u00e1s","og_url":"https:\/\/yecora.com\/es\/agencia-internacional\/","og_site_name":"Yecora Patent Agency","article_modified_time":"2023-07-31T11:51:56+00:00","og_image":[{"width":2560,"height":1212,"url":"https:\/\/yecora.com\/wp-content\/uploads\/2023\/07\/cel-yecora-1-1-scaled.jpg","type":"image\/jpeg"}],"twitter_card":"summary_large_image","twitter_misc":{"Tiempo de lectura":"1 minuto"},"schema":{"@context":"https:\/\/schema.org","@graph":[{"@type":"WebPage","@id":"https:\/\/yecora.com\/es\/agencia-internacional\/","url":"https:\/\/yecora.com\/es\/agencia-internacional\/","name":"Agencia Internacional - Yecora Patent Agency","isPartOf":{"@id":"https:\/\/yecora.com\/#website"},"primaryImageOfPage":{"@id":"https:\/\/yecora.com\/es\/agencia-internacional\/#primaryimage"},"image":{"@id":"https:\/\/yecora.com\/es\/agencia-internacional\/#primaryimage"},"thumbnailUrl":"https:\/\/yecora.com\/wp-content\/uploads\/2023\/07\/cel-yecora-1-1-scaled.jpg","datePublished":"2023-05-26T09:13:24+00:00","dateModified":"2023-07-31T11:51:56+00:00","breadcrumb":{"@id":"https:\/\/yecora.com\/es\/agencia-internacional\/#breadcrumb"},"inLanguage":"es","potentialAction":[{"@type":"ReadAction","target":["https:\/\/yecora.com\/es\/agencia-internacional\/"]}]},{"@type":"ImageObject","inLanguage":"es","@id":"https:\/\/yecora.com\/es\/agencia-internacional\/#primaryimage","url":"https:\/\/yecora.com\/wp-content\/uploads\/2023\/07\/cel-yecora-1-1-scaled.jpg","contentUrl":"https:\/\/yecora.com\/wp-content\/uploads\/2023\/07\/cel-yecora-1-1-scaled.jpg","width":2560,"height":1212,"caption":"Clouds in the shape of a world map against blue sky"},{"@type":"BreadcrumbList","@id":"https:\/\/yecora.com\/es\/agencia-internacional\/#breadcrumb","itemListElement":[{"@type":"ListItem","position":1,"name":"Inici","item":"https:\/\/yecora.com\/es\/inicio\/"},{"@type":"ListItem","position":2,"name":"Agencia Internacional"}]},{"@type":"WebSite","@id":"https:\/\/yecora.com\/#website","url":"https:\/\/yecora.com\/","name":"Yecora Patent Agency","description":"Agentes patentes y marcas, Agencia de patentes, Barcelona, Marcas UE, Marcas Uni\u00f3n Europea, Dise\u00f1os UE, Marcas internacionales, Patentes Barcelona, Propiedad Intelectual, Propiedad Industrial, Derechos de autor, Patentes, Copyright, Agents patents i marques, Ag\u00e8ncia de patents, Barcelona, Marques UE, Marques Uni\u00f3 Europea, Dissenys UE, Marques internacionals, Patents Barcelona, Propietat Intel\u00b7lectual, Propietat Industrial, Drets d&#039;autor, Patents, Copyright, Patent and trademark agents, Patent Agency, Barcelona, EU Trademarks, European Union Trademarks, EU Designs, International Trademarks, Barcelona Patents, Intellectual Property, Industrial Property, Copyright, Patents, Copyright","publisher":{"@id":"https:\/\/yecora.com\/#organization"},"potentialAction":[{"@type":"SearchAction","target":{"@type":"EntryPoint","urlTemplate":"https:\/\/yecora.com\/?s={search_term_string}"},"query-input":{"@type":"PropertyValueSpecification","valueRequired":true,"valueName":"search_term_string"}}],"inLanguage":"es"},{"@type":"Organization","@id":"https:\/\/yecora.com\/#organization","name":"Yecora Patent Agency","alternateName":"Yecora","url":"https:\/\/yecora.com\/","logo":{"@type":"ImageObject","inLanguage":"es","@id":"https:\/\/yecora.com\/#\/schema\/logo\/image\/","url":"https:\/\/yecora.com\/wp-content\/uploads\/2023\/05\/logo_yecora_patent_agency.png","contentUrl":"https:\/\/yecora.com\/wp-content\/uploads\/2023\/05\/logo_yecora_patent_agency.png","width":210,"height":66,"caption":"Yecora Patent Agency"},"image":{"@id":"https:\/\/yecora.com\/#\/schema\/logo\/image\/"}}]}},"_links":{"self":[{"href":"https:\/\/yecora.com\/es\/wp-json\/wp\/v2\/pages\/3709","targetHints":{"allow":["GET"]}}],"collection":[{"href":"https:\/\/yecora.com\/es\/wp-json\/wp\/v2\/pages"}],"about":[{"href":"https:\/\/yecora.com\/es\/wp-json\/wp\/v2\/types\/page"}],"author":[{"embeddable":true,"href":"https:\/\/yecora.com\/es\/wp-json\/wp\/v2\/users\/1"}],"replies":[{"embeddable":true,"href":"https:\/\/yecora.com\/es\/wp-json\/wp\/v2\/comments?post=3709"}],"version-history":[{"count":3,"href":"https:\/\/yecora.com\/es\/wp-json\/wp\/v2\/pages\/3709\/revisions"}],"predecessor-version":[{"id":3888,"href":"https:\/\/yecora.com\/es\/wp-json\/wp\/v2\/pages\/3709\/revisions\/3888"}],"wp:featuredmedia":[{"embeddable":true,"href":"https:\/\/yecora.com\/es\/wp-json\/wp\/v2\/media\/3400"}],"wp:attachment":[{"href":"https:\/\/yecora.com\/es\/wp-json\/wp\/v2\/media?parent=3709"}],"curies":[{"name":"wp","href":"https:\/\/api.w.org\/{rel}","templated":true}]}}