{"id":3707,"date":"2023-05-26T09:46:57","date_gmt":"2023-05-26T09:46:57","guid":{"rendered":"https:\/\/yecora.com\/declaracion-de-accesibilidad\/"},"modified":"2023-07-27T19:01:48","modified_gmt":"2023-07-27T19:01:48","slug":"declaracion-de-accesibilidad","status":"publish","type":"page","link":"https:\/\/yecora.com\/es\/declaracion-de-accesibilidad\/","title":{"rendered":"Declaraci\u00f3n de accesibilidad"},"content":{"rendered":"<div class=\"gb-container gb-container-01cdf9ed\">\n\n<p>Yecora Patent Agency se ha comprometido a hacer accesibles su sitio web de conformidad con el Real Decreto 1112\/2018, de 7 de septiembre sobre accesibilidad de los sitios web y aplicaciones para dispositivos m\u00f3viles del sector p\u00fablico (en adelante, Real Decreto 1112\/2018, de 7 de septiembre).<\/p>\n\n\n\n<p>La presente declaraci\u00f3n de accesibilidad se aplica al sitio web https:\/\/yecora.com (los subdominios de este sitio web tendr\u00e1n sus propias declaraciones de accesibilidad).<br\/>Situaci\u00f3n de cumplimiento<\/p>\n\n\n\n<p>Este sitio web es parcialmente conforme al Real Decreto 1112\/2018, de 7 de septiembre, debido a la falta de conformidad de los aspectos que se indican a continuaci\u00f3n.<\/p>\n\n\n\n<h2 class=\"gb-headline gb-headline-cbc49f28 gb-headline-text\">Contenido no accesible<\/h2>\n\n\n\n<p>El contenido que se recoge a continuaci\u00f3n no es accesible por lo siguiente:<\/p>\n\n\n\n<p>Falta de conformidad con el Real Decreto 1112\/2018, de 7 de septiembre: podr\u00edan existir fallos puntuales de edici\u00f3n en alguna p\u00e1gina web, tanto en contenidos HTML como en documentos finales, publicados en fecha posterior al 20 de septiembre de 2018 (hecha de entrada en vigor del Real Decreto 1112\/2018, de 7 de septiembre). Concretamente puede haber errores en aquellos documentos que contienen gr\u00e1ficos, tablas complejas o en aquellos firmados electr\u00f3nicamente antes de su revisi\u00f3n de accesibilidad.<br\/>Carga desproporcionada: no aplica.<\/p>\n\n\n\n<h2 class=\"gb-headline gb-headline-b9a9e95f gb-headline-text\">Preparaci\u00f3n de la presente declaraci\u00f3n de accesibilidad<\/h2>\n\n\n\n<p>La presente declaraci\u00f3n fue preparada el 3 de abril de 2023.<\/p>\n\n\n\n<p>El m\u00e9todo empleado para preparar la declaraci\u00f3n ha sido una autoevaluaci\u00f3n llevada a cabo por la empresa Erigin Creacions SL.<\/p>\n\n\n\n<p>\u00daltima revisi\u00f3n de la declaraci\u00f3n: 3 de abril de 2023<\/p>\n\n\n\n<h2 class=\"gb-headline gb-headline-4a6e8014 gb-headline-text\">Observaciones y datos de contacto<\/h2>\n\n\n\n<p>Puede realizar comunicaciones sobre requisitos de accesibilidad (art\u00edculo 10.2.a) del Real Decreto 1112\/2018, de 7 de septiembre) como, por ejemplo:<\/p>\n\n\n\n<p>Informar sobre cualquier posible incumplimiento por parte de este sitio web.<br\/>Transmitir otras dificultades de acceso al contenido.<br\/>Formular cualquier otra consulta o sugerencia de mejora relativa a la accesibilidad del sitio web.<\/p>\n\n\n\n<p>A trav\u00e9s de las siguientes v\u00edas:<\/p>\n\n\n\n<p>Tel\u00e9fonos: +34 93 215 00 00<\/p>\n\n\n\n<p>Las comunicaciones ser\u00e1n recibidas y tratadas por la empresa Yecora Patent Agency, como unidad responsable de los contenidos de este sitio web.<\/p>\n\n\n\n<p>Tambi\u00e9n puede solicitar en formato accesible informaci\u00f3n que no cumpla con los requisitos de accesibilidad bien por estar excluida, bien por estar exenta por carga desproporcionada; o formular una queja por incumplimiento de los requisitos de accesibilidad. Enlace al procedimiento de solicitud de informaci\u00f3n accesible y quejas (12 del Real Decreto 1112\/2018, de 7 de septiembre).<\/p>\n\n\n\n<h2 class=\"gb-headline gb-headline-2735000f gb-headline-text\">Procedimiento de aplicaci\u00f3n<\/h2>\n\n\n\n<p>A trav\u00e9s de este procedimiento podr\u00e1 iniciar una reclamaci\u00f3n para conocer y oponerse a los motivos de la desestimaci\u00f3n de una solicitud de informaci\u00f3n accesible o queja, instar la adopci\u00f3n de las medidas oportunas en caso de no estar de acuerdo con la decisi\u00f3n adoptada, o exponer las razones por las que se considera que la respuesta no cumple con los requisitos exigidos.<\/p>\n\n\n\n<h2 class=\"gb-headline gb-headline-cb949133 gb-headline-text\">Contenido opcional<\/h2>\n\n\n\n<p>La versi\u00f3 actualmente visible de este sitio web es de abril de 2023 y en esa fecha se hizo la revisi\u00f3n del nivel de accesibilidad vigente en ese momento.<\/p>\n\n\n\n<p>A partir de dicha fecha se realizan revisiones parciales diarias del contenido web nuevo o modificado, tanto de las plantillas como de las p\u00e1ginas y documentos finales publicados, a fin de asegurar el cumplimiento de los requerimientos de accesibilidad de la Norma UNE-EN 301549 :2019, considerando las excepciones del Real Decreto 1112\/2018, de 7 de septiembre.<\/p>\n\n\n\n<p>Entre otras se adoptan las siguientes medidas para facilitar la accesibilidad:<\/p>\n\n\n\n<p>Utilizaci\u00f3n de texto alternativo en las im\u00e1genes<br\/>Los enlaces ofrecen detalles de la funci\u00f3n o destino del hiperv\u00ednculo<br\/>Uso de los est\u00e1ndares del W3C: XHTML 1.0, CSS 3.0, WAI AA.<\/p>\n\n\n\n<p>\u00daltima modificaci\u00f3n: 23\/05\/2023<\/p>\n\n<\/div>","protected":false},"excerpt":{"rendered":"<p>Yecora Patent Agency se ha comprometido a hacer accesibles su sitio web de conformidad con el Real Decreto 1112\/2018, de 7 de septiembre sobre accesibilidad de los sitios web y &#8230; <\/p>\n<p class=\"read-more-container\"><a title=\"Declaraci\u00f3n de accesibilidad\" class=\"read-more button\" href=\"https:\/\/yecora.com\/es\/declaracion-de-accesibilidad\/#more-3707\" aria-label=\"Leer m\u00e1s sobre Declaraci\u00f3n de accesibilidad\">Leer m\u00e1s<\/a><\/p>\n","protected":false},"author":1,"featured_media":3376,"parent":0,"menu_order":0,"comment_status":"closed","ping_status":"closed","template":"","meta":{"om_disable_all_campaigns":false,"_monsterinsights_skip_tracking":false,"_monsterinsights_sitenote_active":false,"_monsterinsights_sitenote_note":"","_monsterinsights_sitenote_category":0,"footnotes":""},"class_list":{"0":"post-3707","1":"page","2":"type-page","3":"status-publish","4":"has-post-thumbnail","6":"infinite-scroll-item","7":"resize-featured-image"},"yoast_head":"<!-- This site is optimized with the Yoast SEO plugin v24.2 - https:\/\/yoast.com\/wordpress\/plugins\/seo\/ -->\n<title>Declaraci\u00f3n de accesibilidad - Yecora Patent Agency<\/title>\n<meta name=\"robots\" content=\"index, follow, max-snippet:-1, max-image-preview:large, max-video-preview:-1\" \/>\n<link rel=\"canonical\" href=\"https:\/\/yecora.com\/es\/declaracion-de-accesibilidad\/\" \/>\n<meta property=\"og:locale\" content=\"es_ES\" \/>\n<meta property=\"og:type\" content=\"article\" \/>\n<meta property=\"og:title\" content=\"Declaraci\u00f3n de accesibilidad - Yecora Patent Agency\" \/>\n<meta property=\"og:description\" content=\"Yecora Patent Agency se ha comprometido a hacer accesibles su sitio web de conformidad con el Real Decreto 1112\/2018, de 7 de septiembre sobre accesibilidad de los sitios web y ... Leer m\u00e1s\" \/>\n<meta property=\"og:url\" content=\"https:\/\/yecora.com\/es\/declaracion-de-accesibilidad\/\" \/>\n<meta property=\"og:site_name\" content=\"Yecora Patent Agency\" \/>\n<meta property=\"article:modified_time\" content=\"2023-07-27T19:01:48+00:00\" \/>\n<meta property=\"og:image\" content=\"https:\/\/yecora.com\/wp-content\/uploads\/2023\/07\/foto-yecora-portada-patents-marques-barcelona.jpg\" \/>\n\t<meta property=\"og:image:width\" content=\"1800\" \/>\n\t<meta property=\"og:image:height\" content=\"779\" \/>\n\t<meta property=\"og:image:type\" content=\"image\/jpeg\" \/>\n<meta name=\"twitter:card\" content=\"summary_large_image\" \/>\n<meta name=\"twitter:label1\" content=\"Tiempo de lectura\" \/>\n\t<meta name=\"twitter:data1\" content=\"3 minutos\" \/>\n<script type=\"application\/ld+json\" class=\"yoast-schema-graph\">{\"@context\":\"https:\/\/schema.org\",\"@graph\":[{\"@type\":\"WebPage\",\"@id\":\"https:\/\/yecora.com\/es\/declaracion-de-accesibilidad\/\",\"url\":\"https:\/\/yecora.com\/es\/declaracion-de-accesibilidad\/\",\"name\":\"Declaraci\u00f3n de accesibilidad - Yecora Patent Agency\",\"isPartOf\":{\"@id\":\"https:\/\/yecora.com\/#website\"},\"primaryImageOfPage\":{\"@id\":\"https:\/\/yecora.com\/es\/declaracion-de-accesibilidad\/#primaryimage\"},\"image\":{\"@id\":\"https:\/\/yecora.com\/es\/declaracion-de-accesibilidad\/#primaryimage\"},\"thumbnailUrl\":\"https:\/\/yecora.com\/wp-content\/uploads\/2023\/07\/foto-yecora-portada-patents-marques-barcelona.jpg\",\"datePublished\":\"2023-05-26T09:46:57+00:00\",\"dateModified\":\"2023-07-27T19:01:48+00:00\",\"breadcrumb\":{\"@id\":\"https:\/\/yecora.com\/es\/declaracion-de-accesibilidad\/#breadcrumb\"},\"inLanguage\":\"es\",\"potentialAction\":[{\"@type\":\"ReadAction\",\"target\":[\"https:\/\/yecora.com\/es\/declaracion-de-accesibilidad\/\"]}]},{\"@type\":\"ImageObject\",\"inLanguage\":\"es\",\"@id\":\"https:\/\/yecora.com\/es\/declaracion-de-accesibilidad\/#primaryimage\",\"url\":\"https:\/\/yecora.com\/wp-content\/uploads\/2023\/07\/foto-yecora-portada-patents-marques-barcelona.jpg\",\"contentUrl\":\"https:\/\/yecora.com\/wp-content\/uploads\/2023\/07\/foto-yecora-portada-patents-marques-barcelona.jpg\",\"width\":1800,\"height\":779},{\"@type\":\"BreadcrumbList\",\"@id\":\"https:\/\/yecora.com\/es\/declaracion-de-accesibilidad\/#breadcrumb\",\"itemListElement\":[{\"@type\":\"ListItem\",\"position\":1,\"name\":\"Inici\",\"item\":\"https:\/\/yecora.com\/es\/inicio\/\"},{\"@type\":\"ListItem\",\"position\":2,\"name\":\"Declaraci\u00f3n de accesibilidad\"}]},{\"@type\":\"WebSite\",\"@id\":\"https:\/\/yecora.com\/#website\",\"url\":\"https:\/\/yecora.com\/\",\"name\":\"Yecora Patent Agency\",\"description\":\"Agentes patentes y marcas, Agencia de patentes, Barcelona, Marcas UE, Marcas Uni\u00f3n Europea, Dise\u00f1os UE, Marcas internacionales, Patentes Barcelona, Propiedad Intelectual, Propiedad Industrial, Derechos de autor, Patentes, Copyright, Agents patents i marques, Ag\u00e8ncia de patents, Barcelona, Marques UE, Marques Uni\u00f3 Europea, Dissenys UE, Marques internacionals, Patents Barcelona, Propietat Intel\u00b7lectual, Propietat Industrial, Drets d&#039;autor, Patents, Copyright, Patent and trademark agents, Patent Agency, Barcelona, EU Trademarks, European Union Trademarks, EU Designs, International Trademarks, Barcelona Patents, Intellectual Property, Industrial Property, Copyright, Patents, Copyright\",\"publisher\":{\"@id\":\"https:\/\/yecora.com\/#organization\"},\"potentialAction\":[{\"@type\":\"SearchAction\",\"target\":{\"@type\":\"EntryPoint\",\"urlTemplate\":\"https:\/\/yecora.com\/?s={search_term_string}\"},\"query-input\":{\"@type\":\"PropertyValueSpecification\",\"valueRequired\":true,\"valueName\":\"search_term_string\"}}],\"inLanguage\":\"es\"},{\"@type\":\"Organization\",\"@id\":\"https:\/\/yecora.com\/#organization\",\"name\":\"Yecora Patent Agency\",\"alternateName\":\"Yecora\",\"url\":\"https:\/\/yecora.com\/\",\"logo\":{\"@type\":\"ImageObject\",\"inLanguage\":\"es\",\"@id\":\"https:\/\/yecora.com\/#\/schema\/logo\/image\/\",\"url\":\"https:\/\/yecora.com\/wp-content\/uploads\/2023\/05\/logo_yecora_patent_agency.png\",\"contentUrl\":\"https:\/\/yecora.com\/wp-content\/uploads\/2023\/05\/logo_yecora_patent_agency.png\",\"width\":210,\"height\":66,\"caption\":\"Yecora Patent Agency\"},\"image\":{\"@id\":\"https:\/\/yecora.com\/#\/schema\/logo\/image\/\"}}]}<\/script>\n<!-- \/ Yoast SEO plugin. -->","yoast_head_json":{"title":"Declaraci\u00f3n de accesibilidad - Yecora Patent Agency","robots":{"index":"index","follow":"follow","max-snippet":"max-snippet:-1","max-image-preview":"max-image-preview:large","max-video-preview":"max-video-preview:-1"},"canonical":"https:\/\/yecora.com\/es\/declaracion-de-accesibilidad\/","og_locale":"es_ES","og_type":"article","og_title":"Declaraci\u00f3n de accesibilidad - Yecora Patent Agency","og_description":"Yecora Patent Agency se ha comprometido a hacer accesibles su sitio web de conformidad con el Real Decreto 1112\/2018, de 7 de septiembre sobre accesibilidad de los sitios web y ... Leer m\u00e1s","og_url":"https:\/\/yecora.com\/es\/declaracion-de-accesibilidad\/","og_site_name":"Yecora Patent Agency","article_modified_time":"2023-07-27T19:01:48+00:00","og_image":[{"width":1800,"height":779,"url":"https:\/\/yecora.com\/wp-content\/uploads\/2023\/07\/foto-yecora-portada-patents-marques-barcelona.jpg","type":"image\/jpeg"}],"twitter_card":"summary_large_image","twitter_misc":{"Tiempo de lectura":"3 minutos"},"schema":{"@context":"https:\/\/schema.org","@graph":[{"@type":"WebPage","@id":"https:\/\/yecora.com\/es\/declaracion-de-accesibilidad\/","url":"https:\/\/yecora.com\/es\/declaracion-de-accesibilidad\/","name":"Declaraci\u00f3n de accesibilidad - Yecora Patent Agency","isPartOf":{"@id":"https:\/\/yecora.com\/#website"},"primaryImageOfPage":{"@id":"https:\/\/yecora.com\/es\/declaracion-de-accesibilidad\/#primaryimage"},"image":{"@id":"https:\/\/yecora.com\/es\/declaracion-de-accesibilidad\/#primaryimage"},"thumbnailUrl":"https:\/\/yecora.com\/wp-content\/uploads\/2023\/07\/foto-yecora-portada-patents-marques-barcelona.jpg","datePublished":"2023-05-26T09:46:57+00:00","dateModified":"2023-07-27T19:01:48+00:00","breadcrumb":{"@id":"https:\/\/yecora.com\/es\/declaracion-de-accesibilidad\/#breadcrumb"},"inLanguage":"es","potentialAction":[{"@type":"ReadAction","target":["https:\/\/yecora.com\/es\/declaracion-de-accesibilidad\/"]}]},{"@type":"ImageObject","inLanguage":"es","@id":"https:\/\/yecora.com\/es\/declaracion-de-accesibilidad\/#primaryimage","url":"https:\/\/yecora.com\/wp-content\/uploads\/2023\/07\/foto-yecora-portada-patents-marques-barcelona.jpg","contentUrl":"https:\/\/yecora.com\/wp-content\/uploads\/2023\/07\/foto-yecora-portada-patents-marques-barcelona.jpg","width":1800,"height":779},{"@type":"BreadcrumbList","@id":"https:\/\/yecora.com\/es\/declaracion-de-accesibilidad\/#breadcrumb","itemListElement":[{"@type":"ListItem","position":1,"name":"Inici","item":"https:\/\/yecora.com\/es\/inicio\/"},{"@type":"ListItem","position":2,"name":"Declaraci\u00f3n de accesibilidad"}]},{"@type":"WebSite","@id":"https:\/\/yecora.com\/#website","url":"https:\/\/yecora.com\/","name":"Yecora Patent Agency","description":"Agentes patentes y marcas, Agencia de patentes, Barcelona, Marcas UE, Marcas Uni\u00f3n Europea, Dise\u00f1os UE, Marcas internacionales, Patentes Barcelona, Propiedad Intelectual, Propiedad Industrial, Derechos de autor, Patentes, Copyright, Agents patents i marques, Ag\u00e8ncia de patents, Barcelona, Marques UE, Marques Uni\u00f3 Europea, Dissenys UE, Marques internacionals, Patents Barcelona, Propietat Intel\u00b7lectual, Propietat Industrial, Drets d&#039;autor, Patents, Copyright, Patent and trademark agents, Patent Agency, Barcelona, EU Trademarks, European Union Trademarks, EU Designs, International Trademarks, Barcelona Patents, Intellectual Property, Industrial Property, Copyright, Patents, Copyright","publisher":{"@id":"https:\/\/yecora.com\/#organization"},"potentialAction":[{"@type":"SearchAction","target":{"@type":"EntryPoint","urlTemplate":"https:\/\/yecora.com\/?s={search_term_string}"},"query-input":{"@type":"PropertyValueSpecification","valueRequired":true,"valueName":"search_term_string"}}],"inLanguage":"es"},{"@type":"Organization","@id":"https:\/\/yecora.com\/#organization","name":"Yecora Patent Agency","alternateName":"Yecora","url":"https:\/\/yecora.com\/","logo":{"@type":"ImageObject","inLanguage":"es","@id":"https:\/\/yecora.com\/#\/schema\/logo\/image\/","url":"https:\/\/yecora.com\/wp-content\/uploads\/2023\/05\/logo_yecora_patent_agency.png","contentUrl":"https:\/\/yecora.com\/wp-content\/uploads\/2023\/05\/logo_yecora_patent_agency.png","width":210,"height":66,"caption":"Yecora Patent Agency"},"image":{"@id":"https:\/\/yecora.com\/#\/schema\/logo\/image\/"}}]}},"_links":{"self":[{"href":"https:\/\/yecora.com\/es\/wp-json\/wp\/v2\/pages\/3707","targetHints":{"allow":["GET"]}}],"collection":[{"href":"https:\/\/yecora.com\/es\/wp-json\/wp\/v2\/pages"}],"about":[{"href":"https:\/\/yecora.com\/es\/wp-json\/wp\/v2\/types\/page"}],"author":[{"embeddable":true,"href":"https:\/\/yecora.com\/es\/wp-json\/wp\/v2\/users\/1"}],"replies":[{"embeddable":true,"href":"https:\/\/yecora.com\/es\/wp-json\/wp\/v2\/comments?post=3707"}],"version-history":[{"count":2,"href":"https:\/\/yecora.com\/es\/wp-json\/wp\/v2\/pages\/3707\/revisions"}],"predecessor-version":[{"id":3854,"href":"https:\/\/yecora.com\/es\/wp-json\/wp\/v2\/pages\/3707\/revisions\/3854"}],"wp:featuredmedia":[{"embeddable":true,"href":"https:\/\/yecora.com\/es\/wp-json\/wp\/v2\/media\/3376"}],"wp:attachment":[{"href":"https:\/\/yecora.com\/es\/wp-json\/wp\/v2\/media?parent=3707"}],"curies":[{"name":"wp","href":"https:\/\/api.w.org\/{rel}","templated":true}]}}