{"id":3694,"date":"2023-05-26T09:23:01","date_gmt":"2023-05-26T09:23:01","guid":{"rendered":"https:\/\/yecora.com\/agencia-de-patentes\/"},"modified":"2023-07-28T10:43:12","modified_gmt":"2023-07-28T10:43:12","slug":"agencia-de-patentes","status":"publish","type":"page","link":"https:\/\/yecora.com\/es\/agencia-de-patentes\/","title":{"rendered":"Agencia de PATENTES"},"content":{"rendered":"<div class=\"gb-container gb-container-5ac95363\">\n<div class=\"gb-container gb-container-da96b1db\">\n<div class=\"gb-grid-wrapper gb-grid-wrapper-7abe6f81\">\n<div class=\"gb-grid-column gb-grid-column-2040277e\"><div class=\"gb-container gb-container-2040277e\">\n\n<h3 class=\"gb-headline gb-headline-08c58a6e gb-headline-text\">Adecuamos nuestros servicios a las necesidades espec\u00edficas de nuestros clientes  <\/h3>\n\n\n\n<p class=\"gb-headline gb-headline-762e5250 gb-headline-text\">Teniendo muy en cuenta el Sector de actividad al que pertenecen; su potencial empresarial y el alcance territorial de su mercado; procurando siempre adaptar la protecci\u00f3n de su Propiedad Industrial a su Marketing estrat\u00e9gico.  <\/p>\n\n<\/div><\/div>\n<\/div>\n<\/div>\n<\/div>\n\n<div class=\"gb-container gb-container-8d599930\">\n<div class=\"gb-container gb-container-e4b4bee6\">\n<div class=\"gb-container gb-container-aa330821 gb-accordion\">\n<div class=\"gb-container gb-container-269633eb gb-accordion__item\" data-transition=\"slide\">\n\n<button class=\"gb-button gb-button-1eebdc9e gb-accordion__toggle\"><span class=\"gb-button-text\">Asesoramiento Especializado<\/span><span class=\"gb-icon\"><svg xmlns=\"http:\/\/www.w3.org\/2000\/svg\" viewBox=\"0 0 448 512\" width=\"1em\" height=\"1em\" ariahidden=\"true\" role=\"img\" class=\"gb-accordion__icon\"><path d=\"M207.029 381.476L12.686 187.132c-9.373-9.373-9.373-24.569 0-33.941l22.667-22.667c9.357-9.357 24.522-9.375 33.901-.04L224 284.505l154.745-154.021c9.379-9.335 24.544-9.317 33.901.04l22.667 22.667c9.373 9.373 9.373 24.569 0 33.941L240.971 381.476c-9.373 9.372-24.569 9.372-33.942 0z\" fill=\"currentColor\"><\/path><\/svg><svg xmlns=\"http:\/\/www.w3.org\/2000\/svg\" viewBox=\"0 0 448 512\" width=\"1em\" height=\"1em\" ariahidden=\"true\" role=\"img\" class=\"gb-accordion__icon-open\"><path d=\"M240.971 130.524l194.343 194.343c9.373 9.373 9.373 24.569 0 33.941l-22.667 22.667c-9.357 9.357-24.522 9.375-33.901.04L224 227.495 69.255 381.516c-9.379 9.335-24.544 9.317-33.901-.04l-22.667-22.667c-9.373-9.373-9.373-24.569 0-33.941L207.03 130.525c9.372-9.373 24.568-9.373 33.941-.001z\" fill=\"currentColor\"><\/path><\/svg><\/span><\/button>\n\n\n<div class=\"gb-accordion__content\"><div class=\"gb-container gb-container-93dc19f9\">\n\n<ul class=\"wp-block-list\">\n<li><strong>Asesoramiento en gesti\u00f3n empresarial de los activos de propiedad industrial:<\/strong>\n<ul class=\"wp-block-list\">\n<li>Como profesionales en gesti\u00f3n empresarial, damos consejo para la adecuada protecci\u00f3n de la Propiedad Industrial teniendo en cuenta las estrategias de marketing de la empresa. En este sentido, condicionamos otros aspectos del asesoramiento aqu\u00ed mencionados (el jur\u00eddico y el t\u00e9cnico) a este primer aspecto.<\/li>\n<\/ul>\n<\/li>\n<\/ul>\n\n\n\n<ul class=\"wp-block-list\">\n<li><strong>Asesoramiento jur\u00eddico:<\/strong>\n<ul class=\"wp-block-list\">\n<li>Con abogados especializados en derecho de propiedad intelectual e industrial, nos dedicamos a dar consejo jur\u00eddico exclusivo en estas dos materias legales.<\/li>\n\n\n\n<li>La propiedad industrial:\n<ul class=\"wp-block-list\">\n<li>Comprende todo lo que hace referencia a las invenciones t\u00e9cnicas (patentes y modelos de utilidad), a las creaciones de forma (modelos y dibujos industriales), ya los signos distintivos comerciales (marcas de servicios y de productos, nombres comerciales, r\u00f3tulos de establecimientos).<\/li>\n\n\n\n<li>La propiedad intelectual regula los derechos de autor, es decir, todas las creaciones originales literarias, art\u00edsticas o cient\u00edficas, comprendi\u00e9ndose entre s\u00ed: los libros, impresos, escritos, discursos, conferencias, composiciones musicales, obras teatrales, obras audio-visuales, esculturas, obras de pintura, dibujo, grabado, c\u00f3mics, proyectos, planos, maquetas y dise\u00f1os de obras arquitect\u00f3nicas y de ingenier\u00eda, mapas y dise\u00f1os relativos a la topograf\u00eda, la geograf\u00eda y la ciencia, las obras fotogr\u00e1ficas y los programas de ordenador.<\/li>\n<\/ul>\n<\/li>\n\n\n\n<li>Damos, pues, asesoramiento en todo lo referente a las diferentes modalidades de protecci\u00f3n, derechos y obligaciones que comprenden:<\/li>\n<\/ul>\n<\/li>\n<\/ul>\n\n\n\n<p><\/p>\n\n\n\n<ol start=\"1\" class=\"list-accordion wp-block-list\">\n<li>Necesidad o conveniencia de registro<\/li>\n\n\n\n<li>Negociaciones en transacciones econ\u00f3micas<\/li>\n\n\n\n<li>Redacci\u00f3n de contratos de cesi\u00f3n de derechos, conciliaciones, reclamaci\u00f3n de derechos por infracciones legales, etc.<\/li>\n<\/ol>\n\n\n\n<ul class=\"wp-block-list\">\n<li>Asesoramiento t\u00e9cnico:\n<ul class=\"wp-block-list\">\n<li>Contamos con profesionales propios para el an\u00e1lisis y consejo t\u00e9cnicos, en lo que se refiere a invenciones que por su complejidad o sofisticaci\u00f3n as\u00ed lo requieran.<\/li>\n\n\n\n<li>Patentes o Modelos de utilidad que aporten una novedad mundial deben ser sometidos a una esmerada supervisi\u00f3n t\u00e9cnica antes de iniciar cualquier acci\u00f3n jur\u00eddica encaminada a la protecci\u00f3n de su exclusividad.<\/li>\n<\/ul>\n<\/li>\n<\/ul>\n\n<\/div><\/div>\n<\/div>\n\n<div class=\"gb-container gb-container-432c7e47 gb-accordion__item\" data-transition=\"slide\">\n\n<button class=\"gb-button gb-button-12c9e8ee gb-accordion__toggle\"><span class=\"gb-button-text\">Tr\u00e1mites de registro ante los Organismos p\u00fablicos<\/span><span class=\"gb-icon\"><svg xmlns=\"http:\/\/www.w3.org\/2000\/svg\" viewBox=\"0 0 448 512\" width=\"1em\" height=\"1em\" ariahidden=\"true\" role=\"img\" class=\"gb-accordion__icon\"><path d=\"M207.029 381.476L12.686 187.132c-9.373-9.373-9.373-24.569 0-33.941l22.667-22.667c9.357-9.357 24.522-9.375 33.901-.04L224 284.505l154.745-154.021c9.379-9.335 24.544-9.317 33.901.04l22.667 22.667c9.373 9.373 9.373 24.569 0 33.941L240.971 381.476c-9.373 9.372-24.569 9.372-33.942 0z\" fill=\"currentColor\"><\/path><\/svg><svg xmlns=\"http:\/\/www.w3.org\/2000\/svg\" viewBox=\"0 0 448 512\" width=\"1em\" height=\"1em\" ariahidden=\"true\" role=\"img\" class=\"gb-accordion__icon-open\"><path d=\"M240.971 130.524l194.343 194.343c9.373 9.373 9.373 24.569 0 33.941l-22.667 22.667c-9.357 9.357-24.522 9.375-33.901.04L224 227.495 69.255 381.516c-9.379 9.335-24.544 9.317-33.901-.04l-22.667-22.667c-9.373-9.373-9.373-24.569 0-33.941L207.03 130.525c9.372-9.373 24.568-9.373 33.941-.001z\" fill=\"currentColor\"><\/path><\/svg><\/span><\/button>\n\n\n<div class=\"gb-accordion__content\"><div class=\"gb-container gb-container-a1f3fd78\">\n\n<p>Tr\u00e1mites de registro frente a los Organismos p\u00fablicos de propiedad industrial, intelectual y vigilancia de los intrusos.<\/p>\n\n\n\n<p>Para el ejercicio de los derechos de Propiedad Industrial es necesario el registro en los Organismos P\u00fablicos de Propiedad Industrial.<\/p>\n\n\n\n<p>Actuamos tambi\u00e9n ante la Oficina de Armonizaci\u00f3n del Mercado Interior (Marca Comunitaria y Dise\u00f1o Comunitario), y ante la Oficina Mundial de la Propiedad Intelectual (Marcas Internacionales y Patentes PCT), disponiendo asimismo de corresponsales en el extranjero para la protecci\u00f3n de expedientes en aquellos pa\u00edses que puedan interesar.<\/p>\n\n\n\n<p>Para ello, llevamos a cabo:<\/p>\n\n\n\n<ul class=\"wp-block-list\">\n<li>Los tr\u00e1mites de registro ante los Organismos, y todo el seguimiento posterior, tales como:\n<ul class=\"wp-block-list\">\n<li>Contestaci\u00f3n de suspensos<\/li>\n\n\n\n<li>Presentaci\u00f3n de oposiciones y recursos contra denegaciones de expedientes<\/li>\n\n\n\n<li>Pago de t\u00edtulos, renovaciones y anualidades<\/li>\n\n\n\n<li>Inscripci\u00f3n de transferencias<\/li>\n\n\n\n<li>Obtenci\u00f3n de certificados<\/li>\n\n\n\n<li>Gestiones diversas<\/li>\n<\/ul>\n<\/li>\n\n\n\n<li>La vigilancia de la publicaci\u00f3n de solicitudes de expedientes que puedan perjudicar a los de nuestros clientes, presentando oposiciones contra estas solicitudes y recursos contra las concesiones.<\/li>\n\n\n\n<li>En cuanto a la Propiedad Intelectual, aunque el registro no sea necesario para exigir los derechos correspondientes a una determinada creaci\u00f3n, s\u00ed puede ser conveniente a efectos de preconstituir una prueba de titularidad sobre la misma.<\/li>\n<\/ul>\n\n<\/div><\/div>\n<\/div>\n\n<div class=\"gb-container gb-container-678f50a3 gb-accordion__item\" data-transition=\"slide\">\n\n<button class=\"gb-button gb-button-175a33cd gb-accordion__toggle\"><span class=\"gb-button-text\">Defensa ante los Juzgados y Tribunales<\/span><span class=\"gb-icon\"><svg xmlns=\"http:\/\/www.w3.org\/2000\/svg\" viewBox=\"0 0 448 512\" width=\"1em\" height=\"1em\" ariahidden=\"true\" role=\"img\" class=\"gb-accordion__icon\"><path d=\"M207.029 381.476L12.686 187.132c-9.373-9.373-9.373-24.569 0-33.941l22.667-22.667c9.357-9.357 24.522-9.375 33.901-.04L224 284.505l154.745-154.021c9.379-9.335 24.544-9.317 33.901.04l22.667 22.667c9.373 9.373 9.373 24.569 0 33.941L240.971 381.476c-9.373 9.372-24.569 9.372-33.942 0z\" fill=\"currentColor\"><\/path><\/svg><svg xmlns=\"http:\/\/www.w3.org\/2000\/svg\" viewBox=\"0 0 448 512\" width=\"1em\" height=\"1em\" ariahidden=\"true\" role=\"img\" class=\"gb-accordion__icon-open\"><path d=\"M240.971 130.524l194.343 194.343c9.373 9.373 9.373 24.569 0 33.941l-22.667 22.667c-9.357 9.357-24.522 9.375-33.901.04L224 227.495 69.255 381.516c-9.379 9.335-24.544 9.317-33.901-.04l-22.667-22.667c-9.373-9.373-9.373-24.569 0-33.941L207.03 130.525c9.372-9.373 24.568-9.373 33.941-.001z\" fill=\"currentColor\"><\/path><\/svg><\/span><\/button>\n\n\n<div class=\"gb-accordion__content\"><div class=\"gb-container gb-container-dd299683\">\n\n<p>Tanto la Propiedad Industrial como la Propiedad Intelectual tienen como finalidad la explotaci\u00f3n en exclusiva de determinadas creaciones, susceptibles de comercializaci\u00f3n en el mercado, y que tienen una notable importancia econ\u00f3mica. Este derecho de exclusiva normalmente se respeta, pero en muchas ocasiones se producen usurpaciones y conflictos derivados de intereses enfrentados, que no pueden resolverse amistosamente, y requieren llevar a cabo las actuaciones judiciales pertinentes, que restablezcan los derechos conculcados.<\/p>\n\n\n\n<p>Nosotros intervenimos tambi\u00e9n en defensa de nuestros clientes ante los Juzgados y Tribunales, llevando a cabo todas las acciones legales que amparen sus intereses.<\/p>\n\n<\/div><\/div>\n<\/div>\n<\/div>\n<\/div>\n<\/div>","protected":false},"excerpt":{"rendered":"<p>Tr\u00e1mites de registro frente a los Organismos p\u00fablicos de propiedad industrial, intelectual y vigilancia de los intrusos. Para el ejercicio de los derechos de Propiedad Industrial es necesario el registro &#8230; <\/p>\n<p class=\"read-more-container\"><a title=\"Agencia de PATENTES\" class=\"read-more button\" href=\"https:\/\/yecora.com\/es\/agencia-de-patentes\/#more-3694\" aria-label=\"Leer m\u00e1s sobre Agencia de PATENTES\">Leer m\u00e1s<\/a><\/p>\n","protected":false},"author":1,"featured_media":3388,"parent":0,"menu_order":0,"comment_status":"closed","ping_status":"closed","template":"","meta":{"om_disable_all_campaigns":false,"_monsterinsights_skip_tracking":false,"_monsterinsights_sitenote_active":false,"_monsterinsights_sitenote_note":"","_monsterinsights_sitenote_category":0,"footnotes":""},"class_list":{"0":"post-3694","1":"page","2":"type-page","3":"status-publish","4":"has-post-thumbnail","6":"infinite-scroll-item","7":"resize-featured-image"},"yoast_head":"<!-- This site is optimized with the Yoast SEO plugin v24.2 - https:\/\/yoast.com\/wordpress\/plugins\/seo\/ -->\n<title>Agencia de PATENTES - Yecora Patent Agency<\/title>\n<meta name=\"robots\" content=\"index, follow, max-snippet:-1, max-image-preview:large, max-video-preview:-1\" \/>\n<link rel=\"canonical\" href=\"https:\/\/yecora.com\/es\/agencia-de-patentes\/\" \/>\n<meta property=\"og:locale\" content=\"es_ES\" \/>\n<meta property=\"og:type\" content=\"article\" \/>\n<meta property=\"og:title\" content=\"Agencia de PATENTES - Yecora Patent Agency\" \/>\n<meta property=\"og:description\" content=\"Tr\u00e1mites de registro frente a los Organismos p\u00fablicos de propiedad industrial, intelectual y vigilancia de los intrusos. Para el ejercicio de los derechos de Propiedad Industrial es necesario el registro ... Leer m\u00e1s\" \/>\n<meta property=\"og:url\" content=\"https:\/\/yecora.com\/es\/agencia-de-patentes\/\" \/>\n<meta property=\"og:site_name\" content=\"Yecora Patent Agency\" \/>\n<meta property=\"article:modified_time\" content=\"2023-07-28T10:43:12+00:00\" \/>\n<meta property=\"og:image\" content=\"https:\/\/yecora.com\/wp-content\/uploads\/2023\/07\/foto-rellotge-yecora.jpg\" \/>\n\t<meta property=\"og:image:width\" content=\"2500\" \/>\n\t<meta property=\"og:image:height\" content=\"2164\" \/>\n\t<meta property=\"og:image:type\" content=\"image\/jpeg\" \/>\n<meta name=\"twitter:card\" content=\"summary_large_image\" \/>\n<meta name=\"twitter:label1\" content=\"Tiempo de lectura\" \/>\n\t<meta name=\"twitter:data1\" content=\"3 minutos\" \/>\n<script type=\"application\/ld+json\" class=\"yoast-schema-graph\">{\"@context\":\"https:\/\/schema.org\",\"@graph\":[{\"@type\":\"WebPage\",\"@id\":\"https:\/\/yecora.com\/es\/agencia-de-patentes\/\",\"url\":\"https:\/\/yecora.com\/es\/agencia-de-patentes\/\",\"name\":\"Agencia de PATENTES - Yecora Patent Agency\",\"isPartOf\":{\"@id\":\"https:\/\/yecora.com\/#website\"},\"primaryImageOfPage\":{\"@id\":\"https:\/\/yecora.com\/es\/agencia-de-patentes\/#primaryimage\"},\"image\":{\"@id\":\"https:\/\/yecora.com\/es\/agencia-de-patentes\/#primaryimage\"},\"thumbnailUrl\":\"https:\/\/yecora.com\/wp-content\/uploads\/2023\/07\/foto-rellotge-yecora.jpg\",\"datePublished\":\"2023-05-26T09:23:01+00:00\",\"dateModified\":\"2023-07-28T10:43:12+00:00\",\"breadcrumb\":{\"@id\":\"https:\/\/yecora.com\/es\/agencia-de-patentes\/#breadcrumb\"},\"inLanguage\":\"es\",\"potentialAction\":[{\"@type\":\"ReadAction\",\"target\":[\"https:\/\/yecora.com\/es\/agencia-de-patentes\/\"]}]},{\"@type\":\"ImageObject\",\"inLanguage\":\"es\",\"@id\":\"https:\/\/yecora.com\/es\/agencia-de-patentes\/#primaryimage\",\"url\":\"https:\/\/yecora.com\/wp-content\/uploads\/2023\/07\/foto-rellotge-yecora.jpg\",\"contentUrl\":\"https:\/\/yecora.com\/wp-content\/uploads\/2023\/07\/foto-rellotge-yecora.jpg\",\"width\":2500,\"height\":2164},{\"@type\":\"BreadcrumbList\",\"@id\":\"https:\/\/yecora.com\/es\/agencia-de-patentes\/#breadcrumb\",\"itemListElement\":[{\"@type\":\"ListItem\",\"position\":1,\"name\":\"Inici\",\"item\":\"https:\/\/yecora.com\/es\/inicio\/\"},{\"@type\":\"ListItem\",\"position\":2,\"name\":\"Agencia de PATENTES\"}]},{\"@type\":\"WebSite\",\"@id\":\"https:\/\/yecora.com\/#website\",\"url\":\"https:\/\/yecora.com\/\",\"name\":\"Yecora Patent Agency\",\"description\":\"Agentes patentes y marcas, Agencia de patentes, Barcelona, Marcas UE, Marcas Uni\u00f3n Europea, Dise\u00f1os UE, Marcas internacionales, Patentes Barcelona, Propiedad Intelectual, Propiedad Industrial, Derechos de autor, Patentes, Copyright, Agents patents i marques, Ag\u00e8ncia de patents, Barcelona, Marques UE, Marques Uni\u00f3 Europea, Dissenys UE, Marques internacionals, Patents Barcelona, Propietat Intel\u00b7lectual, Propietat Industrial, Drets d&#039;autor, Patents, Copyright, Patent and trademark agents, Patent Agency, Barcelona, EU Trademarks, European Union Trademarks, EU Designs, International Trademarks, Barcelona Patents, Intellectual Property, Industrial Property, Copyright, Patents, Copyright\",\"publisher\":{\"@id\":\"https:\/\/yecora.com\/#organization\"},\"potentialAction\":[{\"@type\":\"SearchAction\",\"target\":{\"@type\":\"EntryPoint\",\"urlTemplate\":\"https:\/\/yecora.com\/?s={search_term_string}\"},\"query-input\":{\"@type\":\"PropertyValueSpecification\",\"valueRequired\":true,\"valueName\":\"search_term_string\"}}],\"inLanguage\":\"es\"},{\"@type\":\"Organization\",\"@id\":\"https:\/\/yecora.com\/#organization\",\"name\":\"Yecora Patent Agency\",\"alternateName\":\"Yecora\",\"url\":\"https:\/\/yecora.com\/\",\"logo\":{\"@type\":\"ImageObject\",\"inLanguage\":\"es\",\"@id\":\"https:\/\/yecora.com\/#\/schema\/logo\/image\/\",\"url\":\"https:\/\/yecora.com\/wp-content\/uploads\/2023\/05\/logo_yecora_patent_agency.png\",\"contentUrl\":\"https:\/\/yecora.com\/wp-content\/uploads\/2023\/05\/logo_yecora_patent_agency.png\",\"width\":210,\"height\":66,\"caption\":\"Yecora Patent Agency\"},\"image\":{\"@id\":\"https:\/\/yecora.com\/#\/schema\/logo\/image\/\"}}]}<\/script>\n<!-- \/ Yoast SEO plugin. -->","yoast_head_json":{"title":"Agencia de PATENTES - Yecora Patent Agency","robots":{"index":"index","follow":"follow","max-snippet":"max-snippet:-1","max-image-preview":"max-image-preview:large","max-video-preview":"max-video-preview:-1"},"canonical":"https:\/\/yecora.com\/es\/agencia-de-patentes\/","og_locale":"es_ES","og_type":"article","og_title":"Agencia de PATENTES - Yecora Patent Agency","og_description":"Tr\u00e1mites de registro frente a los Organismos p\u00fablicos de propiedad industrial, intelectual y vigilancia de los intrusos. Para el ejercicio de los derechos de Propiedad Industrial es necesario el registro ... Leer m\u00e1s","og_url":"https:\/\/yecora.com\/es\/agencia-de-patentes\/","og_site_name":"Yecora Patent Agency","article_modified_time":"2023-07-28T10:43:12+00:00","og_image":[{"width":2500,"height":2164,"url":"https:\/\/yecora.com\/wp-content\/uploads\/2023\/07\/foto-rellotge-yecora.jpg","type":"image\/jpeg"}],"twitter_card":"summary_large_image","twitter_misc":{"Tiempo de lectura":"3 minutos"},"schema":{"@context":"https:\/\/schema.org","@graph":[{"@type":"WebPage","@id":"https:\/\/yecora.com\/es\/agencia-de-patentes\/","url":"https:\/\/yecora.com\/es\/agencia-de-patentes\/","name":"Agencia de PATENTES - Yecora Patent Agency","isPartOf":{"@id":"https:\/\/yecora.com\/#website"},"primaryImageOfPage":{"@id":"https:\/\/yecora.com\/es\/agencia-de-patentes\/#primaryimage"},"image":{"@id":"https:\/\/yecora.com\/es\/agencia-de-patentes\/#primaryimage"},"thumbnailUrl":"https:\/\/yecora.com\/wp-content\/uploads\/2023\/07\/foto-rellotge-yecora.jpg","datePublished":"2023-05-26T09:23:01+00:00","dateModified":"2023-07-28T10:43:12+00:00","breadcrumb":{"@id":"https:\/\/yecora.com\/es\/agencia-de-patentes\/#breadcrumb"},"inLanguage":"es","potentialAction":[{"@type":"ReadAction","target":["https:\/\/yecora.com\/es\/agencia-de-patentes\/"]}]},{"@type":"ImageObject","inLanguage":"es","@id":"https:\/\/yecora.com\/es\/agencia-de-patentes\/#primaryimage","url":"https:\/\/yecora.com\/wp-content\/uploads\/2023\/07\/foto-rellotge-yecora.jpg","contentUrl":"https:\/\/yecora.com\/wp-content\/uploads\/2023\/07\/foto-rellotge-yecora.jpg","width":2500,"height":2164},{"@type":"BreadcrumbList","@id":"https:\/\/yecora.com\/es\/agencia-de-patentes\/#breadcrumb","itemListElement":[{"@type":"ListItem","position":1,"name":"Inici","item":"https:\/\/yecora.com\/es\/inicio\/"},{"@type":"ListItem","position":2,"name":"Agencia de PATENTES"}]},{"@type":"WebSite","@id":"https:\/\/yecora.com\/#website","url":"https:\/\/yecora.com\/","name":"Yecora Patent Agency","description":"Agentes patentes y marcas, Agencia de patentes, Barcelona, Marcas UE, Marcas Uni\u00f3n Europea, Dise\u00f1os UE, Marcas internacionales, Patentes Barcelona, Propiedad Intelectual, Propiedad Industrial, Derechos de autor, Patentes, Copyright, Agents patents i marques, Ag\u00e8ncia de patents, Barcelona, Marques UE, Marques Uni\u00f3 Europea, Dissenys UE, Marques internacionals, Patents Barcelona, Propietat Intel\u00b7lectual, Propietat Industrial, Drets d&#039;autor, Patents, Copyright, Patent and trademark agents, Patent Agency, Barcelona, EU Trademarks, European Union Trademarks, EU Designs, International Trademarks, Barcelona Patents, Intellectual Property, Industrial Property, Copyright, Patents, Copyright","publisher":{"@id":"https:\/\/yecora.com\/#organization"},"potentialAction":[{"@type":"SearchAction","target":{"@type":"EntryPoint","urlTemplate":"https:\/\/yecora.com\/?s={search_term_string}"},"query-input":{"@type":"PropertyValueSpecification","valueRequired":true,"valueName":"search_term_string"}}],"inLanguage":"es"},{"@type":"Organization","@id":"https:\/\/yecora.com\/#organization","name":"Yecora Patent Agency","alternateName":"Yecora","url":"https:\/\/yecora.com\/","logo":{"@type":"ImageObject","inLanguage":"es","@id":"https:\/\/yecora.com\/#\/schema\/logo\/image\/","url":"https:\/\/yecora.com\/wp-content\/uploads\/2023\/05\/logo_yecora_patent_agency.png","contentUrl":"https:\/\/yecora.com\/wp-content\/uploads\/2023\/05\/logo_yecora_patent_agency.png","width":210,"height":66,"caption":"Yecora Patent Agency"},"image":{"@id":"https:\/\/yecora.com\/#\/schema\/logo\/image\/"}}]}},"_links":{"self":[{"href":"https:\/\/yecora.com\/es\/wp-json\/wp\/v2\/pages\/3694","targetHints":{"allow":["GET"]}}],"collection":[{"href":"https:\/\/yecora.com\/es\/wp-json\/wp\/v2\/pages"}],"about":[{"href":"https:\/\/yecora.com\/es\/wp-json\/wp\/v2\/types\/page"}],"author":[{"embeddable":true,"href":"https:\/\/yecora.com\/es\/wp-json\/wp\/v2\/users\/1"}],"replies":[{"embeddable":true,"href":"https:\/\/yecora.com\/es\/wp-json\/wp\/v2\/comments?post=3694"}],"version-history":[{"count":2,"href":"https:\/\/yecora.com\/es\/wp-json\/wp\/v2\/pages\/3694\/revisions"}],"predecessor-version":[{"id":3875,"href":"https:\/\/yecora.com\/es\/wp-json\/wp\/v2\/pages\/3694\/revisions\/3875"}],"wp:featuredmedia":[{"embeddable":true,"href":"https:\/\/yecora.com\/es\/wp-json\/wp\/v2\/media\/3388"}],"wp:attachment":[{"href":"https:\/\/yecora.com\/es\/wp-json\/wp\/v2\/media?parent=3694"}],"curies":[{"name":"wp","href":"https:\/\/api.w.org\/{rel}","templated":true}]}}