{"id":3692,"date":"2022-04-13T00:16:51","date_gmt":"2022-04-13T00:16:51","guid":{"rendered":"https:\/\/yecora.com\/faq\/"},"modified":"2023-07-27T15:27:29","modified_gmt":"2023-07-27T15:27:29","slug":"faq","status":"publish","type":"page","link":"https:\/\/yecora.com\/es\/faq\/","title":{"rendered":"FaQ"},"content":{"rendered":"<div class=\"gb-container gb-container-0d065226\">\n<div class=\"gb-container gb-container-847445bc\" id=\"0\">\n<div class=\"gb-container gb-container-a49c1a14\">\n\n<a class=\"gb-button gb-button-15306e47 gb-button-text\" href=\"#1\">01 \u00bfPor qu\u00e9 gestionar la Propiedad Industrial de mi empresa?<\/a>\n\n\n\n<a class=\"gb-button gb-button-d9cf7071 gb-button-text\" href=\"#2\">02 Las marcas y su protecci\u00f3n como \u00abmarcas registradas\u00bb \u00ae<\/a>\n\n\n\n<a class=\"gb-button gb-button-c118b76b gb-button-text\" href=\"#3\">03 \u00bfSon los dominios las marcas en Internet?<\/a>\n\n\n\n<a class=\"gb-button gb-button-7f9ea432 gb-button-text\" href=\"#4\">04 Nombres Comerciales<\/a>\n\n\n\n<a class=\"gb-button gb-button-1eac2cbb gb-button-text\" href=\"#5\">05 Dise\u00f1os, presentaci\u00f3n de productos y creaciones de forma en general<\/a>\n\n\n\n<a class=\"gb-button gb-button-a580e143 gb-button-text\" href=\"#6\">06 \u00bfPor qu\u00e9 gestionar la Propiedad Industrial de mi empresa?<\/a>\n\n<\/div>\n<\/div>\n\n<div class=\"gb-container gb-container-e5d8c0fa\" id=\"1\">\n<div class=\"gb-container gb-container-5e8db98a\">\n\n<h2 class=\"gb-headline gb-headline-97e4dc86 gb-headline-text\">01<\/h2>\n\n\n\n<h2 class=\"gb-headline gb-headline-9fca3208 gb-headline-text\">\u00bfPor qu\u00e9 gestionar la Propiedad Industrial de mi empresa?  <\/h2>\n\n\n<div class=\"gb-container gb-container-f4423907\">\n\n<p class=\"gb-headline gb-headline-f7207095 gb-headline-text\">Es necesario gestionar la Propiedad Industrial de las empresas de la misma forma que es necesario gestionar el resto de Activos que forman parte del Balance.<\/p>\n\n\n\n<p class=\"gb-headline gb-headline-727bc8cc gb-headline-text\">El hecho de que sean Intangibles no les despoja de su condici\u00f3n de Patrimonio de la Empresa, con todo lo que esto conlleva. Es necesario, pues, preservar el valor econ\u00f3mico de Patentes, Marcas y Dise\u00f1os propios:<\/p>\n\n\n\n<p class=\"gb-headline gb-headline-aefba1f9 gb-headline-text\">A. Siendo conscientes del estado actualizado de la Cartera de Propiedad Industrial en cada momento<\/p>\n\n\n\n<p class=\"gb-headline gb-headline-ae816d68 gb-headline-text\">B. Valorando la adecuaci\u00f3n de esta Cartera a las necesidades de protecci\u00f3n y explotaci\u00f3n de la empresa.<\/p>\n\n\n\n<p class=\"gb-headline gb-headline-0480087c gb-headline-text\">C. Ejerciendo una acci\u00f3n de vigilancia de los derechos de monopolio, evitando que terceros adquiere derechos similares que deval\u00faen la propia Cartera de Patentes y Marcas.  <\/p>\n\n<\/div>\n<\/div>\n<\/div>\n\n<div class=\"gb-container gb-container-863cc843\" id=\"2\">\n<div class=\"gb-container gb-container-72cc6f51\">\n\n<h2 class=\"gb-headline gb-headline-1d4f9189 gb-headline-text\">02<\/h2>\n\n\n\n<h2 class=\"gb-headline gb-headline-850e356c gb-headline-text\">Las marcas y su protecci\u00f3n como \u00abmarcas registradas\u00bb \u00ae<\/h2>\n\n\n<div class=\"gb-container gb-container-3e928d83\">\n\n<p>\u00bfQu\u00e9 es una Marca? Se entiende por marcas aquellos signos (denominaciones, logotipos, formas tridimensionales, sonidos, olores y combinaciones de todos ellos) que sirven para distinguir un determinado producto o servicio de otro distinto al Mercado.<\/p>\n\n\n\n<p>\u00bfPor qu\u00e9 registrarla? Con el fin de obtener el Derecho de Uso en exclusiva sobre la citada marca, con el fin de evitar que terceros no autorizados la usen de una forma no deseada, ocasionando, de esta modo, confusi\u00f3n en el Mercado.<\/p>\n\n\n\n<p>La adquisici\u00f3n de un registro de marca supone la obtenci\u00f3n de un Derecho de Propiedad sobre un Signo Distintivo, con car\u00e1cter indefinido. De tal modo que una marca se convierte en un Patrimonio Empresarial y, como tal, constituye un factor de valorizaci\u00f3n de la empresa que la posee.<\/p>\n\n\n\n<p>\u00c1mbito geogr\u00e1fico de protecci\u00f3n: Va desde lo b\u00e1sico que es el de un determinado Estado, hasta formas de protecci\u00f3n globales, como las Marcas Internacionales o las Marcas Comunitarias.<\/p>\n\n<\/div>\n<\/div>\n<\/div>\n\n<div class=\"gb-container gb-container-298a6ac0\" id=\"3\">\n<div class=\"gb-container gb-container-1be45114\">\n\n<h2 class=\"gb-headline gb-headline-224b7717 gb-headline-text\">03<\/h2>\n\n\n\n<h2 class=\"gb-headline gb-headline-f8c38b0c gb-headline-text\">\u00bfSon los dominios las marcas en Internet?<\/h2>\n\n\n<div class=\"gb-container gb-container-0f5f3b1a\">\n\n<p>Los dominios en \u00abinternet\u00bb son las denominaciones que identifican un determinado \u00absitio web\u00bb o \u00abweb site\u00bb, y, como tales identificadores, constituyen una forma de uso de la marca, cuando la web a la que direccionan es la de una empresa o negocio o la de una entidad p\u00fablicamente conocida.<\/p>\n\n\n\n<p>Sin embargo, el uso de las marcas en Internet va m\u00e1s all\u00e1 de las direcciones de internet (los dominios), ya que en la misma web pueden utilizarse marcas (denominaciones, gr\u00e1ficos, etc), como contenidos .<\/p>\n\n\n\n<p>Adem\u00e1s, el propio \u00abICANN\u00bb (organismo internacional regulador del registro de dominios), cada vez m\u00e1s subordina la regulaci\u00f3n de la concesi\u00f3n de este tipo de registros a la normativa internacional de marcas, la cual, a diferencia de la de los dominios, tiene car\u00e1cter de Ley, en la mayor\u00eda de los pa\u00edses de la OMC (Organizaci\u00f3n Mundial del Comercio).<\/p>\n\n\n\n<p>Resumiendo: Conviene registrar los dominios que se quieran utilizar para identificar una web con fines de publicitaci\u00f3n; sin embargo, conviene tambi\u00e9n proteger mediante su adecuado registro como Marcas, aquellos distintivos (denominaciones y\/o gr\u00e1ficos y\/o formas tridimensionales) que identifiquen productos o servicios, cuya exclusividad de uso deba ser preservada, incluso si se utilizan en Internet.<\/p>\n\n<\/div>\n<\/div>\n<\/div>\n\n<div class=\"gb-container gb-container-a7681a33\" id=\"4\">\n<div class=\"gb-container gb-container-2bdd5c57\">\n\n<h2 class=\"gb-headline gb-headline-ced97542 gb-headline-text\">04<\/h2>\n\n\n\n<h2 class=\"gb-headline gb-headline-1736b162 gb-headline-text\">Nombres Comerciales<\/h2>\n\n\n<div class=\"gb-container gb-container-6db2c6f1\">\n\n<p>Si bien las normas nacionales e internacionales tienden a proteger los derechos de las titulares de una determinada Raz\u00f3n Social registrada ante los correspondientes registros mercantiles, frente a posibles usurpaciones por parte de terceras personas que pretendan registrar las mismas denominaciones como marcas ante los Registros de Patentes y Marcas, lo cierto es que hay que proteger a los Nombres Comerciales como Marcas, si \u00e9stos se aplican a distinguir productos y\/o servicios en el Mercado.<\/p>\n\n<\/div>\n<\/div>\n<\/div>\n\n<div class=\"gb-container gb-container-5a54d18c\" id=\"5\">\n<div class=\"gb-container gb-container-f430e96d\">\n\n<h2 class=\"gb-headline gb-headline-c548df11 gb-headline-text\">05<\/h2>\n\n\n\n<h2 class=\"gb-headline gb-headline-7735e850 gb-headline-text\">Dise\u00f1os, presentaci\u00f3n de productos y creaciones de forma en general<\/h2>\n\n\n<div class=\"gb-container gb-container-562547d2\">\n\n<p>Las modalidades de protecci\u00f3n del derecho de exclusiva de los dise\u00f1os de productos y de la forma de presentaci\u00f3n de los mismos (packaging, etc.), pueden ser de dos tipos:<\/p>\n\n\n\n<p>El <em>Modelo Industrial<\/em><\/p>\n\n\n\n<p>La <em>Marca Tridimensional<\/em><\/p>\n\n\n\n<p>Si bien ambas modalidades permiten la obtenci\u00f3n de un derecho de exclusiva sobre el dise\u00f1o en cuesti\u00f3n, la idoneidad de una u otra modalidad depender\u00e1 de cada caso en concreto.<\/p>\n\n\n\n<p>As\u00ed pues, recomendamos en \u00e9ste, como en el resto de los casos, consultar a un profesional cualificado de la Propiedad Industrial, ya que no existen f\u00f3rmulas \u00abstandard\u00bb aplicables a todos los casos. Conviene, pues, analizar las caracter\u00edsticas y necesidades para cada caso concreto con el fin de optar por una u otra modalidad.<\/p>\n\n<\/div>\n<\/div>\n<\/div>\n\n<div class=\"gb-container gb-container-359a0110\" id=\"6\">\n<div class=\"gb-container gb-container-e099fd0b\">\n\n<h2 class=\"gb-headline gb-headline-502b4cff gb-headline-text\">06<\/h2>\n\n\n\n<h2 class=\"gb-headline gb-headline-7b25e847 gb-headline-text\">\u00bfPor qu\u00e9 gestionar la Propiedad Industrial de mi empresa?<\/h2>\n\n\n<div class=\"gb-container gb-container-7eced1ba\">\n\n<p>Las invenciones hacen referencia a creaciones humanas de car\u00e1cter original, las cuales, para ser patentables (protegibles en exclusiva) deben cumplir todos los siguientes requisitos:<\/p>\n\n\n\n<ul class=\"wp-block-list\">\n<li>Ser nuevas<br\/>  La condici\u00f3n de \u00abnovedad\u00bb supone que una invenci\u00f3n no se encuentre comprendida en el llamado \u00abEstado de la T\u00e9cnica\u00bb, es decir, que no haya sido dada a conocer al p\u00fablico con anterioridad o que no exista ya otra invenci\u00f3n que sea similar a la invenci\u00f3n que se pretende patentar.<br\/>En Espa\u00f1a la condici\u00f3n de novedad debe ser \u00abmundial\u00bb si la opci\u00f3n de protecci\u00f3n de la invenci\u00f3n es la de Patente; y \u00abnacional\u00bb si la modalidad de protecci\u00f3n adecuada a la invenci\u00f3n es la de \u00abModelo de Utilidad\u00bb.<\/li>\n\n\n\n<li>Comportar una actividad inventiva<br\/>  La \u00abactividad inventiva\u00bb hace referencia a que una invenci\u00f3n no puede derivarse de forma evidente para un experto en la materia del Estado de la T\u00e9cnica existente.<\/li>\n\n\n\n<li>Ser susceptibles de una aplicaci\u00f3n industrial<br\/>  En cuanto a la condici\u00f3n de la \u00abaplicaci\u00f3n industrial\u00bb, evidentemente hace referencia a que la invenci\u00f3n a patentar debe ser susceptible de aplicaci\u00f3n a la industria aportando mejoras al funcionamiento de la misma.<\/li>\n<\/ul>\n\n<\/div>\n<\/div>\n<\/div>\n<\/div>","protected":false},"excerpt":{"rendered":"<p>01 \u00bfPor qu\u00e9 gestionar la Propiedad Industrial de mi empresa? Es necesario gestionar la Propiedad Industrial de las empresas de la misma forma que es necesario gestionar el resto de &#8230; <\/p>\n<p class=\"read-more-container\"><a title=\"FaQ\" class=\"read-more button\" href=\"https:\/\/yecora.com\/es\/faq\/#more-3692\" aria-label=\"Leer m\u00e1s sobre FaQ\">Leer m\u00e1s<\/a><\/p>\n","protected":false},"author":1,"featured_media":3406,"parent":0,"menu_order":0,"comment_status":"closed","ping_status":"closed","template":"","meta":{"om_disable_all_campaigns":false,"_monsterinsights_skip_tracking":false,"_monsterinsights_sitenote_active":false,"_monsterinsights_sitenote_note":"","_monsterinsights_sitenote_category":0,"footnotes":""},"class_list":{"0":"post-3692","1":"page","2":"type-page","3":"status-publish","4":"has-post-thumbnail","6":"infinite-scroll-item","7":"resize-featured-image"},"yoast_head":"<!-- This site is optimized with the Yoast SEO plugin v24.2 - https:\/\/yoast.com\/wordpress\/plugins\/seo\/ -->\n<title>FaQ - Yecora Patent Agency<\/title>\n<meta name=\"robots\" content=\"index, follow, max-snippet:-1, max-image-preview:large, max-video-preview:-1\" \/>\n<link rel=\"canonical\" href=\"https:\/\/yecora.com\/es\/faq\/\" \/>\n<meta property=\"og:locale\" content=\"es_ES\" \/>\n<meta property=\"og:type\" content=\"article\" \/>\n<meta property=\"og:title\" content=\"FaQ - Yecora Patent Agency\" \/>\n<meta property=\"og:description\" content=\"01 \u00bfPor qu\u00e9 gestionar la Propiedad Industrial de mi empresa? Es necesario gestionar la Propiedad Industrial de las empresas de la misma forma que es necesario gestionar el resto de ... Leer m\u00e1s\" \/>\n<meta property=\"og:url\" content=\"https:\/\/yecora.com\/es\/faq\/\" \/>\n<meta property=\"og:site_name\" content=\"Yecora Patent Agency\" \/>\n<meta property=\"article:modified_time\" content=\"2023-07-27T15:27:29+00:00\" \/>\n<meta property=\"og:image\" content=\"https:\/\/yecora.com\/wp-content\/uploads\/2023\/07\/cel-vaixells-yecora-1800x1350.jpg\" \/>\n\t<meta property=\"og:image:width\" content=\"1800\" \/>\n\t<meta property=\"og:image:height\" content=\"1350\" \/>\n\t<meta property=\"og:image:type\" content=\"image\/jpeg\" \/>\n<meta name=\"twitter:card\" content=\"summary_large_image\" \/>\n<meta name=\"twitter:label1\" content=\"Tiempo de lectura\" \/>\n\t<meta name=\"twitter:data1\" content=\"5 minutos\" \/>\n<script type=\"application\/ld+json\" class=\"yoast-schema-graph\">{\"@context\":\"https:\/\/schema.org\",\"@graph\":[{\"@type\":\"WebPage\",\"@id\":\"https:\/\/yecora.com\/es\/faq\/\",\"url\":\"https:\/\/yecora.com\/es\/faq\/\",\"name\":\"FaQ - Yecora Patent Agency\",\"isPartOf\":{\"@id\":\"https:\/\/yecora.com\/#website\"},\"primaryImageOfPage\":{\"@id\":\"https:\/\/yecora.com\/es\/faq\/#primaryimage\"},\"image\":{\"@id\":\"https:\/\/yecora.com\/es\/faq\/#primaryimage\"},\"thumbnailUrl\":\"https:\/\/yecora.com\/wp-content\/uploads\/2023\/07\/cel-vaixells-yecora.jpg\",\"datePublished\":\"2022-04-13T00:16:51+00:00\",\"dateModified\":\"2023-07-27T15:27:29+00:00\",\"breadcrumb\":{\"@id\":\"https:\/\/yecora.com\/es\/faq\/#breadcrumb\"},\"inLanguage\":\"es\",\"potentialAction\":[{\"@type\":\"ReadAction\",\"target\":[\"https:\/\/yecora.com\/es\/faq\/\"]}]},{\"@type\":\"ImageObject\",\"inLanguage\":\"es\",\"@id\":\"https:\/\/yecora.com\/es\/faq\/#primaryimage\",\"url\":\"https:\/\/yecora.com\/wp-content\/uploads\/2023\/07\/cel-vaixells-yecora.jpg\",\"contentUrl\":\"https:\/\/yecora.com\/wp-content\/uploads\/2023\/07\/cel-vaixells-yecora.jpg\",\"width\":2500,\"height\":1875,\"caption\":\"Cloudscape on the beach at the North Sea\"},{\"@type\":\"BreadcrumbList\",\"@id\":\"https:\/\/yecora.com\/es\/faq\/#breadcrumb\",\"itemListElement\":[{\"@type\":\"ListItem\",\"position\":1,\"name\":\"Inici\",\"item\":\"https:\/\/yecora.com\/es\/inicio\/\"},{\"@type\":\"ListItem\",\"position\":2,\"name\":\"FaQ\"}]},{\"@type\":\"WebSite\",\"@id\":\"https:\/\/yecora.com\/#website\",\"url\":\"https:\/\/yecora.com\/\",\"name\":\"Yecora Patent Agency\",\"description\":\"Agentes patentes y marcas, Agencia de patentes, Barcelona, Marcas UE, Marcas Uni\u00f3n Europea, Dise\u00f1os UE, Marcas internacionales, Patentes Barcelona, Propiedad Intelectual, Propiedad Industrial, Derechos de autor, Patentes, Copyright, Agents patents i marques, Ag\u00e8ncia de patents, Barcelona, Marques UE, Marques Uni\u00f3 Europea, Dissenys UE, Marques internacionals, Patents Barcelona, Propietat Intel\u00b7lectual, Propietat Industrial, Drets d&#039;autor, Patents, Copyright, Patent and trademark agents, Patent Agency, Barcelona, EU Trademarks, European Union Trademarks, EU Designs, International Trademarks, Barcelona Patents, Intellectual Property, Industrial Property, Copyright, Patents, Copyright\",\"publisher\":{\"@id\":\"https:\/\/yecora.com\/#organization\"},\"potentialAction\":[{\"@type\":\"SearchAction\",\"target\":{\"@type\":\"EntryPoint\",\"urlTemplate\":\"https:\/\/yecora.com\/?s={search_term_string}\"},\"query-input\":{\"@type\":\"PropertyValueSpecification\",\"valueRequired\":true,\"valueName\":\"search_term_string\"}}],\"inLanguage\":\"es\"},{\"@type\":\"Organization\",\"@id\":\"https:\/\/yecora.com\/#organization\",\"name\":\"Yecora Patent Agency\",\"alternateName\":\"Yecora\",\"url\":\"https:\/\/yecora.com\/\",\"logo\":{\"@type\":\"ImageObject\",\"inLanguage\":\"es\",\"@id\":\"https:\/\/yecora.com\/#\/schema\/logo\/image\/\",\"url\":\"https:\/\/yecora.com\/wp-content\/uploads\/2023\/05\/logo_yecora_patent_agency.png\",\"contentUrl\":\"https:\/\/yecora.com\/wp-content\/uploads\/2023\/05\/logo_yecora_patent_agency.png\",\"width\":210,\"height\":66,\"caption\":\"Yecora Patent Agency\"},\"image\":{\"@id\":\"https:\/\/yecora.com\/#\/schema\/logo\/image\/\"}}]}<\/script>\n<!-- \/ Yoast SEO plugin. -->","yoast_head_json":{"title":"FaQ - Yecora Patent Agency","robots":{"index":"index","follow":"follow","max-snippet":"max-snippet:-1","max-image-preview":"max-image-preview:large","max-video-preview":"max-video-preview:-1"},"canonical":"https:\/\/yecora.com\/es\/faq\/","og_locale":"es_ES","og_type":"article","og_title":"FaQ - Yecora Patent Agency","og_description":"01 \u00bfPor qu\u00e9 gestionar la Propiedad Industrial de mi empresa? Es necesario gestionar la Propiedad Industrial de las empresas de la misma forma que es necesario gestionar el resto de ... Leer m\u00e1s","og_url":"https:\/\/yecora.com\/es\/faq\/","og_site_name":"Yecora Patent Agency","article_modified_time":"2023-07-27T15:27:29+00:00","og_image":[{"width":1800,"height":1350,"url":"https:\/\/yecora.com\/wp-content\/uploads\/2023\/07\/cel-vaixells-yecora-1800x1350.jpg","type":"image\/jpeg"}],"twitter_card":"summary_large_image","twitter_misc":{"Tiempo de lectura":"5 minutos"},"schema":{"@context":"https:\/\/schema.org","@graph":[{"@type":"WebPage","@id":"https:\/\/yecora.com\/es\/faq\/","url":"https:\/\/yecora.com\/es\/faq\/","name":"FaQ - Yecora Patent Agency","isPartOf":{"@id":"https:\/\/yecora.com\/#website"},"primaryImageOfPage":{"@id":"https:\/\/yecora.com\/es\/faq\/#primaryimage"},"image":{"@id":"https:\/\/yecora.com\/es\/faq\/#primaryimage"},"thumbnailUrl":"https:\/\/yecora.com\/wp-content\/uploads\/2023\/07\/cel-vaixells-yecora.jpg","datePublished":"2022-04-13T00:16:51+00:00","dateModified":"2023-07-27T15:27:29+00:00","breadcrumb":{"@id":"https:\/\/yecora.com\/es\/faq\/#breadcrumb"},"inLanguage":"es","potentialAction":[{"@type":"ReadAction","target":["https:\/\/yecora.com\/es\/faq\/"]}]},{"@type":"ImageObject","inLanguage":"es","@id":"https:\/\/yecora.com\/es\/faq\/#primaryimage","url":"https:\/\/yecora.com\/wp-content\/uploads\/2023\/07\/cel-vaixells-yecora.jpg","contentUrl":"https:\/\/yecora.com\/wp-content\/uploads\/2023\/07\/cel-vaixells-yecora.jpg","width":2500,"height":1875,"caption":"Cloudscape on the beach at the North Sea"},{"@type":"BreadcrumbList","@id":"https:\/\/yecora.com\/es\/faq\/#breadcrumb","itemListElement":[{"@type":"ListItem","position":1,"name":"Inici","item":"https:\/\/yecora.com\/es\/inicio\/"},{"@type":"ListItem","position":2,"name":"FaQ"}]},{"@type":"WebSite","@id":"https:\/\/yecora.com\/#website","url":"https:\/\/yecora.com\/","name":"Yecora Patent Agency","description":"Agentes patentes y marcas, Agencia de patentes, Barcelona, Marcas UE, Marcas Uni\u00f3n Europea, Dise\u00f1os UE, Marcas internacionales, Patentes Barcelona, Propiedad Intelectual, Propiedad Industrial, Derechos de autor, Patentes, Copyright, Agents patents i marques, Ag\u00e8ncia de patents, Barcelona, Marques UE, Marques Uni\u00f3 Europea, Dissenys UE, Marques internacionals, Patents Barcelona, Propietat Intel\u00b7lectual, Propietat Industrial, Drets d&#039;autor, Patents, Copyright, Patent and trademark agents, Patent Agency, Barcelona, EU Trademarks, European Union Trademarks, EU Designs, International Trademarks, Barcelona Patents, Intellectual Property, Industrial Property, Copyright, Patents, Copyright","publisher":{"@id":"https:\/\/yecora.com\/#organization"},"potentialAction":[{"@type":"SearchAction","target":{"@type":"EntryPoint","urlTemplate":"https:\/\/yecora.com\/?s={search_term_string}"},"query-input":{"@type":"PropertyValueSpecification","valueRequired":true,"valueName":"search_term_string"}}],"inLanguage":"es"},{"@type":"Organization","@id":"https:\/\/yecora.com\/#organization","name":"Yecora Patent Agency","alternateName":"Yecora","url":"https:\/\/yecora.com\/","logo":{"@type":"ImageObject","inLanguage":"es","@id":"https:\/\/yecora.com\/#\/schema\/logo\/image\/","url":"https:\/\/yecora.com\/wp-content\/uploads\/2023\/05\/logo_yecora_patent_agency.png","contentUrl":"https:\/\/yecora.com\/wp-content\/uploads\/2023\/05\/logo_yecora_patent_agency.png","width":210,"height":66,"caption":"Yecora Patent Agency"},"image":{"@id":"https:\/\/yecora.com\/#\/schema\/logo\/image\/"}}]}},"_links":{"self":[{"href":"https:\/\/yecora.com\/es\/wp-json\/wp\/v2\/pages\/3692","targetHints":{"allow":["GET"]}}],"collection":[{"href":"https:\/\/yecora.com\/es\/wp-json\/wp\/v2\/pages"}],"about":[{"href":"https:\/\/yecora.com\/es\/wp-json\/wp\/v2\/types\/page"}],"author":[{"embeddable":true,"href":"https:\/\/yecora.com\/es\/wp-json\/wp\/v2\/users\/1"}],"replies":[{"embeddable":true,"href":"https:\/\/yecora.com\/es\/wp-json\/wp\/v2\/comments?post=3692"}],"version-history":[{"count":0,"href":"https:\/\/yecora.com\/es\/wp-json\/wp\/v2\/pages\/3692\/revisions"}],"wp:featuredmedia":[{"embeddable":true,"href":"https:\/\/yecora.com\/es\/wp-json\/wp\/v2\/media\/3406"}],"wp:attachment":[{"href":"https:\/\/yecora.com\/es\/wp-json\/wp\/v2\/media?parent=3692"}],"curies":[{"name":"wp","href":"https:\/\/api.w.org\/{rel}","templated":true}]}}