{"id":3629,"date":"2022-04-13T00:09:12","date_gmt":"2022-04-13T00:09:12","guid":{"rendered":"https:\/\/yecora.com\/empresa\/"},"modified":"2023-07-27T15:27:03","modified_gmt":"2023-07-27T15:27:03","slug":"empresa","status":"publish","type":"page","link":"https:\/\/yecora.com\/es\/empresa\/","title":{"rendered":"Empresa"},"content":{"rendered":"<div class=\"gb-container gb-container-0cad5f4b alignfull\">\n<div class=\"gb-container gb-container-3b0bd832\">\n<div class=\"gb-container gb-container-ffda7ded\">\n<div class=\"gb-grid-wrapper gb-grid-wrapper-6d0f73bb\">\n<div class=\"gb-grid-column gb-grid-column-d17fed65\"><div class=\"gb-container gb-container-d17fed65\">\n\n<h3 class=\"gb-headline gb-headline-91fdde29 gb-headline-text\">La vocaci\u00f3n y la actividad de nuestra empresa es la de aportar a nuestros clientes un servicio global en materia de Protecci\u00f3n de sus activos de Propiedad Intelectual.<\/h3>\n\n<\/div><\/div>\n\n<div class=\"gb-grid-column gb-grid-column-15a4d89b\"><div class=\"gb-container gb-container-15a4d89b\">\n\n<p class=\"gb-headline gb-headline-a6a6e1b2 gb-headline-text\">Combinamos imaginaci\u00f3n y experiencia profesional, para dar servicio a nuestros clientes a la hora de establecer una estrategia de protecci\u00f3n individualizada para sus activos en Propiedad Industrial: Marcas, Dise\u00f1os, Patentes y Copyrights.<\/p>\n\n<\/div><\/div>\n<\/div>\n<\/div>\n<\/div>\n<\/div><section class=\"gb-container gb-container-b462cc64 alignfull\">\n<div class=\"gb-container gb-container-d9b52979\">\n<div class=\"gb-container gb-container-1d412c02\" style=\"--background-image: url(https:\/\/yecora.com\/wp-content\/uploads\/2023\/06\/IMG_0423-1-scaled.jpg);\">\n\n<p class=\"gb-headline gb-headline-fdf102ac gb-headline-text\">Por esta raz\u00f3n tenemos muy presente el concepto de Propiedad Industrial, entendido fundamentalmente como el \u00abPatrimonio Empresarial\u00bb en torno al que giran las decisiones subordinadas de:<\/p>\n\n<\/div>\n\n<div class=\"gb-container gb-container-12479548\">\n\n<p class=\"gb-headline gb-headline-96fb42f7\"><span class=\"gb-icon\"><svg xmlns=\"http:\/\/www.w3.org\/2000\/svg\" aria-hidden=\"true\" role=\"img\" height=\"1em\" width=\"1em\" viewbox=\"0 0 512 512\"><path fill=\"currentColor\" d=\"M256 56c110.532 0 200 89.451 200 200 0 110.532-89.451 200-200 200-110.532 0-200-89.451-200-200 0-110.532 89.451-200 200-200m0-48C119.033 8 8 119.033 8 256s111.033 248 248 248 248-111.033 248-248S392.967 8 256 8zm0 168c-44.183 0-80 35.817-80 80s35.817 80 80 80 80-35.817 80-80-35.817-80-80-80z\"><\/path><\/svg><\/span><span class=\"gb-headline-text\">La protecci\u00f3n jur\u00eddica adecuada  <\/span><\/p>\n\n\n\n<p class=\"gb-headline gb-headline-e97c911e\"><span class=\"gb-icon\"><svg xmlns=\"http:\/\/www.w3.org\/2000\/svg\" aria-hidden=\"true\" role=\"img\" height=\"1em\" width=\"1em\" viewbox=\"0 0 512 512\"><path fill=\"currentColor\" d=\"M256 56c110.532 0 200 89.451 200 200 0 110.532-89.451 200-200 200-110.532 0-200-89.451-200-200 0-110.532 89.451-200 200-200m0-48C119.033 8 8 119.033 8 256s111.033 248 248 248 248-111.033 248-248S392.967 8 256 8zm0 168c-44.183 0-80 35.817-80 80s35.817 80 80 80 80-35.817 80-80-35.817-80-80-80z\"><\/path><\/svg><\/span><span class=\"gb-headline-text\">Su gesti\u00f3n administrativa  <\/span><\/p>\n\n\n\n<p class=\"gb-headline gb-headline-a63cfb8a\"><span class=\"gb-icon\"><svg xmlns=\"http:\/\/www.w3.org\/2000\/svg\" aria-hidden=\"true\" role=\"img\" height=\"1em\" width=\"1em\" viewbox=\"0 0 512 512\"><path fill=\"currentColor\" d=\"M256 56c110.532 0 200 89.451 200 200 0 110.532-89.451 200-200 200-110.532 0-200-89.451-200-200 0-110.532 89.451-200 200-200m0-48C119.033 8 8 119.033 8 256s111.033 248 248 248 248-111.033 248-248S392.967 8 256 8zm0 168c-44.183 0-80 35.817-80 80s35.817 80 80 80 80-35.817 80-80-35.817-80-80-80z\"><\/path><\/svg><\/span><span class=\"gb-headline-text\">Su defensa frente a terceros  <\/span><\/p>\n\n\n\n<p class=\"gb-headline gb-headline-73024afb gb-headline-text\">Este enfoque nos hace orientar nuestros servicios a satisfacer las necesidades de nuestros clientes (las empresas) vistos como un todo, y no a cada una de sus marcas o patentes por separado. Y siempre con la conciencia de estar en un contexto mundial de competencia.  <\/p>\n\n<\/div>\n<\/div>\n<\/section>","protected":false},"excerpt":{"rendered":"<p>Por esta raz\u00f3n tenemos muy presente el concepto de Propiedad Industrial, entendido fundamentalmente como el \u00abPatrimonio Empresarial\u00bb en torno al que giran las decisiones subordinadas de: La protecci\u00f3n jur\u00eddica adecuada &#8230; <\/p>\n<p class=\"read-more-container\"><a title=\"Empresa\" class=\"read-more button\" href=\"https:\/\/yecora.com\/es\/empresa\/#more-3629\" aria-label=\"Leer m\u00e1s sobre Empresa\">Leer m\u00e1s<\/a><\/p>\n","protected":false},"author":1,"featured_media":3382,"parent":0,"menu_order":0,"comment_status":"closed","ping_status":"closed","template":"","meta":{"om_disable_all_campaigns":false,"_monsterinsights_skip_tracking":false,"_monsterinsights_sitenote_active":false,"_monsterinsights_sitenote_note":"","_monsterinsights_sitenote_category":0,"footnotes":""},"class_list":{"0":"post-3629","1":"page","2":"type-page","3":"status-publish","4":"has-post-thumbnail","6":"infinite-scroll-item","7":"resize-featured-image"},"yoast_head":"<!-- This site is optimized with the Yoast SEO plugin v24.2 - https:\/\/yoast.com\/wordpress\/plugins\/seo\/ -->\n<title>Empresa - Yecora Patent Agency<\/title>\n<meta name=\"robots\" content=\"index, follow, max-snippet:-1, max-image-preview:large, max-video-preview:-1\" \/>\n<link rel=\"canonical\" href=\"https:\/\/yecora.com\/es\/empresa\/\" \/>\n<meta property=\"og:locale\" content=\"es_ES\" \/>\n<meta property=\"og:type\" content=\"article\" \/>\n<meta property=\"og:title\" content=\"Empresa - Yecora Patent Agency\" \/>\n<meta property=\"og:description\" content=\"Por esta raz\u00f3n tenemos muy presente el concepto de Propiedad Industrial, entendido fundamentalmente como el \u00abPatrimonio Empresarial\u00bb en torno al que giran las decisiones subordinadas de: La protecci\u00f3n jur\u00eddica adecuada ... Leer m\u00e1s\" \/>\n<meta property=\"og:url\" content=\"https:\/\/yecora.com\/es\/empresa\/\" \/>\n<meta property=\"og:site_name\" content=\"Yecora Patent Agency\" \/>\n<meta property=\"article:modified_time\" content=\"2023-07-27T15:27:03+00:00\" \/>\n<meta property=\"og:image\" content=\"https:\/\/yecora.com\/wp-content\/uploads\/2023\/07\/yecora-barcelona-empresa-scaled.jpeg\" \/>\n\t<meta property=\"og:image:width\" content=\"2560\" \/>\n\t<meta property=\"og:image:height\" content=\"1920\" \/>\n\t<meta property=\"og:image:type\" content=\"image\/jpeg\" \/>\n<meta name=\"twitter:card\" content=\"summary_large_image\" \/>\n<meta name=\"twitter:label1\" content=\"Tiempo de lectura\" \/>\n\t<meta name=\"twitter:data1\" content=\"1 minuto\" \/>\n<script type=\"application\/ld+json\" class=\"yoast-schema-graph\">{\"@context\":\"https:\/\/schema.org\",\"@graph\":[{\"@type\":\"WebPage\",\"@id\":\"https:\/\/yecora.com\/es\/empresa\/\",\"url\":\"https:\/\/yecora.com\/es\/empresa\/\",\"name\":\"Empresa - Yecora Patent Agency\",\"isPartOf\":{\"@id\":\"https:\/\/yecora.com\/#website\"},\"primaryImageOfPage\":{\"@id\":\"https:\/\/yecora.com\/es\/empresa\/#primaryimage\"},\"image\":{\"@id\":\"https:\/\/yecora.com\/es\/empresa\/#primaryimage\"},\"thumbnailUrl\":\"https:\/\/yecora.com\/wp-content\/uploads\/2023\/07\/yecora-barcelona-empresa-scaled.jpeg\",\"datePublished\":\"2022-04-13T00:09:12+00:00\",\"dateModified\":\"2023-07-27T15:27:03+00:00\",\"breadcrumb\":{\"@id\":\"https:\/\/yecora.com\/es\/empresa\/#breadcrumb\"},\"inLanguage\":\"es\",\"potentialAction\":[{\"@type\":\"ReadAction\",\"target\":[\"https:\/\/yecora.com\/es\/empresa\/\"]}]},{\"@type\":\"ImageObject\",\"inLanguage\":\"es\",\"@id\":\"https:\/\/yecora.com\/es\/empresa\/#primaryimage\",\"url\":\"https:\/\/yecora.com\/wp-content\/uploads\/2023\/07\/yecora-barcelona-empresa-scaled.jpeg\",\"contentUrl\":\"https:\/\/yecora.com\/wp-content\/uploads\/2023\/07\/yecora-barcelona-empresa-scaled.jpeg\",\"width\":2560,\"height\":1920},{\"@type\":\"BreadcrumbList\",\"@id\":\"https:\/\/yecora.com\/es\/empresa\/#breadcrumb\",\"itemListElement\":[{\"@type\":\"ListItem\",\"position\":1,\"name\":\"Inici\",\"item\":\"https:\/\/yecora.com\/es\/inicio\/\"},{\"@type\":\"ListItem\",\"position\":2,\"name\":\"Empresa\"}]},{\"@type\":\"WebSite\",\"@id\":\"https:\/\/yecora.com\/#website\",\"url\":\"https:\/\/yecora.com\/\",\"name\":\"Yecora Patent Agency\",\"description\":\"Agentes patentes y marcas, Agencia de patentes, Barcelona, Marcas UE, Marcas Uni\u00f3n Europea, Dise\u00f1os UE, Marcas internacionales, Patentes Barcelona, Propiedad Intelectual, Propiedad Industrial, Derechos de autor, Patentes, Copyright, Agents patents i marques, Ag\u00e8ncia de patents, Barcelona, Marques UE, Marques Uni\u00f3 Europea, Dissenys UE, Marques internacionals, Patents Barcelona, Propietat Intel\u00b7lectual, Propietat Industrial, Drets d&#039;autor, Patents, Copyright, Patent and trademark agents, Patent Agency, Barcelona, EU Trademarks, European Union Trademarks, EU Designs, International Trademarks, Barcelona Patents, Intellectual Property, Industrial Property, Copyright, Patents, Copyright\",\"publisher\":{\"@id\":\"https:\/\/yecora.com\/#organization\"},\"potentialAction\":[{\"@type\":\"SearchAction\",\"target\":{\"@type\":\"EntryPoint\",\"urlTemplate\":\"https:\/\/yecora.com\/?s={search_term_string}\"},\"query-input\":{\"@type\":\"PropertyValueSpecification\",\"valueRequired\":true,\"valueName\":\"search_term_string\"}}],\"inLanguage\":\"es\"},{\"@type\":\"Organization\",\"@id\":\"https:\/\/yecora.com\/#organization\",\"name\":\"Yecora Patent Agency\",\"alternateName\":\"Yecora\",\"url\":\"https:\/\/yecora.com\/\",\"logo\":{\"@type\":\"ImageObject\",\"inLanguage\":\"es\",\"@id\":\"https:\/\/yecora.com\/#\/schema\/logo\/image\/\",\"url\":\"https:\/\/yecora.com\/wp-content\/uploads\/2023\/05\/logo_yecora_patent_agency.png\",\"contentUrl\":\"https:\/\/yecora.com\/wp-content\/uploads\/2023\/05\/logo_yecora_patent_agency.png\",\"width\":210,\"height\":66,\"caption\":\"Yecora Patent Agency\"},\"image\":{\"@id\":\"https:\/\/yecora.com\/#\/schema\/logo\/image\/\"}}]}<\/script>\n<!-- \/ Yoast SEO plugin. -->","yoast_head_json":{"title":"Empresa - Yecora Patent Agency","robots":{"index":"index","follow":"follow","max-snippet":"max-snippet:-1","max-image-preview":"max-image-preview:large","max-video-preview":"max-video-preview:-1"},"canonical":"https:\/\/yecora.com\/es\/empresa\/","og_locale":"es_ES","og_type":"article","og_title":"Empresa - Yecora Patent Agency","og_description":"Por esta raz\u00f3n tenemos muy presente el concepto de Propiedad Industrial, entendido fundamentalmente como el \u00abPatrimonio Empresarial\u00bb en torno al que giran las decisiones subordinadas de: La protecci\u00f3n jur\u00eddica adecuada ... Leer m\u00e1s","og_url":"https:\/\/yecora.com\/es\/empresa\/","og_site_name":"Yecora Patent Agency","article_modified_time":"2023-07-27T15:27:03+00:00","og_image":[{"width":2560,"height":1920,"url":"https:\/\/yecora.com\/wp-content\/uploads\/2023\/07\/yecora-barcelona-empresa-scaled.jpeg","type":"image\/jpeg"}],"twitter_card":"summary_large_image","twitter_misc":{"Tiempo de lectura":"1 minuto"},"schema":{"@context":"https:\/\/schema.org","@graph":[{"@type":"WebPage","@id":"https:\/\/yecora.com\/es\/empresa\/","url":"https:\/\/yecora.com\/es\/empresa\/","name":"Empresa - Yecora Patent Agency","isPartOf":{"@id":"https:\/\/yecora.com\/#website"},"primaryImageOfPage":{"@id":"https:\/\/yecora.com\/es\/empresa\/#primaryimage"},"image":{"@id":"https:\/\/yecora.com\/es\/empresa\/#primaryimage"},"thumbnailUrl":"https:\/\/yecora.com\/wp-content\/uploads\/2023\/07\/yecora-barcelona-empresa-scaled.jpeg","datePublished":"2022-04-13T00:09:12+00:00","dateModified":"2023-07-27T15:27:03+00:00","breadcrumb":{"@id":"https:\/\/yecora.com\/es\/empresa\/#breadcrumb"},"inLanguage":"es","potentialAction":[{"@type":"ReadAction","target":["https:\/\/yecora.com\/es\/empresa\/"]}]},{"@type":"ImageObject","inLanguage":"es","@id":"https:\/\/yecora.com\/es\/empresa\/#primaryimage","url":"https:\/\/yecora.com\/wp-content\/uploads\/2023\/07\/yecora-barcelona-empresa-scaled.jpeg","contentUrl":"https:\/\/yecora.com\/wp-content\/uploads\/2023\/07\/yecora-barcelona-empresa-scaled.jpeg","width":2560,"height":1920},{"@type":"BreadcrumbList","@id":"https:\/\/yecora.com\/es\/empresa\/#breadcrumb","itemListElement":[{"@type":"ListItem","position":1,"name":"Inici","item":"https:\/\/yecora.com\/es\/inicio\/"},{"@type":"ListItem","position":2,"name":"Empresa"}]},{"@type":"WebSite","@id":"https:\/\/yecora.com\/#website","url":"https:\/\/yecora.com\/","name":"Yecora Patent Agency","description":"Agentes patentes y marcas, Agencia de patentes, Barcelona, Marcas UE, Marcas Uni\u00f3n Europea, Dise\u00f1os UE, Marcas internacionales, Patentes Barcelona, Propiedad Intelectual, Propiedad Industrial, Derechos de autor, Patentes, Copyright, Agents patents i marques, Ag\u00e8ncia de patents, Barcelona, Marques UE, Marques Uni\u00f3 Europea, Dissenys UE, Marques internacionals, Patents Barcelona, Propietat Intel\u00b7lectual, Propietat Industrial, Drets d&#039;autor, Patents, Copyright, Patent and trademark agents, Patent Agency, Barcelona, EU Trademarks, European Union Trademarks, EU Designs, International Trademarks, Barcelona Patents, Intellectual Property, Industrial Property, Copyright, Patents, Copyright","publisher":{"@id":"https:\/\/yecora.com\/#organization"},"potentialAction":[{"@type":"SearchAction","target":{"@type":"EntryPoint","urlTemplate":"https:\/\/yecora.com\/?s={search_term_string}"},"query-input":{"@type":"PropertyValueSpecification","valueRequired":true,"valueName":"search_term_string"}}],"inLanguage":"es"},{"@type":"Organization","@id":"https:\/\/yecora.com\/#organization","name":"Yecora Patent Agency","alternateName":"Yecora","url":"https:\/\/yecora.com\/","logo":{"@type":"ImageObject","inLanguage":"es","@id":"https:\/\/yecora.com\/#\/schema\/logo\/image\/","url":"https:\/\/yecora.com\/wp-content\/uploads\/2023\/05\/logo_yecora_patent_agency.png","contentUrl":"https:\/\/yecora.com\/wp-content\/uploads\/2023\/05\/logo_yecora_patent_agency.png","width":210,"height":66,"caption":"Yecora Patent Agency"},"image":{"@id":"https:\/\/yecora.com\/#\/schema\/logo\/image\/"}}]}},"_links":{"self":[{"href":"https:\/\/yecora.com\/es\/wp-json\/wp\/v2\/pages\/3629","targetHints":{"allow":["GET"]}}],"collection":[{"href":"https:\/\/yecora.com\/es\/wp-json\/wp\/v2\/pages"}],"about":[{"href":"https:\/\/yecora.com\/es\/wp-json\/wp\/v2\/types\/page"}],"author":[{"embeddable":true,"href":"https:\/\/yecora.com\/es\/wp-json\/wp\/v2\/users\/1"}],"replies":[{"embeddable":true,"href":"https:\/\/yecora.com\/es\/wp-json\/wp\/v2\/comments?post=3629"}],"version-history":[{"count":0,"href":"https:\/\/yecora.com\/es\/wp-json\/wp\/v2\/pages\/3629\/revisions"}],"wp:featuredmedia":[{"embeddable":true,"href":"https:\/\/yecora.com\/es\/wp-json\/wp\/v2\/media\/3382"}],"wp:attachment":[{"href":"https:\/\/yecora.com\/es\/wp-json\/wp\/v2\/media?parent=3629"}],"curies":[{"name":"wp","href":"https:\/\/api.w.org\/{rel}","templated":true}]}}